{"id":1110,"date":"2022-07-04T09:06:30","date_gmt":"2022-07-04T07:06:30","guid":{"rendered":"https:\/\/www.npkrka.hr\/?page_id=1110"},"modified":"2022-09-27T11:09:48","modified_gmt":"2022-09-27T09:09:48","slug":"vidikovac-brljan","status":"publish","type":"page","link":"https:\/\/npkrka.hr\/hr\/posjeti\/vidikovci\/vidikovac-brljan\/","title":{"rendered":"Vidikovac Brljan"},"content":{"rendered":"<section class=\"elementor-section elementor-inner-section elementor-element elementor-element-2b1c4193 elementor-section-boxed elementor-section-height-default elementor-section-height-default\" data-id=\"2b1c4193\" data-element_type=\"section\">\n<div class=\"elementor-container elementor-column-gap-default\">\n<div class=\"elementor-column elementor-col-100 elementor-inner-column elementor-element elementor-element-4b930ba6\" data-id=\"4b930ba6\" data-element_type=\"column\">\n<div class=\"elementor-widget-wrap elementor-element-populated\">\n<div class=\"elementor-element elementor-element-3d5ce80f elementor-widget elementor-widget-text-editor\" data-id=\"3d5ce80f\" data-element_type=\"widget\" data-widget_type=\"text-editor.default\">\n<div class=\"elementor-widget-container\">\n<p><strong>Uhvatite osebujnu (ljetnu) rasko\u0161 Krke pogledom s vidikovaca: Brljan<\/strong><\/p>\n<p>Kada prije\u0111ete rijeku Krku na prijelazu koji je jo\u0161 u anti\u010dko doba bio dio mre\u017ee rimskih putova na prostoru izme\u0111u Bukovice i Promine, pogled na vrh serpentina na desnoj, bukovi\u010dkoj strani natjerat \u0107e vas da se zaustavite. Tu se nalazi malo odmori\u0161te s ure\u0111enim vidikovcem s pogledom na Brljan. Smatra se da je tim putom pro\u0161ao i car Trajan za svoga pohoda na Da\u010dane. Jer Brljanu iza le\u0111a nalazi se Burnum, rimski vojni logor i naselje, koje je narod dugo zvao \u201eTrajanski grad\u201c.<\/p>\n<p>Cijeli taj prostor odi\u0161e burnom pro\u0161lo\u0161\u0107u, vremenima u kojima je rijeka dijelila plemena i narode a s dana\u0161njih \u00a0vidikovaca nadzirani su protivnici. I danas se upravo s toga mjesta u Puljanima, na lijevoj obali Krke, vide ostaci pretpovijesne gradine, sredi\u0161ta liburnske zajednice Burnistae.<\/p>\n<p>S toga vidikovca vidi se bujno submediteransko raslinje, koje skriva nekada\u0161nje vodenice, male pa\u0161njake i kultivirana polja. Tu Krka postaje pitomija. Sam slap Brljan u toplom je dijelu godine suh. Na njega se nadovezuje jezero, nastalo izgradnjom brane, koja ujezeruje tok uzvodno u du\u017eini od 1,3 km. Brljansko jezero (\u0106ori\u0107a jezero, Bjelober) \u0161iroko je 400 a dugo 1 300 m. Sna\u017ean dojam na posjetitelje ostavljaju \u0161irina otvorena prostora pod vidikovcem i osje\u0107aj slobode koji takav pogled izaziva.<\/p>\n<p><img decoding=\"async\" class=\"alignnone size-full wp-image-1111\" src=\"https:\/\/www.npkrka.hr\/wp-content\/uploads\/Vidikovac-Brljan-1.jpg\" alt=\"\" width=\"100%\" srcset=\"https:\/\/npkrka.hr\/wp-content\/uploads\/Vidikovac-Brljan-1.jpg 1839w, https:\/\/npkrka.hr\/wp-content\/uploads\/Vidikovac-Brljan-1-300x200.jpg 300w, https:\/\/npkrka.hr\/wp-content\/uploads\/Vidikovac-Brljan-1-1024x684.jpg 1024w, https:\/\/npkrka.hr\/wp-content\/uploads\/Vidikovac-Brljan-1-768x513.jpg 768w, https:\/\/npkrka.hr\/wp-content\/uploads\/Vidikovac-Brljan-1-1536x1026.jpg 1536w\" sizes=\"(max-width: 1839px) 100vw, 1839px\" \/><\/p>\n<\/div>\n<\/div>\n<\/div>\n<\/div>\n<\/div>\n<\/section>\n","protected":false},"excerpt":{"rendered":"<p>Uhvatite osebujnu (ljetnu) rasko\u0161 Krke pogledom s vidikovaca: Brljan<\/p>\n","protected":false},"author":1,"featured_media":1111,"parent":106,"menu_order":4,"comment_status":"closed","ping_status":"closed","template":"","meta":{"footnotes":""},"class_list":["post-1110","page","type-page","status-publish","has-post-thumbnail","hentry"],"_links":{"self":[{"href":"https:\/\/npkrka.hr\/hr\/wp-json\/wp\/v2\/pages\/1110","targetHints":{"allow":["GET"]}}],"collection":[{"href":"https:\/\/npkrka.hr\/hr\/wp-json\/wp\/v2\/pages"}],"about":[{"href":"https:\/\/npkrka.hr\/hr\/wp-json\/wp\/v2\/types\/page"}],"author":[{"embeddable":true,"href":"https:\/\/npkrka.hr\/hr\/wp-json\/wp\/v2\/users\/1"}],"replies":[{"embeddable":true,"href":"https:\/\/npkrka.hr\/hr\/wp-json\/wp\/v2\/comments?post=1110"}],"version-history":[{"count":0,"href":"https:\/\/npkrka.hr\/hr\/wp-json\/wp\/v2\/pages\/1110\/revisions"}],"up":[{"embeddable":true,"href":"https:\/\/npkrka.hr\/hr\/wp-json\/wp\/v2\/pages\/106"}],"wp:featuredmedia":[{"embeddable":true,"href":"https:\/\/npkrka.hr\/hr\/wp-json\/wp\/v2\/media\/1111"}],"wp:attachment":[{"href":"https:\/\/npkrka.hr\/hr\/wp-json\/wp\/v2\/media?parent=1110"}],"curies":[{"name":"wp","href":"https:\/\/api.w.org\/{rel}","templated":true}]}}