{"id":1102,"date":"2022-07-04T08:57:46","date_gmt":"2022-07-04T06:57:46","guid":{"rendered":"https:\/\/www.npkrka.hr\/?page_id=1102"},"modified":"2022-09-27T10:58:42","modified_gmt":"2022-09-27T08:58:42","slug":"vidikovac-visovac","status":"publish","type":"page","link":"https:\/\/npkrka.hr\/hr\/posjeti\/vidikovci\/vidikovac-visovac\/","title":{"rendered":"Vidikovac Visovac"},"content":{"rendered":"<section class=\"elementor-section elementor-inner-section elementor-element elementor-element-61ecaa54 elementor-section-boxed elementor-section-height-default elementor-section-height-default\" data-id=\"61ecaa54\" data-element_type=\"section\">\n<div class=\"elementor-container elementor-column-gap-default\">\n<div class=\"elementor-column elementor-col-100 elementor-inner-column elementor-element elementor-element-529aef\" data-id=\"529aef\" data-element_type=\"column\">\n<div class=\"elementor-widget-wrap elementor-element-populated\">\n<div class=\"elementor-element elementor-element-46b3b592 elementor-widget elementor-widget-text-editor\" data-id=\"46b3b592\" data-element_type=\"widget\" data-widget_type=\"text-editor.default\">\n<div class=\"elementor-widget-container\">\n<p><strong>Uhvatite osebujnu (ljetnu) rasko\u0161 Krke pogledom s vidikovaca: Visovac<\/strong><\/p>\n<p>Otok Visovac, \u0161to se, okru\u017een prepoznatljivom vizurom jablanova, odmara na mirnom, ujezerenom dijelu rijeke, prizor je u kojem mo\u017eete u\u017eivati s nekoliko mjesta na obalama Krke. Na vidikovcu, pogleda uprtog u taj \u201eGospin otok\u201c, stoji i Petar Sva\u010di\u0107, posljednji narodni hrvatski kralj, dr\u017ee\u0107i u jednoj ruci ma\u010d, u drugoj \u0161tit.<\/p>\n<p>Prema legendi, u gradu Kami\u010dku, podignutom iznad klisure nad Krkom, na podru\u010dju Miljevaca, uz rub sela Bri\u0161tane, ro\u0111en je Petar Sva\u010di\u0107, posljednji kralj hrvatske krvi. Godine 2002., u povodu proslave 900. obljetnice njegove pogibije, podignut mu je spomenik na vrhu Visova\u010dke brine, rad akademskog kipara Ka\u017eimira Hraste.<\/p>\n<p>Od ovog vidikovca spu\u0161taju se serpentine koje vode do Stinica, gdje se nalazi pristani\u0161te brodova koji putnike i hodo\u010dasnike prevoze do Visovca. Tu neslu\u017ebeno po\u010dinje misti\u010dni srednji tok rijeke Krke. Taj dojam prvi nagovje\u0161\u0107uje \u201eGospin otok\u201c Visovac, \u201ebijela stijena\u201c usred jezera na kojoj od 15. stolje\u0107a \u017eive i mole franjevci.<\/p>\n<p>Zato je ovaj vidikovac idealan da malo zastanete i divite se otvorenosti prostora, prije negoli se zaputite do samog otoka ili kroz stoljetnu \u0161umu hrasta medunca i bijeloga graba u kojoj po\u010dinje pou\u010dno-pje\u0161a\u010dka staza Stinice \u2013 Ro\u0161ki slap \u2013 Ozi\u0111ana pe\u0107ina i u kojoj se nalazi posjetiteljski centar Visova\u010dka ku\u0107a \u201eKu\u017eelj\u201c.<\/p>\n<p><img decoding=\"async\" class=\"alignnone size-full wp-image-1103\" src=\"https:\/\/www.npkrka.hr\/wp-content\/uploads\/Vidikovac-Visovac.jpg\" alt=\"\" width=\"100%\" srcset=\"https:\/\/npkrka.hr\/wp-content\/uploads\/Vidikovac-Visovac.jpg 1839w, https:\/\/npkrka.hr\/wp-content\/uploads\/Vidikovac-Visovac-300x200.jpg 300w, https:\/\/npkrka.hr\/wp-content\/uploads\/Vidikovac-Visovac-1024x684.jpg 1024w, https:\/\/npkrka.hr\/wp-content\/uploads\/Vidikovac-Visovac-768x513.jpg 768w, https:\/\/npkrka.hr\/wp-content\/uploads\/Vidikovac-Visovac-1536x1026.jpg 1536w\" sizes=\"(max-width: 1839px) 100vw, 1839px\" \/><\/p>\n<\/div>\n<\/div>\n<\/div>\n<\/div>\n<\/div>\n<\/section>\n","protected":false},"excerpt":{"rendered":"<p>Uhvatite osebujnu (ljetnu) rasko\u0161 Krke pogledom s vidikovaca: Visovac<\/p>\n","protected":false},"author":1,"featured_media":1103,"parent":106,"menu_order":2,"comment_status":"closed","ping_status":"closed","template":"","meta":{"footnotes":""},"class_list":["post-1102","page","type-page","status-publish","has-post-thumbnail","hentry"],"_links":{"self":[{"href":"https:\/\/npkrka.hr\/hr\/wp-json\/wp\/v2\/pages\/1102","targetHints":{"allow":["GET"]}}],"collection":[{"href":"https:\/\/npkrka.hr\/hr\/wp-json\/wp\/v2\/pages"}],"about":[{"href":"https:\/\/npkrka.hr\/hr\/wp-json\/wp\/v2\/types\/page"}],"author":[{"embeddable":true,"href":"https:\/\/npkrka.hr\/hr\/wp-json\/wp\/v2\/users\/1"}],"replies":[{"embeddable":true,"href":"https:\/\/npkrka.hr\/hr\/wp-json\/wp\/v2\/comments?post=1102"}],"version-history":[{"count":0,"href":"https:\/\/npkrka.hr\/hr\/wp-json\/wp\/v2\/pages\/1102\/revisions"}],"up":[{"embeddable":true,"href":"https:\/\/npkrka.hr\/hr\/wp-json\/wp\/v2\/pages\/106"}],"wp:featuredmedia":[{"embeddable":true,"href":"https:\/\/npkrka.hr\/hr\/wp-json\/wp\/v2\/media\/1103"}],"wp:attachment":[{"href":"https:\/\/npkrka.hr\/hr\/wp-json\/wp\/v2\/media?parent=1102"}],"curies":[{"name":"wp","href":"https:\/\/api.w.org\/{rel}","templated":true}]}}