{"id":1099,"date":"2022-07-04T08:55:45","date_gmt":"2022-07-04T06:55:45","guid":{"rendered":"https:\/\/www.npkrka.hr\/?page_id=1099"},"modified":"2022-09-27T10:57:32","modified_gmt":"2022-09-27T08:57:32","slug":"vidikovac-cikola-2","status":"publish","type":"page","link":"https:\/\/npkrka.hr\/hr\/posjeti\/vidikovci\/vidikovac-cikola-2\/","title":{"rendered":"Vidikovac \u010cikola"},"content":{"rendered":"<section class=\"elementor-section elementor-inner-section elementor-element elementor-element-19930ac7 elementor-section-boxed elementor-section-height-default elementor-section-height-default\" data-id=\"19930ac7\" data-element_type=\"section\">\n<div class=\"elementor-container elementor-column-gap-default\">\n<div class=\"elementor-column elementor-col-100 elementor-inner-column elementor-element elementor-element-40cd1852\" data-id=\"40cd1852\" data-element_type=\"column\">\n<div class=\"elementor-widget-wrap elementor-element-populated\">\n<div class=\"elementor-element elementor-element-3ee7d1c6 elementor-widget elementor-widget-text-editor\" data-id=\"3ee7d1c6\" data-element_type=\"widget\" data-widget_type=\"text-editor.default\">\n<div class=\"elementor-widget-container\">\n<p><strong>Uhvatite osebujnu (ljetnu) rasko\u0161 Krke pogledom s vidikovaca: kanjon \u010cikole<\/strong><\/p>\n<p>Uputite li se lijevom obalom Krke prema Visovcu ili Ro\u0161kom slapu, prije negoli se popnete na Miljevce, taj neobi\u010dan, poput plo\u010de ravan kameniti prostor, ukra\u0161en nekim od najve\u0107ih prirodnih i kulturnopovijesnih ljepota Hrvatske, morate pro\u0107i kroz kanjon \u010cikole.<\/p>\n<p>Ve\u0107 dok se budete vozili serpentinama, pogled \u0107e vam prikovati \u00a0visoke litice kanjona, pa za\u0161to onda ne zastati i pogledati ih malo bolje. Na desnoj obali \u010cikole, neposredno uz cestu koja iz pravca \u0160ibenika vodi prema Pakovu Selu, nalazi se ugibali\u0161te i vidikovac s pogledom na tu osebujnu kr\u0161ku rijeku koja se, stije\u0161njena me\u0111u vapnena\u010dkim stijenama, bori protiv su\u0161e.<\/p>\n<p>Kanjon \u010cikole odlikuje izrazita surovost, koju nagla\u0161uju impozantni oblici brina, neprohodnost kanjona i \u010desto presu\u0161ivanje rije\u010dnoga korita. Takva nepristupa\u010dnost bila je po\u017eeljna u pro\u0161losti, tako da na tom podru\u010dju nalazimo dvije pe\u0107ine s paleolitskim nalazi\u0161tima i utvrdu Klju\u010dicu, najve\u0107u i najo\u010duvaniju srednjovjekovnu utvrdu na prostoru Nacionalnog parka \u201eKrka\u201c. Kanjon rijeke \u010cikole dug je 14 km a dubok mjestimi\u010dno do 170 m. Po\u010dinje odmah na izlasku rijeke iz Petrova polja, kod Drni\u0161a, a zavr\u0161ava 6 km prije njezina u\u0161\u0107a u Krku, odnosno 3 km od ujezerenog dijela rijeke. Za\u0161ti\u0107en je od 1965.<\/p>\n<p>Blago polo\u017eene strane kanjona zarasle su u gustu makiju sa skupinama hrasta, graba i ostalog drve\u0107a. Uz vodu mogu se vidjeti gnjurci i brojne druge ptice vodenih stani\u0161ta. U su\u0161nome razdoblju impresivnu sliku ostavlja svijetlo kamenje u koritu \u0161to ga je zaoblila rijeka.<\/p>\n<p><img decoding=\"async\" class=\"alignnone size-full wp-image-1094\" src=\"https:\/\/www.npkrka.hr\/wp-content\/uploads\/Vidikovac-Cikola.jpg\" alt=\"\" width=\"100%\" srcset=\"https:\/\/npkrka.hr\/wp-content\/uploads\/Vidikovac-Cikola.jpg 1839w, https:\/\/npkrka.hr\/wp-content\/uploads\/Vidikovac-Cikola-300x200.jpg 300w, https:\/\/npkrka.hr\/wp-content\/uploads\/Vidikovac-Cikola-1024x684.jpg 1024w, https:\/\/npkrka.hr\/wp-content\/uploads\/Vidikovac-Cikola-768x513.jpg 768w, https:\/\/npkrka.hr\/wp-content\/uploads\/Vidikovac-Cikola-1536x1026.jpg 1536w\" sizes=\"(max-width: 1839px) 100vw, 1839px\" \/><\/p>\n<\/div>\n<\/div>\n<\/div>\n<\/div>\n<\/div>\n<\/section>\n","protected":false},"excerpt":{"rendered":"<p>Uhvatite osebujnu (ljetnu) rasko\u0161 Krke pogledom s vidikovaca: kanjon \u010cikole<\/p>\n","protected":false},"author":1,"featured_media":1094,"parent":106,"menu_order":1,"comment_status":"closed","ping_status":"closed","template":"","meta":{"footnotes":""},"class_list":["post-1099","page","type-page","status-publish","has-post-thumbnail","hentry"],"_links":{"self":[{"href":"https:\/\/npkrka.hr\/hr\/wp-json\/wp\/v2\/pages\/1099","targetHints":{"allow":["GET"]}}],"collection":[{"href":"https:\/\/npkrka.hr\/hr\/wp-json\/wp\/v2\/pages"}],"about":[{"href":"https:\/\/npkrka.hr\/hr\/wp-json\/wp\/v2\/types\/page"}],"author":[{"embeddable":true,"href":"https:\/\/npkrka.hr\/hr\/wp-json\/wp\/v2\/users\/1"}],"replies":[{"embeddable":true,"href":"https:\/\/npkrka.hr\/hr\/wp-json\/wp\/v2\/comments?post=1099"}],"version-history":[{"count":0,"href":"https:\/\/npkrka.hr\/hr\/wp-json\/wp\/v2\/pages\/1099\/revisions"}],"up":[{"embeddable":true,"href":"https:\/\/npkrka.hr\/hr\/wp-json\/wp\/v2\/pages\/106"}],"wp:featuredmedia":[{"embeddable":true,"href":"https:\/\/npkrka.hr\/hr\/wp-json\/wp\/v2\/media\/1094"}],"wp:attachment":[{"href":"https:\/\/npkrka.hr\/hr\/wp-json\/wp\/v2\/media?parent=1099"}],"curies":[{"name":"wp","href":"https:\/\/api.w.org\/{rel}","templated":true}]}}