{"id":1095,"date":"2022-07-04T08:54:14","date_gmt":"2022-07-04T06:54:14","guid":{"rendered":"https:\/\/www.npkrka.hr\/?page_id=1095"},"modified":"2022-09-27T10:56:11","modified_gmt":"2022-09-27T08:56:11","slug":"vidikovac-krnici-gornji","status":"publish","type":"page","link":"https:\/\/npkrka.hr\/hr\/posjeti\/vidikovci\/vidikovac-krnici-gornji\/","title":{"rendered":"Vidikovac Krni\u0107i Gornji"},"content":{"rendered":"<p><strong>Uhvatite osebujnu (ljetnu) rasko\u0161 Krke pogledom s vidikovaca: sutok Krke i \u010cikole<\/strong><\/p>\n<p>Putujete li ovim podru\u010djem, u posjet Nacionalnom parku \u201eKrka\u201c ili nekom drugom odredi\u0161tu, ili pak samo prolazite slijede\u0107i svoje obveze, sjetite se da zastanete i odmorite pogled na Krki. Dovoljno je skrenuti s glavne ceste i slijediti sme\u0111u turisti\u010dku signalizaciju da biste stigli do vidikovaca s kojih se pru\u017ea pogled na plava i zelena prostranstva Nacionalnog parka \u201eKrka\u201c.<\/p>\n<p>Jedan od takvih prizora jest sutok Krke i \u010cikole. Ako ne skrenete prema Lozovcu, nego iz smjera \u0160ibenika produ\u017eite prema Pakovu Selu, s lijeve strane ceste, u Krni\u0107ima Gornjim, na\u0107i \u0107ete ure\u0111eni vidikovac s najljep\u0161im pogledom na sutok.<\/p>\n<p>Izdizanje sedrene barijere Skradinskog buka dovelo je do ujezerenja trinaest kilometara toka rijeke Krke i potapanja tri kilometra toka rijeke \u010cikole, stvoriv\u0161i pejsa\u017eno najneobi\u010dniji sutok u Hrvatskoj, koji jo\u0161 posebnijim \u010dini otok Kali\u010dki busen, oko sedamsto metara duga i svega deset metara \u0161iroka sedrena barijera koja razdvaja Krku i u\u0161\u0107e \u010cikole. Oko Kali\u010dkog busena plove i izletni\u010dki brodovi koji posjetitelje prevoze ujezerenim tokom rijeke do otoka Visovca.<\/p>\n<p>\u010cikola, glavni Krkin pritok, protje\u010de \u0161irokim Petrovim poljem pa se zatim tiska u uskome, \u010detrnaest kilometara dugom kanjonu. Kada ga napusti, stopi se s Krkom u jezerskom sutoku u kojemu se rijeke istinski pro\u017eimaju stvaraju\u0107i impresivnu sliku. U toj neobi\u010dnoj panorami mo\u017eete u\u017eivati skrenete li u zaselak Krni\u0107i Gornji, gdje \u0107ete u nekom od brojnih seoskih doma\u0107instava prona\u0107i zaklon od ljetnjih vru\u0107ina, osvje\u017eiti se i u\u017eivati u okusima mirisna vrta.<\/p>\n<div class=\"fotorama rounded-lg  shadow lblue-bg mt-5   \" data-width=\"100%\" data-ratio=\"16\/10\"  data-nav=\"thumbs\" data-autoplay=\"true\" data-arrows=\"true\" data-transition=\"crossfade\"><img decoding=\"async\" src=\"https:\/\/npkrka.hr\/wp-content\/uploads\/Vidikovac-Krnici-Gornji-2-NASLOVNA-1.jpg\" width=\"100%\" \/><img decoding=\"async\" src=\"https:\/\/npkrka.hr\/wp-content\/uploads\/Vidikovac-Krnici-Gornji-1.jpg\" width=\"100%\" \/><\/div><p>&nbsp;<\/p>\n","protected":false},"excerpt":{"rendered":"<p>Uhvatite osebujnu (ljetnu) rasko\u0161 Krke pogledom s vidikovaca: sutok Krke i \u010cikole<\/p>\n","protected":false},"author":1,"featured_media":1096,"parent":106,"menu_order":0,"comment_status":"closed","ping_status":"closed","template":"","meta":{"footnotes":""},"class_list":["post-1095","page","type-page","status-publish","has-post-thumbnail","hentry"],"_links":{"self":[{"href":"https:\/\/npkrka.hr\/hr\/wp-json\/wp\/v2\/pages\/1095","targetHints":{"allow":["GET"]}}],"collection":[{"href":"https:\/\/npkrka.hr\/hr\/wp-json\/wp\/v2\/pages"}],"about":[{"href":"https:\/\/npkrka.hr\/hr\/wp-json\/wp\/v2\/types\/page"}],"author":[{"embeddable":true,"href":"https:\/\/npkrka.hr\/hr\/wp-json\/wp\/v2\/users\/1"}],"replies":[{"embeddable":true,"href":"https:\/\/npkrka.hr\/hr\/wp-json\/wp\/v2\/comments?post=1095"}],"version-history":[{"count":0,"href":"https:\/\/npkrka.hr\/hr\/wp-json\/wp\/v2\/pages\/1095\/revisions"}],"up":[{"embeddable":true,"href":"https:\/\/npkrka.hr\/hr\/wp-json\/wp\/v2\/pages\/106"}],"wp:featuredmedia":[{"embeddable":true,"href":"https:\/\/npkrka.hr\/hr\/wp-json\/wp\/v2\/media\/1096"}],"wp:attachment":[{"href":"https:\/\/npkrka.hr\/hr\/wp-json\/wp\/v2\/media?parent=1095"}],"curies":[{"name":"wp","href":"https:\/\/api.w.org\/{rel}","templated":true}]}}