{"id":1083,"date":"2022-07-02T13:36:17","date_gmt":"2022-07-02T11:36:17","guid":{"rendered":"https:\/\/www.npkrka.hr\/?page_id=1083"},"modified":"2022-09-19T14:20:21","modified_gmt":"2022-09-19T12:20:21","slug":"hidroelektrana-krka","status":"publish","type":"page","link":"https:\/\/npkrka.hr\/hr\/kulturna-bastina\/industrijska-bastina\/hidroelektrana-krka\/","title":{"rendered":"Hidroelektrana Krka"},"content":{"rendered":"<p><strong>Dana 28. kolovoza 1895. godine pu\u0161ten je u rad prvi cjeloviti elektroenergetski sustav u Hrvatskoj, na izmjeni\u010dnu struju.<\/strong><\/p>\n<p>Sustav se sastojao od hidroelektrane na rijeci Krki, jedanaest kilometara dugog trokilovoltnog dalekovoda na drvenim stupovima i potro\u0161a\u010da javne rasvjete u gradu \u0160ibeniku. Elektrana je bila vlasni\u0161tvo tvrtke \u0160upuk i Meichsner \u2013 Prva ovla\u0161tena elektri\u010dna centrala u Dalmaciji \u201eKrka\u201c (\u0160upuk e Meichsner \u2013 Prima concessionata centrale elettrica in Dalmazia \u201eKrka\u201c).<\/p>\n<p>Arhitektonski kompleks hidroelektrane sastojao se od dva dijela: donjeg, podvodnog, za smje\u0161taj turbina, i gornjeg, za strojarnicu i rasklopni toranj. U elektranu je prvo ugra\u0111ena jedna Girard okomita turbina s prijenosom na vodoravnu osovinu generatora dvofazne izmjeni\u010dne struje. Za pogon te turbine koristilo se samo 3,2 m<sup>3<\/sup>\/s vode iako je koncesijom odobrena koli\u010dina od 25,81 m<sup>3<\/sup>\/s. Godine 1899., radi pove\u0107anja kapaciteta da bi se mogla napajati tvornica karbida u neposrednoj blizini elektrane, ugra\u0111ena je jo\u0161 jedna Girard turbina. (Tvornica je te godine izgorjela u po\u017earu.) Generatorski napon do \u0160ibenika se prenosio dalekovodom s \u010detirima vodi\u010dima. Osim za javnu rasvjetu \u0160ibenika, hidroelektrana je davala elektri\u010dnu energiju za pogon mlinova, uljarica i tvornicu tjestenine, a kasnije su se na mre\u017eu priklju\u010dili kazali\u0161te, kavane i hoteli te prva doma\u0107instva.<\/p>\n<div class=\"fotorama rounded-lg  shadow lblue-bg mt-5   \" data-width=\"100%\" data-ratio=\"16\/10\"  data-nav=\"thumbs\" data-autoplay=\"true\" data-arrows=\"true\" data-transition=\"crossfade\"><img decoding=\"async\" src=\"https:\/\/npkrka.hr\/wp-content\/uploads\/HE-Krka-Supuk-2.jpg\" width=\"100%\" \/><img decoding=\"async\" src=\"https:\/\/npkrka.hr\/wp-content\/uploads\/HE-Krka-izlozba-5-scaled.jpg\" width=\"100%\" \/><img decoding=\"async\" src=\"https:\/\/npkrka.hr\/wp-content\/uploads\/HE-Krka-izlozba-6-scaled.jpg\" width=\"100%\" \/><img decoding=\"async\" src=\"https:\/\/npkrka.hr\/wp-content\/uploads\/HE-Krka-kolo-9-scaled.jpg\" width=\"100%\" \/><img decoding=\"async\" src=\"https:\/\/npkrka.hr\/wp-content\/uploads\/HE-Krka-maketa-7-scaled.jpg\" width=\"100%\" \/><img decoding=\"async\" src=\"https:\/\/npkrka.hr\/wp-content\/uploads\/HE-Krka-stara-fotografija-hidroelektrane-3.jpg\" width=\"100%\" \/><img decoding=\"async\" src=\"https:\/\/npkrka.hr\/wp-content\/uploads\/HE-Krka-krov-8-scaled.jpg\" width=\"100%\" \/><img decoding=\"async\" src=\"https:\/\/npkrka.hr\/wp-content\/uploads\/HE-Krka-Skradinski-buk-11-scaled.jpg\" width=\"100%\" \/><img decoding=\"async\" src=\"https:\/\/npkrka.hr\/wp-content\/uploads\/HE-Krka-hidroelektrana-sada-4-scaled.jpg\" width=\"100%\" \/><img decoding=\"async\" src=\"https:\/\/npkrka.hr\/wp-content\/uploads\/HE-Krka-stara-fotografija-Skradinski-buk-1-scaled.jpg\" width=\"100%\" \/><img decoding=\"async\" src=\"https:\/\/npkrka.hr\/wp-content\/uploads\/HE-Krka-sada-zracna-10-scaled.jpg\" width=\"100%\" \/><\/div><p>&nbsp;<\/p>\n<p>Prema ugovoru izme\u0111u tvrtke Ante \u0160upuk i sin i dru\u0161tva SUFID (Societ\u00e0 anonima per l&#8217;utillizzazione delle forze idrauliche della Dalmazia, Dru\u0161tva za iskori\u0161tavanje vodnih snaga Dalmacije), 1913. godine obustavljen je rad HE Krka, a 3,2 m<sup>3<\/sup>\/s vode koje je ona koristila stavljeno je na raspolaganje obli\u017enjoj HE Jaruga u vlasni\u0161tvu SUFID-a, koja je pu\u0161tena u rad 1904. Na po\u010detku Prvog svjetskog rata vojne vlasti demontirale su postrojenja u HE Krka i dva bakrena vodi\u010da na dalekovodu da bi taj materijal iskoristile za ratne svrhe.<\/p>\n<p>Arheolo\u0161ka istra\u017eivanja podzemnih ostataka HE Krka po\u010dela su 2006. godine. Njima je prethodilo detaljno istra\u017eivanje muzejske i arhivske gra\u0111e (dokumenata, nacrta, fotografija) i izrada tehni\u010dke dokumentacije, geodetske i arhitektonske. Premda je prikupljeno obilje gra\u0111e, ipak se nije uspjelo u\u0107i u trag izvornoj arhitektonskoj dokumentaciji prema kojoj je elektrana izgra\u0111ena. Neprocjenjivu vrijednost u prethodnoj analizi arhitekture objekta pru\u017eila je veoma precizna geodetska karta Skradinskog buka s po\u010detka 20. stolje\u0107a (1904. \u2013 1910.). U nju su uneseni tlorisni parametri objekta i njegov polo\u017eaj u prostoru, sa svim popratnim instalacijama (dovodnim kanalom za vodu, pristupnim putom i dr.). Analizom fotografija na kojima se vidi elektrana, prikupljeno je dovoljno podataka za utvr\u0111ivanje svih vanjskih elemenata potrebnih za po\u010detak terenskih radova. Kad su istra\u017eivanja zavr\u0161ila po\u010delo je konzerviranje objekta kako bi se njegovi ostatci mogli prezentirati javnosti.<\/p>\n","protected":false},"excerpt":{"rendered":"<p>Dana 28. kolovoza 1895. godine pu\u0161ten je u rad prvi cjeloviti elektroenergetski sustav u Hrvatskoj, na izmjeni\u010dnu struju.<\/p>\n","protected":false},"author":1,"featured_media":2352,"parent":191,"menu_order":0,"comment_status":"closed","ping_status":"closed","template":"","meta":{"footnotes":""},"class_list":["post-1083","page","type-page","status-publish","has-post-thumbnail","hentry"],"_links":{"self":[{"href":"https:\/\/npkrka.hr\/hr\/wp-json\/wp\/v2\/pages\/1083","targetHints":{"allow":["GET"]}}],"collection":[{"href":"https:\/\/npkrka.hr\/hr\/wp-json\/wp\/v2\/pages"}],"about":[{"href":"https:\/\/npkrka.hr\/hr\/wp-json\/wp\/v2\/types\/page"}],"author":[{"embeddable":true,"href":"https:\/\/npkrka.hr\/hr\/wp-json\/wp\/v2\/users\/1"}],"replies":[{"embeddable":true,"href":"https:\/\/npkrka.hr\/hr\/wp-json\/wp\/v2\/comments?post=1083"}],"version-history":[{"count":0,"href":"https:\/\/npkrka.hr\/hr\/wp-json\/wp\/v2\/pages\/1083\/revisions"}],"up":[{"embeddable":true,"href":"https:\/\/npkrka.hr\/hr\/wp-json\/wp\/v2\/pages\/191"}],"wp:featuredmedia":[{"embeddable":true,"href":"https:\/\/npkrka.hr\/hr\/wp-json\/wp\/v2\/media\/2352"}],"wp:attachment":[{"href":"https:\/\/npkrka.hr\/hr\/wp-json\/wp\/v2\/media?parent=1083"}],"curies":[{"name":"wp","href":"https:\/\/api.w.org\/{rel}","templated":true}]}}