{"id":10671,"date":"2024-08-29T09:52:15","date_gmt":"2024-08-29T07:52:15","guid":{"rendered":"https:\/\/www.npkrka.hr\/?page_id=10671"},"modified":"2026-04-08T14:02:20","modified_gmt":"2026-04-08T12:02:20","slug":"put-maslina-u-np-krka-spoj-prirodne-ljepote-tradicije-i-odrzivog-razvoja","status":"publish","type":"page","link":"https:\/\/npkrka.hr\/hr\/o-nama\/odrzivo-upravljanje\/put-maslina-u-np-krka-spoj-prirodne-ljepote-tradicije-i-odrzivog-razvoja\/","title":{"rendered":"Put maslina u NP \u201eKrka\u201c: spoj prirodne ljepote, tradicije i odr\u017eivog razvoja"},"content":{"rendered":"<p><strong>Nacionalni park \u201eKrka\u201c ve\u0107 je desetlje\u0107ima poznat kao omiljena destinacija ljubitelja prirode, kulturne ba\u0161tine i spektakularnih slapova. Me\u0111utim, manje je poznato da ovaj Park skriva i jedinstvenu rutu pod nazivom <em>Put maslina<\/em>, koja spaja bogatstvo prirodnih ljepota s tradicijom i odr\u017eivim razvojem.<\/strong><\/p>\n<p><em>Put maslina<\/em> prote\u017ee se na dvadeset i \u010detiri kilometra, po\u010dev\u0161i od povijesne uljare \u201eLa\u0107a\u201c u Skradinu, pa sve do Ro\u0161kog slapa, jednog od bisera Nacionalnog parka \u201eKrka\u201c. Ovaj projekt, koji je Javna ustanova \u201eNacionalni park Krka\u201c realizirala u suradnji s Dr\u017eavnim zavodom za za\u0161titu prirode, dio je \u0161ireg programa \u201eProcjena i valorizacija zapu\u0161tenih stani\u0161ta podru\u010dja NP &#8216;Krka&#8217;\u201c.<\/p>\n<p><em>Put maslina<\/em> posjetiteljima nudi jedinstvenu priliku za upoznavanje s autohtonim sortama maslina koje uspijevaju na podru\u010dju NP \u201eKrka\u201c. Kroz obilazak, posjetitelji mogu do\u017eivjeti tradicionalni na\u010din poljoprivrede koji je jedini dozvoljen unutar granica Parka. Ova ruta ne samo da pru\u017ea uvid u maslinarstvo, ve\u0107 posjetitelje vodi kroz seoska doma\u0107instva, gdje mogu ku\u0161ati i kupiti doma\u0107e maslinovo ulje i druge lokalne proizvode.<\/p>\n<p>Glavni cilj programa je pove\u0107anje i o\u010duvanje biolo\u0161ke raznolikosti kroz revitalizaciju stani\u0161ta i razvoj odr\u017eivih praksi. Uklju\u010divanjem lokalnih poljoprivrednika, turisti\u010dkih djelatnika, stanovni\u0161tva i lokalne uprave, <em>Put maslina<\/em> postaje primjer kako se mogu spojiti za\u0161tita prirode i razvoj lokalne zajednice.<\/p>\n<p><strong>Ruta i znamenitosti <em>Puta maslina<\/em><\/strong><\/p>\n<p>Put maslina prolazi kroz sedam lokaliteta, svaki sa svojom posebnom pri\u010dom i zna\u010dajem. Prva postaja je uljara \u201eLa\u0107a\u201c, gdje zapo\u010dinje putovanje kroz povijest i tradiciju maslinarstva ovog kraja. Sljede\u0107i je maslinik oblica, autohtone sorte masline koja dominira ruralnim pejza\u017eom. Na dvadesetak hektara ovog maslinika zasa\u0111eno je oko \u010detiri tisu\u0107e stabala oblice, sorte poznate i kao orkula.<\/p>\n<p>Ruta se nastavlja prema lokvi Bra\u0161tine i mjestu \u010culi\u0161i\u0107, gdje masline, vinogradi, oranice i travnjaci stvaraju tipi\u010dan dalmatinski mozaik poljoprivrednog krajobraza.<\/p>\n<p>Sredi\u0161nja to\u010dka <em>Puta maslina<\/em> je mjesto Dubravice, gdje se uz maslinike mogu vidjeti i tradicionalni vinogradi s izvornim hrvatskim sortama poput plavine, mara\u0161tine ili debita. Nakon Dubravica, put vodi do Maslinika \u2013 Bili brig, mladog ekolo\u0161kog maslinika smje\u0161tenog na obalama Visova\u010dkog jezera, koji je ujedno i najve\u0107i u regiji.<\/p>\n<p>Zavr\u0161etak <em>Puta maslina<\/em> je spektakularan \u2013 Ro\u0161ki slap, najsjevernija to\u010dka Nacionalnog parka \u201eKrka\u201c gdje zahvaljuju\u0107i blagoj mediteranskoj klimi uspijevaju maslinici.<\/p>\n<p><em>Put maslina<\/em> u NP \u201eKrka\u201c nudi jedinstvenu kombinaciju prirodne ljepote, kulturne ba\u0161tine i odr\u017eivog razvoja. Ova ruta ne samo da povezuje posjetitelje s tradicijom maslinarstva, ve\u0107 ih uvodi u svijet odr\u017eive poljoprivrede, \u010duvaju\u0107i pri tome prirodnu i kulturnu ba\u0161tinu ovog jedinstvenog kraja. Pozivamo vas da istra\u017eite <em>Put maslina<\/em> i do\u017eivite Krku na potpuno nov na\u010din.<\/p>\n","protected":false},"excerpt":{"rendered":"<p>Nacionalni park \u201eKrka\u201c ve\u0107 je desetlje\u0107ima poznat kao omiljena destinacija ljubitelja prirode, kulturne ba\u0161tine i spektakularnih slapova. Me\u0111utim, manje je poznato da ovaj Park skriva i jedinstvenu rutu pod nazivom Put maslina, koja spaja bogatstvo prirodnih ljepota s tradicijom i odr\u017eivim razvojem.<\/p>\n","protected":false},"author":3,"featured_media":9207,"parent":10484,"menu_order":8,"comment_status":"closed","ping_status":"closed","template":"","meta":{"footnotes":""},"class_list":["post-10671","page","type-page","status-publish","has-post-thumbnail","hentry"],"_links":{"self":[{"href":"https:\/\/npkrka.hr\/hr\/wp-json\/wp\/v2\/pages\/10671","targetHints":{"allow":["GET"]}}],"collection":[{"href":"https:\/\/npkrka.hr\/hr\/wp-json\/wp\/v2\/pages"}],"about":[{"href":"https:\/\/npkrka.hr\/hr\/wp-json\/wp\/v2\/types\/page"}],"author":[{"embeddable":true,"href":"https:\/\/npkrka.hr\/hr\/wp-json\/wp\/v2\/users\/3"}],"replies":[{"embeddable":true,"href":"https:\/\/npkrka.hr\/hr\/wp-json\/wp\/v2\/comments?post=10671"}],"version-history":[{"count":1,"href":"https:\/\/npkrka.hr\/hr\/wp-json\/wp\/v2\/pages\/10671\/revisions"}],"predecessor-version":[{"id":15014,"href":"https:\/\/npkrka.hr\/hr\/wp-json\/wp\/v2\/pages\/10671\/revisions\/15014"}],"up":[{"embeddable":true,"href":"https:\/\/npkrka.hr\/hr\/wp-json\/wp\/v2\/pages\/10484"}],"wp:featuredmedia":[{"embeddable":true,"href":"https:\/\/npkrka.hr\/hr\/wp-json\/wp\/v2\/media\/9207"}],"wp:attachment":[{"href":"https:\/\/npkrka.hr\/hr\/wp-json\/wp\/v2\/media?parent=10671"}],"curies":[{"name":"wp","href":"https:\/\/api.w.org\/{rel}","templated":true}]}}