{"id":1053,"date":"2022-07-02T13:26:59","date_gmt":"2022-07-02T11:26:59","guid":{"rendered":"https:\/\/www.npkrka.hr\/?page_id=1053"},"modified":"2024-08-20T14:33:16","modified_gmt":"2024-08-20T12:33:16","slug":"visovac","status":"publish","type":"page","link":"https:\/\/npkrka.hr\/hr\/kulturna-bastina\/sakralna-bastina\/visovac\/","title":{"rendered":"Visovac"},"content":{"rendered":"<p><strong>Otok Visovac spada u najva\u017enije prirodne i kulturne vrijednosti Republike Hrvatske. Na njemu su do sredine 15. st. boravili eremiti sv. Augustina, a od 1445. franjevci, koji su 1576. tu izgradili samostan i crkvu Majke od Milosti, koji s prekrasnim krajolikom Visova\u010dkog jezera \u010dine jedinstvenu ambijentalnu cjelinu.<\/strong><\/p>\n<p>Tijekom burne povijesti Visovac je bio i ostao otok mira i molitve, a franjeva\u010dki samostan tvr\u0111ava duhovnosti i vjere, jedan od kamena temeljaca opstojnosti Hrvata i o\u010duvanja hrvatskog nacionalnog identiteta. Samostan posjeduje znatnu arheolo\u0161ku zbirku, zbirku povijesnoga crkvenog ruha i posu\u0111a te bogatu knji\u017enicu s vrijednim knjigama, me\u0111u kojima je i nekoliko inkunabula. Samostan, crkva, otok Visovac i Visova\u010dko jezero prirodna su, kulturna, povijesna i duhovna cjelina. Sredi\u0161te \u0161tovanja Majke Bo\u017eje na Visovcu je Gospina slika, koju su franjevci, prema predaji, u novo uto\u010di\u0161te donijeli iz Bosne, koju su napustili pred turskom najezdom. Najstarije svjedo\u010danstvo o \u0161tovanju Gospe Visova\u010dke pjesma je oca Pavla Posilovi\u0107a iz 1639. godine. Zbog stoljetnog \u0161tovanja Majke Bo\u017eje, Visovac se naziva i Gospinim otokom.<\/p>\n<div class=\"fotorama rounded-lg  shadow lblue-bg mt-5   \" data-width=\"100%\" data-ratio=\"16\/10\"  data-nav=\"thumbs\" data-autoplay=\"true\" data-arrows=\"true\" data-transition=\"crossfade\"><img decoding=\"async\" src=\"https:\/\/npkrka.hr\/wp-content\/uploads\/Visovac-9-scaled.jpg\" width=\"100%\" \/><img decoding=\"async\" src=\"https:\/\/npkrka.hr\/wp-content\/uploads\/Visovac-crkva-jesen-7-scaled.jpg\" width=\"100%\" \/><img decoding=\"async\" src=\"https:\/\/npkrka.hr\/wp-content\/uploads\/Visovac-crkva-3-scaled.jpg\" width=\"100%\" \/><img decoding=\"async\" src=\"https:\/\/npkrka.hr\/wp-content\/uploads\/Visovac-unutrasnjost-crkve-Gospe-Visovacke-1.jpg\" width=\"100%\" \/><img decoding=\"async\" src=\"https:\/\/npkrka.hr\/wp-content\/uploads\/Visovac-crkva-8-scaled.jpg\" width=\"100%\" \/><img decoding=\"async\" src=\"https:\/\/npkrka.hr\/wp-content\/uploads\/Visovac-muzej-4-scaled.jpg\" width=\"100%\" \/><img decoding=\"async\" src=\"https:\/\/npkrka.hr\/wp-content\/uploads\/Visovacko-jezero_1-scaled.jpg\" width=\"100%\" \/><img decoding=\"async\" src=\"https:\/\/npkrka.hr\/wp-content\/uploads\/Visovac-6-scaled.jpg\" width=\"100%\" \/><img decoding=\"async\" src=\"https:\/\/npkrka.hr\/wp-content\/uploads\/Visovac-bunar-2-scaled.jpg\" width=\"100%\" \/><img decoding=\"async\" src=\"https:\/\/npkrka.hr\/wp-content\/uploads\/Visovac-muzej-5-scaled.jpg\" width=\"100%\" \/><\/div><p>&nbsp;<\/p>\n<p><strong>\u00a0<\/strong><\/p>\n","protected":false},"excerpt":{"rendered":"<p>Otok Visovac spada u najva\u017enije prirodne i kulturne vrijednosti Republike Hrvatske.<\/p>\n","protected":false},"author":1,"featured_media":2297,"parent":187,"menu_order":0,"comment_status":"closed","ping_status":"closed","template":"page-location.php","meta":{"footnotes":""},"class_list":["post-1053","page","type-page","status-publish","has-post-thumbnail","hentry"],"_links":{"self":[{"href":"https:\/\/npkrka.hr\/hr\/wp-json\/wp\/v2\/pages\/1053","targetHints":{"allow":["GET"]}}],"collection":[{"href":"https:\/\/npkrka.hr\/hr\/wp-json\/wp\/v2\/pages"}],"about":[{"href":"https:\/\/npkrka.hr\/hr\/wp-json\/wp\/v2\/types\/page"}],"author":[{"embeddable":true,"href":"https:\/\/npkrka.hr\/hr\/wp-json\/wp\/v2\/users\/1"}],"replies":[{"embeddable":true,"href":"https:\/\/npkrka.hr\/hr\/wp-json\/wp\/v2\/comments?post=1053"}],"version-history":[{"count":0,"href":"https:\/\/npkrka.hr\/hr\/wp-json\/wp\/v2\/pages\/1053\/revisions"}],"up":[{"embeddable":true,"href":"https:\/\/npkrka.hr\/hr\/wp-json\/wp\/v2\/pages\/187"}],"wp:featuredmedia":[{"embeddable":true,"href":"https:\/\/npkrka.hr\/hr\/wp-json\/wp\/v2\/media\/2297"}],"wp:attachment":[{"href":"https:\/\/npkrka.hr\/hr\/wp-json\/wp\/v2\/media?parent=1053"}],"curies":[{"name":"wp","href":"https:\/\/api.w.org\/{rel}","templated":true}]}}