{"id":10511,"date":"2024-08-09T11:50:21","date_gmt":"2024-08-09T09:50:21","guid":{"rendered":"https:\/\/www.npkrka.hr\/?page_id=10511"},"modified":"2026-02-13T09:22:26","modified_gmt":"2026-02-13T08:22:26","slug":"monitoring-voda","status":"publish","type":"page","link":"https:\/\/npkrka.hr\/hr\/prirodna-bastina\/projekti\/monitoring-voda\/","title":{"rendered":"Monitoring voda i zraka"},"content":{"rendered":"<p>Na lokalitetima unutar NP \u201eKrka\u201c\u00a0 monitoring hidrolo\u0161kih pokazatelja provodi DHMZ s kojim Ustanova ima sklopljen Ugovor kojim se obra\u0111uju i dostavljaju podaci o vodostaju, protocima i temperaturi vode na hidrolo\u0161kim postajama Skradinski buk, Nacionalni park i Ro\u0161ki slap.<\/p>\n<p>Sukladno Uredbi o standardu kakvo\u0107e voda (NN 96\/2019) i Izmjenama i dopunama Uredbe o standardu kakvo\u0107e voda (NN 20\/2023)\u00a0 Ustanova ima skopljene Ugovore s NZJZSD\u017d i NZJZ\u0160K\u017d, po kojima se \u010detiri puta godi\u0161nje provodi monitoring\u00a0 povr\u0161inskih voda na Skradinskom buku, Ro\u0161kom slapu i jezeru Brljan.<\/p>\n<p>JU \u201eNP Krka\u201c u suradnji s udrugom \u0160ibenik Meteo postavila je dvije automatske meteorolo\u0161ke postaje na lokalitetima Eko kampus \u201eKrka\u201c u Puljanima i na Skradinskom buku. Automatska meteorolo\u0161ka postaja je opremljena senzorima za mjerenje temperature, vla\u017enosti i tlaka zraka, smjera i brzine vjetra, koli\u010dine oborina, solarnog zra\u010denja i UV index-a.<\/p>\n<p>Trenutni podaci dostupni su na poveznicama <a href=\"https:\/\/sibenik-meteo.hr\/index.php\/amp-skradinski-buk\/\">Skradinski buk<\/a> i u <a href=\"https:\/\/sibenik-meteo.hr\/index.php\/amp-puljane\/\">Eko kampus \u201eKrka\u201c<\/a>.<\/p>\n","protected":false},"excerpt":{"rendered":"<p>Na lokalitetima unutar NP \u201eKrka\u201c\u00a0 monitoring hidrolo\u0161kih pokazatelja provodi DHMZ s kojim Ustanova ima sklopljen Ugovor kojim se obra\u0111uju i dostavljaju podaci o vodostaju, protocima i temperaturi vode na hidrolo\u0161kim postajama Skradinski buk, Nacional&#8230;<\/p>\n","protected":false},"author":3,"featured_media":212,"parent":3122,"menu_order":0,"comment_status":"closed","ping_status":"closed","template":"","meta":{"footnotes":""},"class_list":["post-10511","page","type-page","status-publish","has-post-thumbnail","hentry"],"_links":{"self":[{"href":"https:\/\/npkrka.hr\/hr\/wp-json\/wp\/v2\/pages\/10511","targetHints":{"allow":["GET"]}}],"collection":[{"href":"https:\/\/npkrka.hr\/hr\/wp-json\/wp\/v2\/pages"}],"about":[{"href":"https:\/\/npkrka.hr\/hr\/wp-json\/wp\/v2\/types\/page"}],"author":[{"embeddable":true,"href":"https:\/\/npkrka.hr\/hr\/wp-json\/wp\/v2\/users\/3"}],"replies":[{"embeddable":true,"href":"https:\/\/npkrka.hr\/hr\/wp-json\/wp\/v2\/comments?post=10511"}],"version-history":[{"count":1,"href":"https:\/\/npkrka.hr\/hr\/wp-json\/wp\/v2\/pages\/10511\/revisions"}],"predecessor-version":[{"id":14580,"href":"https:\/\/npkrka.hr\/hr\/wp-json\/wp\/v2\/pages\/10511\/revisions\/14580"}],"up":[{"embeddable":true,"href":"https:\/\/npkrka.hr\/hr\/wp-json\/wp\/v2\/pages\/3122"}],"wp:featuredmedia":[{"embeddable":true,"href":"https:\/\/npkrka.hr\/hr\/wp-json\/wp\/v2\/media\/212"}],"wp:attachment":[{"href":"https:\/\/npkrka.hr\/hr\/wp-json\/wp\/v2\/media?parent=10511"}],"curies":[{"name":"wp","href":"https:\/\/api.w.org\/{rel}","templated":true}]}}