{"id":10507,"date":"2024-08-09T11:26:57","date_gmt":"2024-08-09T09:26:57","guid":{"rendered":"https:\/\/www.npkrka.hr\/?page_id=10507"},"modified":"2026-04-08T14:08:23","modified_gmt":"2026-04-08T12:08:23","slug":"odgovorna-potrosnja-vode","status":"publish","type":"page","link":"https:\/\/npkrka.hr\/hr\/o-nama\/odrzivo-upravljanje\/odgovorna-potrosnja-vode\/","title":{"rendered":"Odgovorna potro\u0161nja vode"},"content":{"rendered":"<p><strong>Smanjenje potro\u0161nje vode klju\u010dno je za o\u010duvanje okoli\u0161a i osiguravanje odr\u017eivosti destinacija poput Nacionalnog parka \u201eKrka\u201c.<\/strong><\/p>\n<p>Voda je dragocjen resurs, stoga je odgovorno upravljanje njezinom potro\u0161njom neophodno za za\u0161titu ekosustava, o\u010duvanje prirodnih ljepota i osiguranje \u010diste vode za budu\u0107e generacije.<\/p>\n<p>Posjetitelji, va\u0161 boravak u Krki mo\u017ee biti jo\u0161 zna\u010dajniji ako obratite pa\u017enju na koli\u010dinu vode koju koristite. Jednostavne mjere, poput kra\u0107eg tu\u0161iranja, zatvaranja slavine dok perete ruke ili kori\u0161tenja \u010da\u0161a za pi\u0107e, mogu znatno doprinijeti smanjenju potro\u0161nje vode.<\/p>\n<p>Pru\u017eatelji usluga, vi ste klju\u010dni u promicanju odgovorne potro\u0161nje vode. Investirajte u vodno u\u010dinkovite ure\u0111aje, educirajte svoje osoblje o va\u017enosti o\u010duvanja vode i poti\u010dite goste na odgovorno pona\u0161anje. Male promjene, poput instalacije \u0161tednih slavina i toaleta, mogu imati veliki utjecaj.<\/p>\n<p>Va\u017eno je \u0161tedjeti vodu jer smanjenje njezine potro\u0161nje smanjuje pritisak na lokalne izvore, \u0161titi biljni i \u017eivotinjski svijet koji ovisi o vodenim stani\u0161tima i smanjuje potro\u0161nju energije kod crpljenja, obrade i distribucije vode. Tako\u0111er, \u0161tednja vode mo\u017ee pomo\u0107i u prevenciji su\u0161a i o\u010duvanju pitke vode za budu\u0107e generacije.<\/p>\n<p>Zajedni\u010dkim naporima mo\u017eemo osigurati da prirodna \u010duda Krke ostanu o\u010duvana i dostupna posjetiteljima, danas i u budu\u0107nosti. Svaka kap vode je va\u017ena \u2013 \u010duvajmo je zajedno!<\/p>\n","protected":false},"excerpt":{"rendered":"<p>Smanjenje potro\u0161nje vode klju\u010dno je za o\u010duvanje okoli\u0161a i osiguravanje odr\u017eivosti destinacija poput Nacionalnog parka \u201eKrka\u201c.<\/p>\n","protected":false},"author":3,"featured_media":2882,"parent":10484,"menu_order":12,"comment_status":"closed","ping_status":"closed","template":"","meta":{"footnotes":""},"class_list":["post-10507","page","type-page","status-publish","has-post-thumbnail","hentry"],"_links":{"self":[{"href":"https:\/\/npkrka.hr\/hr\/wp-json\/wp\/v2\/pages\/10507","targetHints":{"allow":["GET"]}}],"collection":[{"href":"https:\/\/npkrka.hr\/hr\/wp-json\/wp\/v2\/pages"}],"about":[{"href":"https:\/\/npkrka.hr\/hr\/wp-json\/wp\/v2\/types\/page"}],"author":[{"embeddable":true,"href":"https:\/\/npkrka.hr\/hr\/wp-json\/wp\/v2\/users\/3"}],"replies":[{"embeddable":true,"href":"https:\/\/npkrka.hr\/hr\/wp-json\/wp\/v2\/comments?post=10507"}],"version-history":[{"count":1,"href":"https:\/\/npkrka.hr\/hr\/wp-json\/wp\/v2\/pages\/10507\/revisions"}],"predecessor-version":[{"id":15010,"href":"https:\/\/npkrka.hr\/hr\/wp-json\/wp\/v2\/pages\/10507\/revisions\/15010"}],"up":[{"embeddable":true,"href":"https:\/\/npkrka.hr\/hr\/wp-json\/wp\/v2\/pages\/10484"}],"wp:featuredmedia":[{"embeddable":true,"href":"https:\/\/npkrka.hr\/hr\/wp-json\/wp\/v2\/media\/2882"}],"wp:attachment":[{"href":"https:\/\/npkrka.hr\/hr\/wp-json\/wp\/v2\/media?parent=10507"}],"curies":[{"name":"wp","href":"https:\/\/api.w.org\/{rel}","templated":true}]}}