{"id":10499,"date":"2024-08-09T10:55:42","date_gmt":"2024-08-09T08:55:42","guid":{"rendered":"https:\/\/www.npkrka.hr\/?page_id=10499"},"modified":"2026-04-08T14:07:09","modified_gmt":"2026-04-08T12:07:09","slug":"odgovorna-potrosnja-energije","status":"publish","type":"page","link":"https:\/\/npkrka.hr\/hr\/o-nama\/odrzivo-upravljanje\/odgovorna-potrosnja-energije\/","title":{"rendered":"Odgovorna potro\u0161nja energije"},"content":{"rendered":"<p><strong>Smanjenje potro\u0161nje energije nije samo pitanje ekonomske u\u010dinkovitosti, ve\u0107 i moralne odgovornosti prema na\u0161em planetu.<\/strong><\/p>\n<p>Smanjenjem potro\u0161nje energije smanjujemo emisiju stakleni\u010dkih plinova, \u0161to poma\u017ee u borbi protiv klimatskih promjena. Odr\u017eivim kori\u0161tenjem resursa mo\u017eemo osigurati \u010distiji okoli\u0161 \u2013 vodu, tlo i zrak \u2013 i o\u010duvati stani\u0161ta mnogih biljnih i \u017eivotinjskih vrsta.<\/p>\n<p>Uvo\u0111enjem praksi energetske u\u010dinkovitosti doprinosimo stvaranju odr\u017eivijih zajednica i ja\u010danju lokalne ekonomije kroz smanjenje ovisnosti o fosilnim gorivima. Podizanjem svijesti posjetitelja o va\u017enosti energetske u\u010dinkovitosti mo\u017eemo potaknuti \u0161iru dru\u0161tvenu promjenu i inspirirati druge da slijede na\u0161 primjer. Energetska u\u010dinkovitost klju\u010dni je element u stvaranju budu\u0107nosti u kojoj \u0107e prirodne ljepote poput Nacionalnog parka \u201eKrka\u201c ostati sa\u010duvane za one koji dolaze nakon nas.<\/p>\n<p>Pru\u017eatelji usluga u Nacionalnom parku \u201eKrka\u201c imaju jedinstvenu priliku da svojim primjerom poka\u017eu da odgovorna potro\u0161nja energije mo\u017ee o\u010duvati prirodne ljepote koje privla\u010de posjetitelje iz cijeloga svijeta. Svaki mali korak, od isklju\u010divanja nepotrebne rasvjete i optimizacije grijanja i hla\u0111enja do kori\u0161tenja energetski u\u010dinkovitih ure\u0111aja, pridonosi o\u010duvanju na\u0161eg okoli\u0161a.<\/p>\n<p>Na\u0161i posjetitelji cijene autenti\u010dnost i prirodnu ljepotu ovog kraja. Zajedno im mo\u017eemo pokazati da odr\u017eivost nije samo rije\u010d, ve\u0107 na\u010din \u017eivota. Pametnom potro\u0161njom energije ne samo da smanjujemo tro\u0161kove poslovanja, ve\u0107 i aktivno doprinosimo o\u010duvanju prirodnog bogatstva Krke za budu\u0107e generacije.<\/p>\n","protected":false},"excerpt":{"rendered":"<p>Smanjenje potro\u0161nje energije nije samo pitanje ekonomske u\u010dinkovitosti, ve\u0107 i moralne odgovornosti prema na\u0161em planetu.<\/p>\n","protected":false},"author":3,"featured_media":2363,"parent":10484,"menu_order":11,"comment_status":"closed","ping_status":"closed","template":"","meta":{"footnotes":""},"class_list":["post-10499","page","type-page","status-publish","has-post-thumbnail","hentry"],"_links":{"self":[{"href":"https:\/\/npkrka.hr\/hr\/wp-json\/wp\/v2\/pages\/10499","targetHints":{"allow":["GET"]}}],"collection":[{"href":"https:\/\/npkrka.hr\/hr\/wp-json\/wp\/v2\/pages"}],"about":[{"href":"https:\/\/npkrka.hr\/hr\/wp-json\/wp\/v2\/types\/page"}],"author":[{"embeddable":true,"href":"https:\/\/npkrka.hr\/hr\/wp-json\/wp\/v2\/users\/3"}],"replies":[{"embeddable":true,"href":"https:\/\/npkrka.hr\/hr\/wp-json\/wp\/v2\/comments?post=10499"}],"version-history":[{"count":1,"href":"https:\/\/npkrka.hr\/hr\/wp-json\/wp\/v2\/pages\/10499\/revisions"}],"predecessor-version":[{"id":15012,"href":"https:\/\/npkrka.hr\/hr\/wp-json\/wp\/v2\/pages\/10499\/revisions\/15012"}],"up":[{"embeddable":true,"href":"https:\/\/npkrka.hr\/hr\/wp-json\/wp\/v2\/pages\/10484"}],"wp:featuredmedia":[{"embeddable":true,"href":"https:\/\/npkrka.hr\/hr\/wp-json\/wp\/v2\/media\/2363"}],"wp:attachment":[{"href":"https:\/\/npkrka.hr\/hr\/wp-json\/wp\/v2\/media?parent=10499"}],"curies":[{"name":"wp","href":"https:\/\/api.w.org\/{rel}","templated":true}]}}