{"id":10497,"date":"2024-08-09T10:47:42","date_gmt":"2024-08-09T08:47:42","guid":{"rendered":"https:\/\/www.npkrka.hr\/?page_id=10497"},"modified":"2026-04-08T14:05:38","modified_gmt":"2026-04-08T12:05:38","slug":"antidiskriminacija-i-promicanje-radnih-prava-raznolikosti-i-inkluzivnosti","status":"publish","type":"page","link":"https:\/\/npkrka.hr\/hr\/o-nama\/odrzivo-upravljanje\/antidiskriminacija-i-promicanje-radnih-prava-raznolikosti-i-inkluzivnosti\/","title":{"rendered":"Antidiskriminacija i promicanje radnih prava, raznolikosti i inkluzivnosti"},"content":{"rendered":"<p><strong>Javna ustanova \u201eNacionalni park Krka\u201c posve\u0107ena je promicanju radnih prava, raznolikosti i inkluzivnosti te aktivno provodi politike antidiskriminacije.<\/strong><\/p>\n<p>Kao organizacija koja upravlja jednim od najva\u017enijih prirodnih bogatstava Republike Hrvatske, NP \u201eKrka\u201c nastoji osigurati radno okru\u017eenje u kojemu se cijeni razli\u010ditosti i u kojem se svi zaposlenici osje\u0107aju dobrodo\u0161lim i po\u0161tovanim.<\/p>\n<p>NP \u201eKrka ima stroge standarde protiv diskriminacije, koji pokrivaju razli\u010dite aspekte, poput rase, spola, etni\u010dke pripadnosti, religije, seksualne orijentacije, invaliditeta i dobi. Ti standardi slu\u017ee kako bi se sprije\u010dili svi oblici nepravednog tretmana ili uznemiravanja na radnom mjestu.<\/p>\n<p>Radna prava zaposlenika u NP \u201eKrka\u201c za\u0161ti\u0107ena su i promovirana kroz razli\u010dite inicijative. Zaposlenici imaju pravo na sigurne i zdrave uvjete rada, na po\u0161tenu pla\u0107u, na radno vrijeme u skladu sa zakonskim normama i na slobodu izra\u017eavanja i organiziranja. Ustanova tako\u0111er podr\u017eava ravnote\u017eu izme\u0111u poslovnog i privatnog \u017eivota te pru\u017ea podr\u0161ku zaposlenicima u vidu raznih beneficija i programa.<\/p>\n<p>NP \u201eKrka\u201c prepoznaje vrijednost razli\u010ditosti kao klju\u010dne komponente za stvaranje inovativnog i produktivnog radnog okru\u017eenja. Politike inkluzivnosti osiguravaju da se svi zaposlenici osje\u0107aju prihva\u0107enima bez obzira na njihove individualne razlike. Ustanova aktivno radi na zapo\u0161ljavanju osoba iz razli\u010ditih socijalnih, kulturnih i etni\u010dkih grupa te poti\u010de jednakopravnost u svim aspektima rada.<\/p>\n","protected":false},"excerpt":{"rendered":"<p>Javna ustanova \u201eNacionalni park Krka\u201c posve\u0107ena je promicanju radnih prava, raznolikosti i inkluzivnosti te aktivno provodi politike antidiskriminacije.<\/p>\n","protected":false},"author":3,"featured_media":8458,"parent":10484,"menu_order":10,"comment_status":"closed","ping_status":"closed","template":"","meta":{"footnotes":""},"class_list":["post-10497","page","type-page","status-publish","has-post-thumbnail","hentry"],"_links":{"self":[{"href":"https:\/\/npkrka.hr\/hr\/wp-json\/wp\/v2\/pages\/10497","targetHints":{"allow":["GET"]}}],"collection":[{"href":"https:\/\/npkrka.hr\/hr\/wp-json\/wp\/v2\/pages"}],"about":[{"href":"https:\/\/npkrka.hr\/hr\/wp-json\/wp\/v2\/types\/page"}],"author":[{"embeddable":true,"href":"https:\/\/npkrka.hr\/hr\/wp-json\/wp\/v2\/users\/3"}],"replies":[{"embeddable":true,"href":"https:\/\/npkrka.hr\/hr\/wp-json\/wp\/v2\/comments?post=10497"}],"version-history":[{"count":1,"href":"https:\/\/npkrka.hr\/hr\/wp-json\/wp\/v2\/pages\/10497\/revisions"}],"predecessor-version":[{"id":15013,"href":"https:\/\/npkrka.hr\/hr\/wp-json\/wp\/v2\/pages\/10497\/revisions\/15013"}],"up":[{"embeddable":true,"href":"https:\/\/npkrka.hr\/hr\/wp-json\/wp\/v2\/pages\/10484"}],"wp:featuredmedia":[{"embeddable":true,"href":"https:\/\/npkrka.hr\/hr\/wp-json\/wp\/v2\/media\/8458"}],"wp:attachment":[{"href":"https:\/\/npkrka.hr\/hr\/wp-json\/wp\/v2\/media?parent=10497"}],"curies":[{"name":"wp","href":"https:\/\/api.w.org\/{rel}","templated":true}]}}