{"id":10495,"date":"2024-08-09T09:45:12","date_gmt":"2024-08-09T07:45:12","guid":{"rendered":"https:\/\/www.npkrka.hr\/?page_id=10495"},"modified":"2026-04-08T14:02:36","modified_gmt":"2026-04-08T12:02:36","slug":"postivanje-lokalne-kulture-i-obicaja","status":"publish","type":"page","link":"https:\/\/npkrka.hr\/hr\/o-nama\/odrzivo-upravljanje\/postivanje-lokalne-kulture-i-obicaja\/","title":{"rendered":"Po\u0161tivanje lokalne kulture i obi\u010daja"},"content":{"rendered":"<p><strong>Prou\u010diti i razumjeti kulturu destinacije u koju putuje, po\u0161tivati doma\u0107ine, njihov na\u010din \u017eivota i odijevanja dio je osobne kulture koji bi svaki posjetitelj trebao njegovati. <\/strong><\/p>\n<p>Nacionalni park \u201eKrka\u201c, jedno od najljep\u0161ih prirodnih blaga Hrvatske, poznat je po zadivljuju\u0107im slapovima, bistroj vodi, bogatoj bioraznolikosti i tisu\u0107ljetnoj kulturnopovijesnoj ba\u0161tini. Kako se turizam mijenja i nastavlja rasti, potraga za autenti\u010dno\u0161\u0107u oblikuje na\u010din na koji ljudi putuju. Danas sve vi\u0161e posjetitelja tra\u017ei autenti\u010dno iskustvo koje \u0107e im omogu\u0107iti dublje povezivanje s prirodom i lokalnom kulturom.<\/p>\n<p>Autenti\u010dnost u turizmu puno je vi\u0161e od pukog posje\u0107ivanja popularnih atrakcija. To je sposobnost da se su\u0161tina mjesta do\u017eivi kroz interakciju s lokalnim stanovni\u0161tvom i prirodom. U NP \u201eKrka\u201c to mo\u017ee zna\u010diti sudjelovanje u izletni\u010dkim turama pod vodstvom lokalnih vodi\u010da, koji posjetiteljima prenose svoje znanje o flori i fauni Parka i o povijesti ovoga kraja.<\/p>\n<p>Kako biste pokazali po\u0161tovanje prema ovom prekrasnom prirodnom okoli\u0161u i lokalnim obi\u010dajima, evo nekoliko savjeta:<\/p>\n<p><strong>Pridr\u017eavajte se pravila parkova.<\/strong> Po\u0161tujte ozna\u010dene staze i ne ostavljajte otpad za sobom. O\u010duvanje prirode klju\u010dno je za o\u010duvanje ovog jedinstvenog ekosustava.<\/p>\n<p><strong>U\u017eivajte u lokalnoj kuhinji.<\/strong> Isprobajte tradicionalna jela u obli\u017enjim restoranima ili konobama, \u010dime \u0107ete poduprijeti lokalne proizvo\u0111a\u010de i ugostitelje.<\/p>\n<p><strong>Upoznajte se s lokalnim obi\u010dajima.<\/strong> Prije posjeta, istra\u017eite tradiciju i kulturu stanovnika ovog kraja. Po\u0161tovanje lokalnih obi\u010daja oboga\u0107uje va\u0161e iskustvo.<\/p>\n<p><strong>Prikladno se obucite<\/strong>. U Dalmaciji je skromna odje\u0107a \u010desto cijenjena, osobito u manjim selima i na vjerskim mjestima. U Nacionalnom parku \u201eKrka\u201c nalazi se otok Visovac, s crkvom i samostanom. Za posjet treba biti prikladno odjeven, u odje\u0107u koja pokriva ramena.<\/p>\n<p><strong>Budite oprezni kod fotografiranja<\/strong>. Ako namjeravate fotografirati lokalne stanovnike i zaposlenike Nacionalnog parka \u201eKrka\u201c, pitajte ih za dopu\u0161tenje. Tim jednostavnim \u010dinom pokazat \u0107ete da ih po\u0161tujete i uva\u017eavate njihove obi\u010daje.<\/p>\n<p><strong>Komunicirajte s lokalnim stanovni\u0161tvom.<\/strong> Nau\u010dite nekoliko rije\u010di hrvatskog jezika, naprimjer \u201edobar dan\u201c i \u201ehvala\u201c. To \u0107e vam pomo\u0107i da izgradite most prema lokalnim ljudima i da dublje do\u017eivite njihov na\u010din \u017eivota.<\/p>\n<p>Putovanje kroz Nacionalni park \u201eKrka\u201c mo\u017ee biti iznimno iskustvo, ne samo za vas kao posjetitelja, ve\u0107 i za zajednicu koja vas do\u010dekuje. Autenti\u010dnost se posti\u017ee onda kada se putnici otvore prema novim iskustvima i poka\u017eu po\u0161tovanje prema prirodi i zajednici koju posje\u0107uju. Na taj na\u010din izravno utje\u010demo na kulturnu razmjenu, pretvaraju\u0107i samo putovanje u \u010din koji pridonosi op\u0107em dobru.<\/p>\n","protected":false},"excerpt":{"rendered":"<p>Prou\u010diti i razumjeti kulturu destinacije u koju putuje, po\u0161tivati doma\u0107ine, njihov na\u010din \u017eivota i odijevanja dio je osobne kulture koji bi svaki posjetitelj trebao njegovati.<\/p>\n","protected":false},"author":3,"featured_media":2313,"parent":10484,"menu_order":9,"comment_status":"closed","ping_status":"closed","template":"","meta":{"footnotes":""},"class_list":["post-10495","page","type-page","status-publish","has-post-thumbnail","hentry"],"_links":{"self":[{"href":"https:\/\/npkrka.hr\/hr\/wp-json\/wp\/v2\/pages\/10495","targetHints":{"allow":["GET"]}}],"collection":[{"href":"https:\/\/npkrka.hr\/hr\/wp-json\/wp\/v2\/pages"}],"about":[{"href":"https:\/\/npkrka.hr\/hr\/wp-json\/wp\/v2\/types\/page"}],"author":[{"embeddable":true,"href":"https:\/\/npkrka.hr\/hr\/wp-json\/wp\/v2\/users\/3"}],"replies":[{"embeddable":true,"href":"https:\/\/npkrka.hr\/hr\/wp-json\/wp\/v2\/comments?post=10495"}],"version-history":[{"count":1,"href":"https:\/\/npkrka.hr\/hr\/wp-json\/wp\/v2\/pages\/10495\/revisions"}],"predecessor-version":[{"id":15011,"href":"https:\/\/npkrka.hr\/hr\/wp-json\/wp\/v2\/pages\/10495\/revisions\/15011"}],"up":[{"embeddable":true,"href":"https:\/\/npkrka.hr\/hr\/wp-json\/wp\/v2\/pages\/10484"}],"wp:featuredmedia":[{"embeddable":true,"href":"https:\/\/npkrka.hr\/hr\/wp-json\/wp\/v2\/media\/2313"}],"wp:attachment":[{"href":"https:\/\/npkrka.hr\/hr\/wp-json\/wp\/v2\/media?parent=10495"}],"curies":[{"name":"wp","href":"https:\/\/api.w.org\/{rel}","templated":true}]}}