{"id":10484,"date":"2024-08-07T10:32:35","date_gmt":"2024-08-07T08:32:35","guid":{"rendered":"https:\/\/www.npkrka.hr\/?page_id=10484"},"modified":"2025-02-14T09:33:08","modified_gmt":"2025-02-14T08:33:08","slug":"odrzivo-upravljanje","status":"publish","type":"page","link":"https:\/\/npkrka.hr\/hr\/o-nama\/odrzivo-upravljanje\/","title":{"rendered":"Odr\u017eivo upravljanje"},"content":{"rendered":"<p><strong>Nacionalni park \u201eKrka\u201c jedinstveni je prostor su\u017eivota \u010dovjeka i rijeke u kr\u0161u, o\u010duvanih prirodnih procesa, bioraznolikosti, krajobrazne vrijednosti te kulturne i tradicijske ba\u0161tine.<\/strong><\/p>\n<p>Nacionalni park \u201eKrka\u201c jedinstven je prostor su\u017eivota \u010dovjeka i rijeke u kr\u0161u, o\u010duvanih prirodnih procesa, bioraznolikosti, krajobrazne vrijednosti te kulturne i tradicijske ba\u0161tine. Sa svojim vje\u010dnim tokom, sedrenim slapovima, \u0161umskim stani\u0161tima i speleolo\u0161kim objektima, rijeka Krka temeljna je vrijednost ovog za\u0161ti\u0107enog podru\u010dja. Odr\u017eivi razvoj Nacionalnog parka \u201eKrka\u201c temelji se na o\u010duvanju prirodnih vrijednosti, za\u0161titi i o\u010duvanju kulturne ba\u0161tine, upravljanju posje\u0107ivanjem, interpretaciji i edukaciji, te suradnji s lokalnom zajednicom. O\u010duvanje raznolikosti vrsta i stani\u0161nih tipova, specifi\u010dnog kr\u0161kog krajobraza i prirodnog procesa sedrenja rijeke Krke, kao i promocija kulturne ba\u0161tine kao nositelja kulturnog identiteta, klju\u010dne su misije Parka. Sustav posje\u0107ivanja koji uva\u017eava za\u0161titu i o\u010duvanje prirodne i kulturne ba\u0161tine osigurava zadovoljstvo i edukaciju posjetitelja i financijsku sigurnost Ustanove i doprinosi dobrobiti lokalne zajednice. Kvalitetna suradnja s lokalnom zajednicom i jedinicama lokalne samouprave, uz obostrano povjerenje, pove\u0107ava svijest o va\u017enosti za\u0161tite vrijednosti podru\u010dja i doprinosi odr\u017eivom razvoju. Javna ustanova koristi sve resurse potrebne za trajno unaprje\u0111enje svih segmenata upravljanja i organizacijske kulture.<\/p>\n","protected":false},"excerpt":{"rendered":"<p>Nacionalni park \u201eKrka\u201c jedinstveni je prostor su\u017eivota \u010dovjeka i rijeke u kr\u0161u, o\u010duvanih prirodnih procesa, bioraznolikosti, krajobrazne vrijednosti te kulturne i tradicijske ba\u0161tine. Krka, sa svojim vje\u010dnim tokom, sedrenim slapov&#8230;<\/p>\n","protected":false},"author":3,"featured_media":3261,"parent":23,"menu_order":0,"comment_status":"closed","ping_status":"closed","template":"page-subpages.php","meta":{"footnotes":""},"class_list":["post-10484","page","type-page","status-publish","has-post-thumbnail","hentry"],"_links":{"self":[{"href":"https:\/\/npkrka.hr\/hr\/wp-json\/wp\/v2\/pages\/10484","targetHints":{"allow":["GET"]}}],"collection":[{"href":"https:\/\/npkrka.hr\/hr\/wp-json\/wp\/v2\/pages"}],"about":[{"href":"https:\/\/npkrka.hr\/hr\/wp-json\/wp\/v2\/types\/page"}],"author":[{"embeddable":true,"href":"https:\/\/npkrka.hr\/hr\/wp-json\/wp\/v2\/users\/3"}],"replies":[{"embeddable":true,"href":"https:\/\/npkrka.hr\/hr\/wp-json\/wp\/v2\/comments?post=10484"}],"version-history":[{"count":0,"href":"https:\/\/npkrka.hr\/hr\/wp-json\/wp\/v2\/pages\/10484\/revisions"}],"up":[{"embeddable":true,"href":"https:\/\/npkrka.hr\/hr\/wp-json\/wp\/v2\/pages\/23"}],"wp:featuredmedia":[{"embeddable":true,"href":"https:\/\/npkrka.hr\/hr\/wp-json\/wp\/v2\/media\/3261"}],"wp:attachment":[{"href":"https:\/\/npkrka.hr\/hr\/wp-json\/wp\/v2\/media?parent=10484"}],"curies":[{"name":"wp","href":"https:\/\/api.w.org\/{rel}","templated":true}]}}