{"id":1045,"date":"2022-07-02T13:15:08","date_gmt":"2022-07-02T11:15:08","guid":{"rendered":"https:\/\/www.npkrka.hr\/?page_id=1045"},"modified":"2022-07-26T13:18:28","modified_gmt":"2022-07-26T11:18:28","slug":"trosenj-cucevo","status":"publish","type":"page","link":"https:\/\/npkrka.hr\/hr\/kulturna-bastina\/srednjovjekovne-utvrde\/trosenj-cucevo\/","title":{"rendered":"Tro\u0161enj (\u010cu\u010devo)"},"content":{"rendered":"<p><strong>Srednjovjekovna utvrda Tro\u0161enj smje\u0161tena je na visokoj klisuri na desnoj obali Krke, nasuprot utvrdi Ne\u010dven.<\/strong><\/p>\n<p>Tro\u0161enj je sagradila velika\u0161ka obitelj \u0160ubi\u0107 u 14. stolje\u0107u radi nadzora nad strate\u0161ki va\u017enim mostom preko rijeke Krke. Obje utvrde, i Tro\u0161enj i Ne\u010dven, podignute su na gotovo istoj nadmorskoj visini, prva na 243, druga na 242 m.<\/p>\n<p>Utvrda i obli\u017enje selo \u010cu\u010devo spominju se u ispravi iz 1437. godine kao <em>villa Chuchevno<\/em>. Nakon protjerivanja Turaka Tro\u0161enj je napu\u0161ten, kao i ve\u0107ina utvrda na rijeci Krki, i otada propada. Most preko rijeke Krke podno Ne\u010dvena i Tro\u0161enja spominje se sredinom 17. stolje\u0107a kada je poru\u0161en.<\/p>\n<p>Utvrda je nepravilna oblika, zbog konfiguracije terena. Sastoji se od obrambenih zidina, kru\u017ene kule i stambenih prostorija. Promjer kule iznosi oko 5 m, a zidovi su joj u prosjeku debeli metar. Uz kulu se nalaze i ostatci utvr\u0111ene zgrade. Osim kru\u017ene kule, vidljivi su i ostatci \u010detverokutne kule, s manjim prozorima i ve\u0107im polukru\u017enim otvorima.<\/p>\n<p>Danas se do Tro\u0161enja dolazi preko sela \u010cu\u010deva, pje\u0161a\u010dkom stazom iz smjera Kistanja.<\/p>\n<div class=\"fotorama rounded-lg  shadow lblue-bg mt-5   \" data-width=\"100%\" data-ratio=\"16\/10\"  data-nav=\"thumbs\" data-autoplay=\"true\" data-arrows=\"true\" data-transition=\"crossfade\"><img decoding=\"async\" src=\"https:\/\/npkrka.hr\/wp-content\/uploads\/Trosenj-6-scaled.jpg\" width=\"100%\" \/><img decoding=\"async\" src=\"https:\/\/npkrka.hr\/wp-content\/uploads\/Trosenj-8-scaled.jpg\" width=\"100%\" \/><img decoding=\"async\" src=\"https:\/\/npkrka.hr\/wp-content\/uploads\/Trosenj-7-scaled.jpg\" width=\"100%\" \/><img decoding=\"async\" src=\"https:\/\/npkrka.hr\/wp-content\/uploads\/Trosenj-5-scaled.jpg\" width=\"100%\" \/><img decoding=\"async\" src=\"https:\/\/npkrka.hr\/wp-content\/uploads\/Trosenj-1-scaled.jpg\" width=\"100%\" \/><img decoding=\"async\" src=\"https:\/\/npkrka.hr\/wp-content\/uploads\/Trosenj-9.jpg\" width=\"100%\" \/><img decoding=\"async\" src=\"https:\/\/npkrka.hr\/wp-content\/uploads\/Trosenj-2-scaled.jpg\" width=\"100%\" \/><img decoding=\"async\" src=\"https:\/\/npkrka.hr\/wp-content\/uploads\/Trosenj-3-scaled.jpg\" width=\"100%\" \/><img decoding=\"async\" src=\"https:\/\/npkrka.hr\/wp-content\/uploads\/Trosenj-4-scaled.jpg\" width=\"100%\" \/><\/div><p>&nbsp;<\/p>\n","protected":false},"excerpt":{"rendered":"<p>Srednjovjekovna utvrda Tro\u0161enj smje\u0161tena je na visokoj klisuri na desnoj obali Krke, nasuprot utvrdi Ne\u010dven.<\/p>\n","protected":false},"author":1,"featured_media":2235,"parent":182,"menu_order":5,"comment_status":"closed","ping_status":"closed","template":"","meta":{"footnotes":""},"class_list":["post-1045","page","type-page","status-publish","has-post-thumbnail","hentry"],"_links":{"self":[{"href":"https:\/\/npkrka.hr\/hr\/wp-json\/wp\/v2\/pages\/1045","targetHints":{"allow":["GET"]}}],"collection":[{"href":"https:\/\/npkrka.hr\/hr\/wp-json\/wp\/v2\/pages"}],"about":[{"href":"https:\/\/npkrka.hr\/hr\/wp-json\/wp\/v2\/types\/page"}],"author":[{"embeddable":true,"href":"https:\/\/npkrka.hr\/hr\/wp-json\/wp\/v2\/users\/1"}],"replies":[{"embeddable":true,"href":"https:\/\/npkrka.hr\/hr\/wp-json\/wp\/v2\/comments?post=1045"}],"version-history":[{"count":0,"href":"https:\/\/npkrka.hr\/hr\/wp-json\/wp\/v2\/pages\/1045\/revisions"}],"up":[{"embeddable":true,"href":"https:\/\/npkrka.hr\/hr\/wp-json\/wp\/v2\/pages\/182"}],"wp:featuredmedia":[{"embeddable":true,"href":"https:\/\/npkrka.hr\/hr\/wp-json\/wp\/v2\/media\/2235"}],"wp:attachment":[{"href":"https:\/\/npkrka.hr\/hr\/wp-json\/wp\/v2\/media?parent=1045"}],"curies":[{"name":"wp","href":"https:\/\/api.w.org\/{rel}","templated":true}]}}