{"id":1038,"date":"2022-07-02T13:13:04","date_gmt":"2022-07-02T11:13:04","guid":{"rendered":"https:\/\/www.npkrka.hr\/?page_id=1038"},"modified":"2022-09-27T12:55:58","modified_gmt":"2022-09-27T10:55:58","slug":"necven","status":"publish","type":"page","link":"https:\/\/npkrka.hr\/hr\/kulturna-bastina\/srednjovjekovne-utvrde\/necven\/","title":{"rendered":"Ne\u010dven"},"content":{"rendered":"<p><strong>Utvrda Ne\u010dven pripada najzna\u010dajnijim spomenicima srednjovjekovne fortifikacijske arhitekture u Dalmaciji.<\/strong><\/p>\n<p>Na sjeverozapadnoj strani prominskoga sela Ne\u010dvena, iznad lijeve obale rijeke Krke sagra\u0111ena je koncem 13. ili po\u010detkom 14. stolje\u0107a utvrda Ne\u010dven. Podignuta je na mjestu gdje je preko Krke prelazio put koji je iz jugoisto\u010dne Dalmacije vodio prema Bukovi\u00adci i Ravnim kotarima. Tu je trgovcima napla\u0107ivana mostarina prilikom prijelaza rijeke, koja je dijelila posjede \u0160ubi\u0107a i Nelipi\u0107a, \u0161to je objema obiteljima donosilo veliki prihod.<\/p>\n<p>Ne\u010dven je bio obiteljski posjed Nelipi\u0107a od njihova dolaska na prostor Promine. Prvi se put u povijesnim izvorima spominje 21. rujna 1376. godine u ispravi kojom je \u201eknez Ivan, sin Nelipca Cetinskog\u201c odredio da se od svih desetina koje pripadaju njemu i njegovim potomcima od kmetova posjeda Promine, tj. sela koja pripadaju kne\u017eevim utvrdama Kami\u010dku i Ne\u010dvenu, kninskom biskupu ubudu\u0107e pla\u0107a osam solida od svake mjere \u017eitarica i dvanaest solida od svakog vjedra vina, i to dva puta godi\u0161nje, na blagdan sv. Martina i na Bo\u017ei\u0107.<\/p>\n<p>Ne\u010dven se kao Nelipi\u0107ev posjed jo\u0161 dvaput spominje u povijesnim izvorima: 1388. godine, kada se jedini imenom poznati Konstantinov sin, Nelipac, navodi kao \u201euzvi\u0161eni knez Nelipac od Ne\u010dvena\u201c (<em>magnifici comitis Nelipcii de Neguen<\/em>), i 1421. godine, kada se njegova supruga Jelena navodi kao \u201eudovica pokojnog Nelipca, sina Konstantina od Ne\u010dvena\u201c (<em>relicta condam Nelepech filii Kozthadini de Nechven<\/em>)<em>.<\/em><\/p>\n<p>U prvoj polovici 16. stolje\u0107a, oko 1522. godine, Ne\u010dven su osvojili Turci. Isprva je bio sjedi\u0161te nahije, a potom i kadiluka. Po\u010detkom Kandijskog rata, 1647. godine mleta\u010dki uskoci na \u010delu s don Stjepanom Sori\u0107em poru\u0161ili su most na Krki podno Ne\u010dvena.<\/p>\n<div class=\"fotorama rounded-lg  shadow lblue-bg mt-5   \" data-width=\"100%\" data-ratio=\"16\/10\"  data-nav=\"thumbs\" data-autoplay=\"true\" data-arrows=\"true\" data-transition=\"crossfade\"><img decoding=\"async\" src=\"https:\/\/npkrka.hr\/wp-content\/uploads\/Necven-6-scaled.jpg\" width=\"100%\" \/><img decoding=\"async\" src=\"https:\/\/npkrka.hr\/wp-content\/uploads\/Trosenj-i-Necven-9-scaled.jpg\" width=\"100%\" \/><img decoding=\"async\" src=\"https:\/\/npkrka.hr\/wp-content\/uploads\/Necven-5-scaled.jpg\" width=\"100%\" \/><img decoding=\"async\" src=\"https:\/\/npkrka.hr\/wp-content\/uploads\/Necven-1-scaled.jpg\" width=\"100%\" \/><img decoding=\"async\" src=\"https:\/\/npkrka.hr\/wp-content\/uploads\/Trosenj-i-Necven-8-scaled.jpg\" width=\"100%\" \/><img decoding=\"async\" src=\"https:\/\/npkrka.hr\/wp-content\/uploads\/Necven-3-scaled.jpg\" width=\"100%\" \/><img decoding=\"async\" src=\"https:\/\/npkrka.hr\/wp-content\/uploads\/Necven-4-scaled.jpg\" width=\"100%\" \/><img decoding=\"async\" src=\"https:\/\/npkrka.hr\/wp-content\/uploads\/Trosenj-i-Necven-10-scaled.jpg\" width=\"100%\" \/><img decoding=\"async\" src=\"https:\/\/npkrka.hr\/wp-content\/uploads\/Necven-2-scaled.jpg\" width=\"100%\" \/><img decoding=\"async\" src=\"https:\/\/npkrka.hr\/wp-content\/uploads\/Necven-7-scaled.jpg\" width=\"100%\" \/><\/div><p>&nbsp;<\/p>\n<p>Prema naredbi generalnog providura Dalmacije Leonarda Fos\u00adcola, Ne\u010dven je 1648. godine zapaljen nakon \u0161to ga je turska vojska poslije kratke borbe napustila i predala se mleta\u010dkim uskocima, \u0160iben\u010danima i Trogiranima.<\/p>\n<p>Pod turskom vla\u0161\u0107u ponovno je od 1670. godine nakon mira uspostavljenog izme\u0111u Osmanskog Carstva i Venecije. Godinu dana prije kona\u010dnog izgona Turaka i osloba\u0111anja Knina 1688., utvrda se nalazila u rukama Skradinjana koji su \u010duvali pograni\u010dna podru\u010dja.<\/p>\n<p>Utvrda ima oblik nepravilna \u010detverokuta. Obrambeni zidovi na jugozapadnoj strani, koji su na mjestima bili visoki od osam do deset metara, prate prirodni nagib terena. Ulaz u utvrdu, nadziran s poligonalne kule, nalazi se na sjevernoj strani. U unutra\u0161njosti je prostrano dvori\u0161te, iz kojeg je stubi\u0161te vodilo na povi\u0161enu sredi\u0161nju zaravan. U gornjem dijelu utvrde dominirala je vi\u0161ekatna kru\u017ena kula, sa\u010duvana u visini od jednog kata. Obrambeno zi\u0111e utvrde gra\u0111eno je od klesanog kamena u vapnenoj \u017ebuci.<\/p>\n<p>Na utvrdi se od 2011. godine sustavno provode arheolo\u0161ka istra\u017eivanja i prate\u0107a geodetska i arhitektonska snimanja. Paralelno s arheolo\u0161kim iskopavanjima obavlja se konzerviranje otkrivene arhitekture. Istra\u017eivanja su iznjedrila brojne nalaze, me\u0111u kojima je i luksuzno stolno posu\u0111e: gravirana keramika s glazurom i talijanska majolika <em>alla porcelana<\/em>. Posebno vrijedno otkri\u0107e je izvrsno sa\u010duvan zadak topa (ma\u010dkula).<\/p>\n","protected":false},"excerpt":{"rendered":"<p>Utvrda Ne\u010dven pripada najzna\u010dajnijim spomenicima srednjovjekovne fortifikacijske arhitekture u Dalmaciji.<\/p>\n","protected":false},"author":1,"featured_media":2216,"parent":182,"menu_order":4,"comment_status":"closed","ping_status":"closed","template":"","meta":{"footnotes":""},"class_list":["post-1038","page","type-page","status-publish","has-post-thumbnail","hentry"],"_links":{"self":[{"href":"https:\/\/npkrka.hr\/hr\/wp-json\/wp\/v2\/pages\/1038","targetHints":{"allow":["GET"]}}],"collection":[{"href":"https:\/\/npkrka.hr\/hr\/wp-json\/wp\/v2\/pages"}],"about":[{"href":"https:\/\/npkrka.hr\/hr\/wp-json\/wp\/v2\/types\/page"}],"author":[{"embeddable":true,"href":"https:\/\/npkrka.hr\/hr\/wp-json\/wp\/v2\/users\/1"}],"replies":[{"embeddable":true,"href":"https:\/\/npkrka.hr\/hr\/wp-json\/wp\/v2\/comments?post=1038"}],"version-history":[{"count":0,"href":"https:\/\/npkrka.hr\/hr\/wp-json\/wp\/v2\/pages\/1038\/revisions"}],"up":[{"embeddable":true,"href":"https:\/\/npkrka.hr\/hr\/wp-json\/wp\/v2\/pages\/182"}],"wp:featuredmedia":[{"embeddable":true,"href":"https:\/\/npkrka.hr\/hr\/wp-json\/wp\/v2\/media\/2216"}],"wp:attachment":[{"href":"https:\/\/npkrka.hr\/hr\/wp-json\/wp\/v2\/media?parent=1038"}],"curies":[{"name":"wp","href":"https:\/\/api.w.org\/{rel}","templated":true}]}}