{"id":10379,"date":"2024-07-05T09:41:57","date_gmt":"2024-07-05T07:41:57","guid":{"rendered":"https:\/\/www.npkrka.hr\/?page_id=10379"},"modified":"2024-08-14T07:36:42","modified_gmt":"2024-08-14T05:36:42","slug":"the-krka-in-bloom","status":"publish","type":"page","link":"https:\/\/npkrka.hr\/hr\/multimedia\/exibits\/the-krka-in-bloom\/","title":{"rendered":"Rascvjetana Krka"},"content":{"rendered":"<p><strong>Dobro do\u0161li na izlo\u017ebu <em>Rascvjetana Krka<\/em>, na kojoj svaka fotografija govori o \u010darobnom cvjetnom bogatstvu Nacionalnog parka \u201eKrka\u201d<\/strong><\/p>\n<p>O\u010daravaju\u0107e slike rijetkih i endemi\u010dnih biljnih vrsta koje krase Park snimili su talentirani \u010dlanovi Foto kluba \u0160ibenik i Foto kluba Knin. Kako bi svojim fotoaparatima zabilje\u017eili ljepotu tih biljaka, istra\u017eili su krajolik, od vla\u017enih livada uz rijeku do suhih kamenjara i stijenja u kr\u0161u.<\/p>\n<p>Ova izlo\u017eba predstavlja vam neke od botani\u010dkih dragulja koje Nacionalni park \u201eKrka\u201d skriva, me\u0111u njima i rijetke vrste i nekoliko ilirsko-jadranskih endema.<\/p>\n<p>Blistavi piramidalni zvon\u010di\u0107 ustrajno raste me\u0111u stijenama u kanjonskom dijelu rijeke Krke. Brojni cvjetovi livadskog procjepka, koji prekrivaju doline Krke i \u010cikole, mame nas raznoliko\u0161\u0107u svojih boja. Dalmatinski buha\u010d pripovijeda nam pri\u010du o tomu kako je, zahvaljuju\u0107i prirodnom insekticidu piretrinu, kori\u0161ten i kod prokopavanja Panamskog kanala. Svi ti zeleni heroji vla\u017enih livada i suhog kamenjara pri\u010daju pri\u010de o borbi za opstanak i prilagodbi \u010desto surovom okoli\u0161u.<\/p>\n<p>Nezaobilazna na ovoj izlo\u017ebi je perunika, hrvatski nacionalni cvijet, koji u Parku obitava kao ilirska i \u017euta perunika. Strogo za\u0161ti\u0107ene zakonom, te su perunike simboli u drevnim vjerovanjima i mitolo\u0161kim pri\u010dama: narod ka\u017ee da perunika nikne ondje gdje udari munja gromovnika Peruna, a Grci su taj cvijet posvetili Iridi, bo\u017eici duge, glasnici bogova. Tu je i oman (bjelu\u0161ina), za koji ka\u017eu da je ime <em>Inula helenium<\/em> dobio po Heleni Trojanskoj, najljep\u0161oj \u017eeni na svijetu, koja ga je brala kada ju je oteo trojanski princ Paris.<\/p>\n<p>Ova izlo\u017eba poziva vas da zakora\u010dite u svijet u kojemu priroda slika najljep\u0161e pejza\u017ee, a cvije\u0107e ple\u0161e svoj ljupki ples. <em>Rascvjetana Krka<\/em> nije samo izlo\u017eba fotografija \u2013 to je poetsko putovanje kroz \u010daroliju prirode, u kojoj svaki cvijet, svaka biljka, pri\u010da svoju pri\u010du.<\/p>\n<div class=\"fotorama rounded-lg  shadow lblue-bg mt-5   \" data-width=\"100%\" data-ratio=\"16\/10\"  data-nav=\"thumbs\" data-autoplay=\"true\" data-arrows=\"true\" data-transition=\"crossfade\"><img decoding=\"async\" src=\"https:\/\/npkrka.hr\/wp-content\/uploads\/WEB-Anita-Zivaljic.jpg\" width=\"100%\" \/><img decoding=\"async\" src=\"https:\/\/npkrka.hr\/wp-content\/uploads\/WEB-Branimir-Grubisic.jpg\" width=\"100%\" \/><img decoding=\"async\" src=\"https:\/\/npkrka.hr\/wp-content\/uploads\/WEB-Gorana-Mijakovac.jpg\" width=\"100%\" \/><img decoding=\"async\" src=\"https:\/\/npkrka.hr\/wp-content\/uploads\/WEB-Ivica-Simic.jpg\" width=\"100%\" \/><img decoding=\"async\" src=\"https:\/\/npkrka.hr\/wp-content\/uploads\/WEB-Karmen-Dondivic.jpg\" width=\"100%\" \/><img decoding=\"async\" src=\"https:\/\/npkrka.hr\/wp-content\/uploads\/WEB-Mara-Pilic.jpg\" width=\"100%\" \/><img decoding=\"async\" src=\"https:\/\/npkrka.hr\/wp-content\/uploads\/WEB-Matilda-Skaro.jpg\" width=\"100%\" \/><img decoding=\"async\" src=\"https:\/\/npkrka.hr\/wp-content\/uploads\/WEB-Mico-Samardzija.jpg\" width=\"100%\" \/><img decoding=\"async\" src=\"https:\/\/npkrka.hr\/wp-content\/uploads\/WEB-Miranda-Trklja.jpg\" width=\"100%\" \/><img decoding=\"async\" src=\"https:\/\/npkrka.hr\/wp-content\/uploads\/WEB-Snezana-Ceko.jpg\" width=\"100%\" \/><img decoding=\"async\" src=\"https:\/\/npkrka.hr\/wp-content\/uploads\/WEB-Vedrana-Cetkovic.jpg\" width=\"100%\" \/><img decoding=\"async\" src=\"https:\/\/npkrka.hr\/wp-content\/uploads\/WEB-Zivko-Roguljic.jpg\" width=\"100%\" \/><img decoding=\"async\" src=\"https:\/\/npkrka.hr\/wp-content\/uploads\/Boris-Stanic-FS-scaled.jpg\" width=\"100%\" \/><img decoding=\"async\" src=\"https:\/\/npkrka.hr\/wp-content\/uploads\/Bruno-Vidovic-FK-scaled.jpg\" width=\"100%\" \/><img decoding=\"async\" src=\"https:\/\/npkrka.hr\/wp-content\/uploads\/Dragan-Zrncevic-FS-scaled.jpg\" width=\"100%\" \/><img decoding=\"async\" src=\"https:\/\/npkrka.hr\/wp-content\/uploads\/Duje-Supe-FS-scaled.jpg\" width=\"100%\" \/><img decoding=\"async\" src=\"https:\/\/npkrka.hr\/wp-content\/uploads\/Dusan-Kalat-FK-scaled.jpg\" width=\"100%\" \/><img decoding=\"async\" src=\"https:\/\/npkrka.hr\/wp-content\/uploads\/Ivana-Mandinic-FK-scaled.jpg\" width=\"100%\" \/><img decoding=\"async\" src=\"https:\/\/npkrka.hr\/wp-content\/uploads\/Jure-Katusic-FS-scaled.jpg\" width=\"100%\" \/><img decoding=\"async\" src=\"https:\/\/npkrka.hr\/wp-content\/uploads\/Katja-Nakic-FK-scaled.jpg\" width=\"100%\" \/><img decoding=\"async\" src=\"https:\/\/npkrka.hr\/wp-content\/uploads\/Kristina-Golub-FK.jpg\" width=\"100%\" \/><img decoding=\"async\" src=\"https:\/\/npkrka.hr\/wp-content\/uploads\/Lars-Fundberg-FS-scaled.jpg\" width=\"100%\" \/><img decoding=\"async\" src=\"https:\/\/npkrka.hr\/wp-content\/uploads\/Nikola-Ceko-FK-scaled.jpg\" width=\"100%\" \/><img decoding=\"async\" src=\"https:\/\/npkrka.hr\/wp-content\/uploads\/Zlatko-Ibrahimovic-FS-scaled.jpg\" width=\"100%\" \/><img decoding=\"async\" src=\"https:\/\/npkrka.hr\/wp-content\/uploads\/Zeljko-Krncevic-FS-scaled.jpg\" width=\"100%\" \/><\/div><p>&nbsp;<\/p>\n","protected":false},"excerpt":{"rendered":"<p>Dobro do\u0161li na izlo\u017ebu Rascvjetana Krka, na kojoj svaka fotografija govori o \u010darobnom cvjetnom bogatstvu Nacionalnog parka \u201eKrka\u201d<\/p>\n","protected":false},"author":3,"featured_media":10555,"parent":4524,"menu_order":1,"comment_status":"closed","ping_status":"closed","template":"","meta":{"footnotes":""},"class_list":["post-10379","page","type-page","status-publish","has-post-thumbnail","hentry"],"_links":{"self":[{"href":"https:\/\/npkrka.hr\/hr\/wp-json\/wp\/v2\/pages\/10379","targetHints":{"allow":["GET"]}}],"collection":[{"href":"https:\/\/npkrka.hr\/hr\/wp-json\/wp\/v2\/pages"}],"about":[{"href":"https:\/\/npkrka.hr\/hr\/wp-json\/wp\/v2\/types\/page"}],"author":[{"embeddable":true,"href":"https:\/\/npkrka.hr\/hr\/wp-json\/wp\/v2\/users\/3"}],"replies":[{"embeddable":true,"href":"https:\/\/npkrka.hr\/hr\/wp-json\/wp\/v2\/comments?post=10379"}],"version-history":[{"count":0,"href":"https:\/\/npkrka.hr\/hr\/wp-json\/wp\/v2\/pages\/10379\/revisions"}],"up":[{"embeddable":true,"href":"https:\/\/npkrka.hr\/hr\/wp-json\/wp\/v2\/pages\/4524"}],"wp:featuredmedia":[{"embeddable":true,"href":"https:\/\/npkrka.hr\/hr\/wp-json\/wp\/v2\/media\/10555"}],"wp:attachment":[{"href":"https:\/\/npkrka.hr\/hr\/wp-json\/wp\/v2\/media?parent=10379"}],"curies":[{"name":"wp","href":"https:\/\/api.w.org\/{rel}","templated":true}]}}