{"id":10375,"date":"2024-07-16T12:02:31","date_gmt":"2024-07-16T10:02:31","guid":{"rendered":"https:\/\/www.npkrka.hr\/?page_id=10375"},"modified":"2026-04-08T13:57:56","modified_gmt":"2026-04-08T11:57:56","slug":"odrzivo-upravljanje","status":"publish","type":"page","link":"https:\/\/npkrka.hr\/hr\/o-nama\/odrzivo-upravljanje\/odrzivo-upravljanje\/","title":{"rendered":"Postupak podno\u0161enja primjedbi"},"content":{"rendered":"<p><strong>Javna ustanova \u201eNacionalni park Krka\u201c posve\u0107ena je kontinuiranom napretku odr\u017eivog turizma i uspostavi odgovorne i odr\u017eive turisti\u010dke destinacije. Kroz primjenu participativnog pristupa, aktivno uklju\u010duje dionike kako bi zajedno doprinijeli razvoju i trajnoj odr\u017eivosti Parka.<\/strong><\/p>\n<p>Svoj prijedlog, primjedbu ili komentar na postizanje pokazatelja odr\u017eivosti mo\u017eete podnijeti na e-mail adresu: <a href=\"mailto:odrzivost@npkrka.hr\">odrzivost@npk.hr<\/a><\/p>\n<p>Koordinator za odr\u017eivost pregledat \u0107e i odgovoriti na sve pristigle prijedloge.<\/p>\n<p>Radujemo se va\u0161im prijedlozima!<\/p>\n<p><strong>POSTUPAK PODNO\u0160ENJA PRIMJEDBI<\/strong><\/p>\n<p>Primjedba se mo\u017ee podnijeti u pisanom obliku na navedenu e-mail adresu Ustanove. Primjedbom u pisanom obliku smatrat \u0107e se podnesak zaprimljen putem elektroni\u010dke po\u0161te ako sadr\u017ei potpis podnositelja. Primjedbe razmatraju osobe odgovorne za provedbu i izvje\u0161tavanje o odr\u017eivom upravljanju podru\u010djem Nacionalnog parka \u201eKrka\u201c. S obzirom na rezultate provjere navoda, pritu\u017eba mo\u017ee biti ocijenjena kao:<\/p>\n<ul>\n<li><strong>utemeljena<\/strong> \u2013 prikupljenim dokazima potvr\u0111eni su svi bitni navodi primjedbe<\/li>\n<li><strong>djelomi\u010dno utemeljena<\/strong> \u2013 argumentirano je potvr\u0111en samo dio navoda, dok je dio navoda ili neutemeljen ili ga nije bilo mogu\u0107e potvrditi<\/li>\n<li><strong>neutemeljena<\/strong> \u2013 u cijelosti je pouzdano potvr\u0111ena i dokazana neutemeljenost svih navoda u primjedbi<\/li>\n<li><strong>nepotvr\u0111ena<\/strong> \u2013 nije bilo mogu\u0107e prikupiti saznanja koja bi potkrijepila tvrdnje podnositelja primjedbe<\/li>\n<\/ul>\n<p>Osobe odgovorne za provedbu i izvje\u0161tavanje o odr\u017eivom upravljanju obavijestit \u0107e podnositelja primjedbe o utvr\u0111enom \u010dinjeni\u010dnom stanju i poduzetim mjerama u roku od 30 dana od dana primitka primjedbe.<\/p>\n","protected":false},"excerpt":{"rendered":"<p>Javna ustanova \u201eNacionalni park Krka\u201c posve\u0107ena je kontinuiranom napretku odr\u017eivog turizma i uspostavi odgovorne i odr\u017eive turisti\u010dke destinacije. Kroz primjenu participativnog pristupa, aktivno uklju\u010duje dionike kako bi zajedno doprinijeli razvoju i trajnoj odr\u017eivosti Parka.<\/p>\n","protected":false},"author":3,"featured_media":3262,"parent":10484,"menu_order":1,"comment_status":"closed","ping_status":"closed","template":"","meta":{"footnotes":""},"class_list":["post-10375","page","type-page","status-publish","has-post-thumbnail","hentry"],"_links":{"self":[{"href":"https:\/\/npkrka.hr\/hr\/wp-json\/wp\/v2\/pages\/10375","targetHints":{"allow":["GET"]}}],"collection":[{"href":"https:\/\/npkrka.hr\/hr\/wp-json\/wp\/v2\/pages"}],"about":[{"href":"https:\/\/npkrka.hr\/hr\/wp-json\/wp\/v2\/types\/page"}],"author":[{"embeddable":true,"href":"https:\/\/npkrka.hr\/hr\/wp-json\/wp\/v2\/users\/3"}],"replies":[{"embeddable":true,"href":"https:\/\/npkrka.hr\/hr\/wp-json\/wp\/v2\/comments?post=10375"}],"version-history":[{"count":1,"href":"https:\/\/npkrka.hr\/hr\/wp-json\/wp\/v2\/pages\/10375\/revisions"}],"predecessor-version":[{"id":15004,"href":"https:\/\/npkrka.hr\/hr\/wp-json\/wp\/v2\/pages\/10375\/revisions\/15004"}],"up":[{"embeddable":true,"href":"https:\/\/npkrka.hr\/hr\/wp-json\/wp\/v2\/pages\/10484"}],"wp:featuredmedia":[{"embeddable":true,"href":"https:\/\/npkrka.hr\/hr\/wp-json\/wp\/v2\/media\/3262"}],"wp:attachment":[{"href":"https:\/\/npkrka.hr\/hr\/wp-json\/wp\/v2\/media?parent=10375"}],"curies":[{"name":"wp","href":"https:\/\/api.w.org\/{rel}","templated":true}]}}