{"id":1027,"date":"2022-07-02T13:08:56","date_gmt":"2022-07-02T11:08:56","guid":{"rendered":"https:\/\/www.npkrka.hr\/?page_id=1027"},"modified":"2022-07-26T13:21:46","modified_gmt":"2022-07-26T11:21:46","slug":"bogocin-vilin-grad","status":"publish","type":"page","link":"https:\/\/npkrka.hr\/hr\/kulturna-bastina\/srednjovjekovne-utvrde\/bogocin-vilin-grad\/","title":{"rendered":"Bogo\u010din"},"content":{"rendered":"<p><strong>Za Bogo\u010din, poznat i kao Vilingrad, najskriveniju utvrdu na Krki, vezana je legenda o nesretnim mladencima.<\/strong><\/p>\n<p>Ostatci utvrde Bogo\u010din nalaze se na izdvojenoj stijeni u selu Bogati\u0107i Prominski, na lijevoj obali Krke, gotovo prekoputa manastira Krka (sv. Arhan\u0111ela). Nije poznato kada je podignuta, ni tko ju je sagradio. Vjerojatno je bila dio obrambenog sustava utvrda u posjedu obitelji Nelipi\u0107. Prema na\u010dinu zidanja i gradnje, mo\u017ee se datirati u 13. ili 14. stolje\u0107e. U pisanim izvorima prvi se put spominje, kao <em>Bogochin<\/em>, 1486. godine. Kao prvi poznati gospodar utvrde Bogo\u010din spominje se plemi\u0107ka obitelj Martinu\u0161i\u0107.<\/p>\n<p>Utvrda je nepravilna kru\u017ena oblika. Sa sjeveroisto\u010dne strane podignut je, pravilno klesanim kamenjem, zid u kojemu je glavni ulaz u utvrdu. U unutra\u0161njosti utvrde nalaze se ostatci \u010detvrtaste gra\u0111evine nepoznate namjene.<\/p>\n<p>Utvrdu su Turci osvojili 1522. godine i vjerojatno poru\u0161ili. Ostatcima utvrde mo\u017ee se pristupiti samo s njezine isto\u010dne strane, sa\u010duvanim srednjovjekovnim putom. O\u010duvani su i potpornji pokretnog mosta na glavnom ulazu. U 16. st. podno utvrde nalazile su se pilane na vodeni pogon u vlasni\u0161tvu obitelji Martinu\u0161i\u0107.<\/p>\n<div class=\"fotorama rounded-lg  shadow lblue-bg mt-5   \" data-width=\"100%\" data-ratio=\"16\/10\"  data-nav=\"thumbs\" data-autoplay=\"true\" data-arrows=\"true\" data-transition=\"crossfade\"><img decoding=\"async\" src=\"https:\/\/npkrka.hr\/wp-content\/uploads\/Bogocin-5-scaled.jpg\" width=\"100%\" \/><img decoding=\"async\" src=\"https:\/\/npkrka.hr\/wp-content\/uploads\/Bogocin-9-scaled.jpg\" width=\"100%\" \/><img decoding=\"async\" src=\"https:\/\/npkrka.hr\/wp-content\/uploads\/Bogocin-8-scaled.jpg\" width=\"100%\" \/><img decoding=\"async\" src=\"https:\/\/npkrka.hr\/wp-content\/uploads\/Bogocin-6-scaled.jpg\" width=\"100%\" \/><img decoding=\"async\" src=\"https:\/\/npkrka.hr\/wp-content\/uploads\/Bogocin-4-scaled.jpg\" width=\"100%\" \/><img decoding=\"async\" src=\"https:\/\/npkrka.hr\/wp-content\/uploads\/Bogocin-3-scaled.jpg\" width=\"100%\" \/><img decoding=\"async\" src=\"https:\/\/npkrka.hr\/wp-content\/uploads\/Bogocin-7-scaled.jpg\" width=\"100%\" \/><\/div><p>&nbsp;<\/p>\n<p>Narodna predaja utvrdu Bogo\u010din povezuje s bogatim knezom Bogojem, koji ju je sagradio za sina Bogdana i njegovu izabranicu Miljevu iz Klju\u010da na u\u0161\u0107u \u010cikole. Prema legendi, majka \u010cika Miljevu je bogato pripremila za udaju. Na pir je do\u0161lo sedam banova i dvanaest \u017eupana. No, svadbu je pokvario zmaj, koji je ugrabio mladenku i odnio je u jezero kod Brljana. Bogdan je odmah krenuo u potragu za njom, ali je nestao u vodenim dubinama. Neutje\u0161ni knez Bogoje svoje je bogatstvo razdijelio narodu i sagradio manastir Arhan\u0111elovac kako bi monasi molili za njega i du\u0161e nesretnika. Podigao je i dvije kule, \u010cu\u010devo (Tro\u0161enj) i Ne\u010dven, u koje je uzidao dvije blizanke, da vje\u010dno nari\u010du za njegovim sinom. Kod Miljacke i Ro\u0161koga slapa izgradio je most na kojemu su putnici dvjema suzama, za Bogdana, pla\u0107ali mostarinu. Narod je utvrdu prozvao Vilingrad, potok pod utvrdom Klju\u010d \u010cikola a brijeg (brinu) kod Klju\u010da Miljevci, dok su Puni\u010dka draga i Babin grad nazvani po banici.<\/p>\n","protected":false},"excerpt":{"rendered":"<p>Za Bogo\u010din, poznat i kao Vilingrad, najskriveniju utvrdu na Krki, vezana je legenda o nesretnim mladencima.<\/p>\n","protected":false},"author":1,"featured_media":2249,"parent":182,"menu_order":2,"comment_status":"closed","ping_status":"closed","template":"","meta":{"footnotes":""},"class_list":["post-1027","page","type-page","status-publish","has-post-thumbnail","hentry"],"_links":{"self":[{"href":"https:\/\/npkrka.hr\/hr\/wp-json\/wp\/v2\/pages\/1027","targetHints":{"allow":["GET"]}}],"collection":[{"href":"https:\/\/npkrka.hr\/hr\/wp-json\/wp\/v2\/pages"}],"about":[{"href":"https:\/\/npkrka.hr\/hr\/wp-json\/wp\/v2\/types\/page"}],"author":[{"embeddable":true,"href":"https:\/\/npkrka.hr\/hr\/wp-json\/wp\/v2\/users\/1"}],"replies":[{"embeddable":true,"href":"https:\/\/npkrka.hr\/hr\/wp-json\/wp\/v2\/comments?post=1027"}],"version-history":[{"count":0,"href":"https:\/\/npkrka.hr\/hr\/wp-json\/wp\/v2\/pages\/1027\/revisions"}],"up":[{"embeddable":true,"href":"https:\/\/npkrka.hr\/hr\/wp-json\/wp\/v2\/pages\/182"}],"wp:featuredmedia":[{"embeddable":true,"href":"https:\/\/npkrka.hr\/hr\/wp-json\/wp\/v2\/media\/2249"}],"wp:attachment":[{"href":"https:\/\/npkrka.hr\/hr\/wp-json\/wp\/v2\/media?parent=1027"}],"curies":[{"name":"wp","href":"https:\/\/api.w.org\/{rel}","templated":true}]}}