{"id":10167,"date":"2024-06-03T14:01:58","date_gmt":"2024-06-03T12:01:58","guid":{"rendered":"https:\/\/www.npkrka.hr\/?page_id=10167"},"modified":"2024-06-06T12:51:39","modified_gmt":"2024-06-06T10:51:39","slug":"kongresne-usluge","status":"publish","type":"page","link":"https:\/\/npkrka.hr\/hr\/posjeti\/smjestaj-i-kongresne-usluge\/kongresne-usluge\/","title":{"rendered":"Kongresne usluge"},"content":{"rendered":"<p>Ne zaboravite istra\u017eiti i dodatne usluge koje nudimo, poput kori\u0161tenja konferencijske dvorane za poslovne ili edukativne programe. Multifunkcionalna dvorana mo\u017ee primiti do sto dvadeset osoba, a opremljena je audiovizualnom opremom koja osigurava profesionalnu razinu i uspjeh doga\u0111anja u njoj.<\/p>\n<div class=\"fotorama rounded-lg  shadow lblue-bg mt-5   \" data-width=\"100%\" data-ratio=\"16\/10\"  data-nav=\"thumbs\" data-autoplay=\"true\" data-arrows=\"true\" data-transition=\"crossfade\"><img decoding=\"async\" src=\"https:\/\/npkrka.hr\/wp-content\/uploads\/Day02_DSC09425.jpg\" width=\"100%\" \/><img decoding=\"async\" src=\"https:\/\/npkrka.hr\/wp-content\/uploads\/Day01_DSC09088.jpg\" width=\"100%\" \/><img decoding=\"async\" src=\"https:\/\/npkrka.hr\/wp-content\/uploads\/Day02_DSC09354.jpg\" width=\"100%\" \/><img decoding=\"async\" src=\"https:\/\/npkrka.hr\/wp-content\/uploads\/Day01_DSC09247.jpg\" width=\"100%\" \/><img decoding=\"async\" src=\"https:\/\/npkrka.hr\/wp-content\/uploads\/Np-Krka-616-scaled.jpg\" width=\"100%\" \/><img decoding=\"async\" src=\"https:\/\/npkrka.hr\/wp-content\/uploads\/Np-Krka-594-scaled.jpg\" width=\"100%\" \/><img decoding=\"async\" src=\"https:\/\/npkrka.hr\/wp-content\/uploads\/Np-Krka-596-scaled.jpg\" width=\"100%\" \/><img decoding=\"async\" src=\"https:\/\/npkrka.hr\/wp-content\/uploads\/Day01_DSC09251.jpg\" width=\"100%\" \/><\/div><p>&nbsp;<\/p>\n","protected":false},"excerpt":{"rendered":"<p>Ne zaboravite istra\u017eiti i dodatne usluge koje nudimo, poput kori\u0161tenja konferencijske dvorane za poslovne ili edukativne programe. Multifunkcionalna dvorana mo\u017ee primiti do sto dvadeset osoba, a opremljena je audiovizualnom opremom koja osigurava pro&#8230;<\/p>\n","protected":false},"author":2,"featured_media":5708,"parent":10159,"menu_order":0,"comment_status":"closed","ping_status":"closed","template":"page-subpages.php","meta":{"footnotes":""},"class_list":["post-10167","page","type-page","status-publish","has-post-thumbnail","hentry"],"_links":{"self":[{"href":"https:\/\/npkrka.hr\/hr\/wp-json\/wp\/v2\/pages\/10167","targetHints":{"allow":["GET"]}}],"collection":[{"href":"https:\/\/npkrka.hr\/hr\/wp-json\/wp\/v2\/pages"}],"about":[{"href":"https:\/\/npkrka.hr\/hr\/wp-json\/wp\/v2\/types\/page"}],"author":[{"embeddable":true,"href":"https:\/\/npkrka.hr\/hr\/wp-json\/wp\/v2\/users\/2"}],"replies":[{"embeddable":true,"href":"https:\/\/npkrka.hr\/hr\/wp-json\/wp\/v2\/comments?post=10167"}],"version-history":[{"count":0,"href":"https:\/\/npkrka.hr\/hr\/wp-json\/wp\/v2\/pages\/10167\/revisions"}],"up":[{"embeddable":true,"href":"https:\/\/npkrka.hr\/hr\/wp-json\/wp\/v2\/pages\/10159"}],"wp:featuredmedia":[{"embeddable":true,"href":"https:\/\/npkrka.hr\/hr\/wp-json\/wp\/v2\/media\/5708"}],"wp:attachment":[{"href":"https:\/\/npkrka.hr\/hr\/wp-json\/wp\/v2\/media?parent=10167"}],"curies":[{"name":"wp","href":"https:\/\/api.w.org\/{rel}","templated":true}]}}