{"id":10164,"date":"2024-06-03T13:59:58","date_gmt":"2024-06-03T11:59:58","guid":{"rendered":"https:\/\/www.npkrka.hr\/?page_id=10164"},"modified":"2026-03-16T14:19:13","modified_gmt":"2026-03-16T13:19:13","slug":"hostel-titius","status":"publish","type":"page","link":"https:\/\/npkrka.hr\/hr\/posjeti\/smjestaj-i-kongresne-usluge\/hostel-titius\/","title":{"rendered":"Hostel Titius"},"content":{"rendered":"<p>Hostel Titius nudi izvanredno iskustvo smje\u0161taja onima koji tra\u017ee udobnost, prakti\u010dnost i oazu mira u srcu prirode. Nalazi se u sklopu <a href=\"https:\/\/www.npkrka.hr\/hr\/posjeti\/sadrzaji\/eko-kampus-krka-u-puljanima\/\">Eko kampusa \u201eKrka\u201c<\/a> u Puljanima na\u00a0 <a href=\"https:\/\/maps.app.goo.gl\/m9vuuBbFBHHCHJ5P9?g_st=aw\">lokaciji.<\/a><\/p>\n<p>Od<a href=\"https:\/\/www.npkrka.hr\/hr\/posjeti\/sadrzaji\/skradinski-buk\/\"> Skradinskog buka<\/a> udaljen je 46 km od <a href=\"https:\/\/www.npkrka.hr\/hr\/posjeti\/ulazi-u-park\/ulaz-lozovac\/\">ulaza Lozovac<\/a> i 43 km od <a href=\"https:\/\/www.npkrka.hr\/hr\/posjeti\/ulazi-u-park\/ulaz-skradin\/\">ulaza Skradin<\/a>. Od \u0160ibenika je udaljen 55 km, od Drni\u0161a 22 km i 43 km od ulaza\/izlaza na autocestu Skradin te se preporu\u010da dolazak vlastitim automobilom ili autobusom (grupe).<\/p>\n<p>Ime Titius nosi prema anti\u010dkom nazivu za rijeku Krku. U neposrednoj blizini <a href=\"https:\/\/www.npkrka.hr\/hr\/posjeti\/sadrzaji\/eko-kampus-krka-u-puljanima\/\">Eko kampusa \u201eKrka\u201c<\/a>, smje\u0161tenog na nekada\u0161njoj razdjelnici ilirskih plemena, sa\u010duvani su ostaci rimskog vojnog logora <a href=\"https:\/\/www.npkrka.hr\/hr\/kulturna-bastina\/arheologija\/amfiteatar-u-burnumu\/\">Burnuma<\/a>, a u blizini se nalaze i spektakularni slapovi gornjeg toka rijeke Krke, me\u0111u njima i najvi\u0161i Krkin slap, <a href=\"https:\/\/www.npkrka.hr\/hr\/prirodna-bastina\/slapovi\/manojlovacki-slap\/\">Manojlovac<\/a>.<\/p>\n<p>S trinaest razli\u010ditih soba, od kojih su dvije jednokrevetne, devet vi\u0161ekrevetne, a dvije prilago\u0111ene osobama s invaliditetom, hostel Titius mo\u017ee primiti do trideset osam osoba. Svaka soba opremljena je modernim kupaonicama s tu\u0161-kabinama kako bi vam boravak u njima bio udoban i ugodan.<\/p>\n<p>Na raspolaganju vam je dru\u0161tveni prostor u kojem su moderno ure\u0111ena kuhinja, dnevni boravak s TV ure\u0111ajem i udobna blagovaonica. Sve prostorije hostela klimatizirane su i povezane s Wi-Fi mre\u017eom, kako bi va\u0161 boravak bio \u0161to ugodniji.<\/p>\n<p>Ne zaboravite istra\u017eiti i dodatne usluge koje nudimo, poput kori\u0161tenja konferencijske dvorane za poslovne ili edukativne programe. Multifunkcionalna dvorana mo\u017ee primiti do sto dvadeset osoba, a opremljena je audiovizualnom opremom koja osigurava profesionalnu razinu i uspjeh doga\u0111anja u njoj.<\/p>\n<p>Bilo da ste avanturist koji istra\u017euje \u010dari Nacionalnog parka \u201eKrka\u201c ili poslovni putnik u potrazi za idealnim mjestom za va\u0161u konferenciju ili radionicu, hostel Titius pru\u017eit \u0107e vam sve \u0161to vam treba za nezaboravan boravak.<\/p>\n<p>Hostel Titius po\u0161tuje na\u010dela odr\u017eivog razvoja o kojima vi\u0161e mo\u017eete pro\u010ditati <a href=\"https:\/\/www.npkrka.hr\/hr\/o-nama\/odrzivo-upravljanje\/\">ovdje<\/a>.<\/p>\n<p><iframe title=\"The Titius Hostel @ Krka National Park\" width=\"640\" height=\"360\" src=\"https:\/\/www.youtube.com\/embed\/8R8kmHIuljc?start=9&#038;feature=oembed\" frameborder=\"0\" allow=\"accelerometer; autoplay; clipboard-write; encrypted-media; gyroscope; picture-in-picture; web-share\" referrerpolicy=\"strict-origin-when-cross-origin\" allowfullscreen><\/iframe><\/p>\n<p><a href=\"https:\/\/npkrka.hr\/wp-content\/uploads\/CJENIK-SMJESTAJ-2026-hostel-fin.pdf\">Cjenik usluge smje\u0161taja<\/a><\/p>\n<p><a href=\"https:\/\/www.npkrka.hr\/wp-content\/uploads\/Opci-uvjeti-poslovanja-Hostela-Titius-1.pdf\">Op\u0107i uvjeti poslovanja hostela Titius<\/a><\/p>\n<p><strong>Sve informacije o hostelu i rezervaciji smje\u0161taja mo\u017eete dobiti na mail adresi: <a href=\"mailto:hostel.titius@npk.hr\">hostel.titius@npk.hr<\/a> i na broj telefona: +385 91 2254 205; +385 91 2254 370<\/strong><\/p>\n<p><a href=\"https:\/\/www.google.com\/maps\/place\/Miljacka+3%2F3,+22303,+Puljane\/@44.0005711,16.0200472,18z\/data=!4m6!3m5!1s0x47602fe99b1aa97b:0xc57aafa5c874a0e8!8m2!3d44.0014668!4d16.0209884!16s%2Fg%2F11vc4l4qk2?entry=ttu\">Gdje se nalazimo<\/a><\/p>\n<div class=\"fotorama rounded-lg  shadow lblue-bg mt-5   \" data-width=\"100%\" data-ratio=\"16\/10\"  data-nav=\"thumbs\" data-autoplay=\"true\" data-arrows=\"true\" data-transition=\"crossfade\"><img decoding=\"async\" src=\"https:\/\/npkrka.hr\/wp-content\/uploads\/Hostel_Titius-0012.jpg\" width=\"100%\" \/><img decoding=\"async\" src=\"https:\/\/npkrka.hr\/wp-content\/uploads\/Hostel_Titius-0099.jpg\" width=\"100%\" \/><img decoding=\"async\" src=\"https:\/\/npkrka.hr\/wp-content\/uploads\/Hostel_Titius-0026.jpg\" width=\"100%\" \/><img decoding=\"async\" src=\"https:\/\/npkrka.hr\/wp-content\/uploads\/dnevni-boravak-hostel.jpg\" width=\"100%\" \/><img decoding=\"async\" src=\"https:\/\/npkrka.hr\/wp-content\/uploads\/Np-Krka-602.jpg\" width=\"100%\" \/><img decoding=\"async\" src=\"https:\/\/npkrka.hr\/wp-content\/uploads\/Np-Krka-605.jpg\" width=\"100%\" \/><img decoding=\"async\" src=\"https:\/\/npkrka.hr\/wp-content\/uploads\/Np-Krka-610.jpg\" width=\"100%\" \/><img decoding=\"async\" src=\"https:\/\/npkrka.hr\/wp-content\/uploads\/Hostel_Titius-0103.jpg\" width=\"100%\" \/><img decoding=\"async\" src=\"https:\/\/npkrka.hr\/wp-content\/uploads\/kuhinja-hostel.jpg\" width=\"100%\" \/><img decoding=\"async\" src=\"https:\/\/npkrka.hr\/wp-content\/uploads\/Np-Krka-607.jpg\" width=\"100%\" \/><img decoding=\"async\" src=\"https:\/\/npkrka.hr\/wp-content\/uploads\/alika-soba2.jpg\" width=\"100%\" \/><img decoding=\"async\" src=\"https:\/\/npkrka.hr\/wp-content\/uploads\/Hostel_Titius-0117.jpg\" width=\"100%\" \/><img decoding=\"async\" src=\"https:\/\/npkrka.hr\/wp-content\/uploads\/Np-Krka-608.jpg\" width=\"100%\" \/><img decoding=\"async\" src=\"https:\/\/npkrka.hr\/wp-content\/uploads\/slika-soba-4.jpg\" width=\"100%\" \/><img decoding=\"async\" src=\"https:\/\/npkrka.hr\/wp-content\/uploads\/Hostel_Titius-0112.jpg\" width=\"100%\" \/><img decoding=\"async\" src=\"https:\/\/npkrka.hr\/wp-content\/uploads\/Np-Krka-611.jpg\" width=\"100%\" \/><img decoding=\"async\" src=\"https:\/\/npkrka.hr\/wp-content\/uploads\/Hostel_Titius-0121.jpg\" width=\"100%\" \/><img decoding=\"async\" src=\"https:\/\/npkrka.hr\/wp-content\/uploads\/Np-Krka-613.jpg\" width=\"100%\" \/><img decoding=\"async\" src=\"https:\/\/npkrka.hr\/wp-content\/uploads\/Np-Krka-625.jpg\" width=\"100%\" \/><img decoding=\"async\" src=\"https:\/\/npkrka.hr\/wp-content\/uploads\/Hostel_Titius-0132.jpg\" width=\"100%\" \/><img decoding=\"async\" src=\"https:\/\/npkrka.hr\/wp-content\/uploads\/Hostel_Titius-0143.jpg\" width=\"100%\" \/><img decoding=\"async\" src=\"https:\/\/npkrka.hr\/wp-content\/uploads\/Hostel_Titius-0144.jpg\" width=\"100%\" \/><img decoding=\"async\" src=\"https:\/\/npkrka.hr\/wp-content\/uploads\/Hostel_Titius-0149.jpg\" width=\"100%\" \/><\/div><p>&nbsp;<\/p>\n","protected":false},"excerpt":{"rendered":"<p>Hostel Titius nudi izvanredno iskustvo smje\u0161taja onima koji tra\u017ee udobnost, prakti\u010dnost i oazu mira u srcu prirode. Smje\u0161ten na lokaciji samo korak udaljenoj od nevjerojatnih lokaliteta Nacionalnog parka \u201eKrka\u201c, na\u0161 hostel pru\u017ea nezaboravan boravak z&#8230;<\/p>\n","protected":false},"author":2,"featured_media":10160,"parent":10159,"menu_order":0,"comment_status":"closed","ping_status":"closed","template":"page-subpages.php","meta":{"footnotes":""},"class_list":["post-10164","page","type-page","status-publish","has-post-thumbnail","hentry"],"_links":{"self":[{"href":"https:\/\/npkrka.hr\/hr\/wp-json\/wp\/v2\/pages\/10164","targetHints":{"allow":["GET"]}}],"collection":[{"href":"https:\/\/npkrka.hr\/hr\/wp-json\/wp\/v2\/pages"}],"about":[{"href":"https:\/\/npkrka.hr\/hr\/wp-json\/wp\/v2\/types\/page"}],"author":[{"embeddable":true,"href":"https:\/\/npkrka.hr\/hr\/wp-json\/wp\/v2\/users\/2"}],"replies":[{"embeddable":true,"href":"https:\/\/npkrka.hr\/hr\/wp-json\/wp\/v2\/comments?post=10164"}],"version-history":[{"count":2,"href":"https:\/\/npkrka.hr\/hr\/wp-json\/wp\/v2\/pages\/10164\/revisions"}],"predecessor-version":[{"id":14801,"href":"https:\/\/npkrka.hr\/hr\/wp-json\/wp\/v2\/pages\/10164\/revisions\/14801"}],"up":[{"embeddable":true,"href":"https:\/\/npkrka.hr\/hr\/wp-json\/wp\/v2\/pages\/10159"}],"wp:featuredmedia":[{"embeddable":true,"href":"https:\/\/npkrka.hr\/hr\/wp-json\/wp\/v2\/media\/10160"}],"wp:attachment":[{"href":"https:\/\/npkrka.hr\/hr\/wp-json\/wp\/v2\/media?parent=10164"}],"curies":[{"name":"wp","href":"https:\/\/api.w.org\/{rel}","templated":true}]}}