{"id":10049,"date":"2024-05-17T08:01:00","date_gmt":"2024-05-17T06:01:00","guid":{"rendered":"https:\/\/www.npkrka.hr\/?page_id=10049"},"modified":"2024-05-17T08:01:00","modified_gmt":"2024-05-17T06:01:00","slug":"thread-by-thread-an-apron","status":"publish","type":"page","link":"https:\/\/npkrka.hr\/hr\/posjeti\/edukativne-radionice\/thread-by-thread-an-apron\/","title":{"rendered":"Nit po nit \u2013 prega\u010da"},"content":{"rendered":"<p><strong>Radionica je namijenjena pred\u0161kolcima i u\u010denicima ni\u017eih razreda osnovne \u0161kole<\/strong><\/p>\n<p>Radionica je osmi\u0161ljena tako da na kreativan na\u010din njeguje materijalnu ba\u0161tinu, odnosno stari tkala\u010dki zanat. Djeca se prvo upoznaju sa zna\u010denjem vune i ov\u010darstva, potom upoznaju postupak izrade vunene tkanine, od \u0161i\u0161anja ovaca i pranja i \u010de\u0161ljanja vune do njezina namatanja na vreteno. Nakon toga podijele se u tri postaje, od kojih jedna tka na dje\u010djem tkala\u010dkom okviru, druga tka papir, a tre\u0107a izra\u0111uje tkani ukras.<\/p>\n<p>Okvirno trajanje radionice: 45 \u2013 60 minuta<\/p>\n<p>Preporu\u010deni broj u\u010denika u skupini: 20<\/p>\n","protected":false},"excerpt":{"rendered":"<p>Radionica je namijenjena pred\u0161kolcima i u\u010denicima ni\u017eih razreda osnovne \u0161kole Radionica je osmi\u0161ljena tako da na kreativan na\u010din njeguje materijalnu ba\u0161tinu, odnosno stari tkala\u010dki zanat. Djeca se prvo upoznaju sa zna\u010denjem vune i ov\u010darstva, potom upoznaju postupak izrade vunene tkanine, od \u0161i\u0161anja ovaca i pranja i \u010de\u0161ljanja vune do njezina namatanja na vreteno. Nakon toga [&hellip;]<\/p>\n","protected":false},"author":2,"featured_media":10050,"parent":116,"menu_order":8,"comment_status":"closed","ping_status":"closed","template":"","meta":{"footnotes":""},"class_list":["post-10049","page","type-page","status-publish","has-post-thumbnail","hentry"],"_links":{"self":[{"href":"https:\/\/npkrka.hr\/hr\/wp-json\/wp\/v2\/pages\/10049","targetHints":{"allow":["GET"]}}],"collection":[{"href":"https:\/\/npkrka.hr\/hr\/wp-json\/wp\/v2\/pages"}],"about":[{"href":"https:\/\/npkrka.hr\/hr\/wp-json\/wp\/v2\/types\/page"}],"author":[{"embeddable":true,"href":"https:\/\/npkrka.hr\/hr\/wp-json\/wp\/v2\/users\/2"}],"replies":[{"embeddable":true,"href":"https:\/\/npkrka.hr\/hr\/wp-json\/wp\/v2\/comments?post=10049"}],"version-history":[{"count":0,"href":"https:\/\/npkrka.hr\/hr\/wp-json\/wp\/v2\/pages\/10049\/revisions"}],"up":[{"embeddable":true,"href":"https:\/\/npkrka.hr\/hr\/wp-json\/wp\/v2\/pages\/116"}],"wp:featuredmedia":[{"embeddable":true,"href":"https:\/\/npkrka.hr\/hr\/wp-json\/wp\/v2\/media\/10050"}],"wp:attachment":[{"href":"https:\/\/npkrka.hr\/hr\/wp-json\/wp\/v2\/media?parent=10049"}],"curies":[{"name":"wp","href":"https:\/\/api.w.org\/{rel}","templated":true}]}}