{"id":10046,"date":"2024-05-17T07:57:38","date_gmt":"2024-05-17T05:57:38","guid":{"rendered":"https:\/\/www.npkrka.hr\/?page_id=10046"},"modified":"2024-05-17T07:57:38","modified_gmt":"2024-05-17T05:57:38","slug":"forest-workshop","status":"publish","type":"page","link":"https:\/\/npkrka.hr\/hr\/posjeti\/edukativne-radionice\/forest-workshop\/","title":{"rendered":"\u0160umska radionica"},"content":{"rendered":"<p><strong>Radionica je namijenjena pred\u0161kolcima i u\u010denicima ni\u017eih razreda osnovne \u0161kole<\/strong><\/p>\n<p>\u0160umska radionica svojevrsni je iskorak u u\u010denju i interpretaciji prirode i \u0161ume.\u00a0Cilj ove radionice je da djeci ponudi izvorni do\u017eivljaj prirode i \u0161ume iz prve ruke, odnosno na autenti\u010dnom prostoru: u stoljetnoj \u0161umi hrasta medunca na lokalitetu Stinice. Me\u0111u zanimljivim zada\u0107ama \u0161umske radionice jesu prepoznavanje kore razli\u010ditog drve\u0107a, upoznavanje s mikrosvijetom kukaca koji \u017eive pod korom drve\u0107a, promatranje prirode o\u010dima kukca, prebrojavanje zvukova i raspoznavanje mirisa prirode.<\/p>\n<p><strong>\u00a0<\/strong>Okvirno trajanje radionice: 2 sata (uklju\u010duju\u0107i pauzu)<\/p>\n<p>Preporu\u010deni broj u\u010denika u skupini: 20<\/p>\n<p>\u00a0<\/p>\n","protected":false},"excerpt":{"rendered":"<p>Radionica je namijenjena pred\u0161kolcima i u\u010denicima ni\u017eih razreda osnovne \u0161kole \u0160umska radionica svojevrsni je iskorak u u\u010denju i interpretaciji prirode i \u0161ume.\u00a0Cilj ove radionice je da djeci ponudi izvorni do\u017eivljaj prirode i \u0161ume iz prve ruke, odnosno na autenti\u010dnom prostoru: u stoljetnoj \u0161umi hrasta medunca na lokalitetu Stinice. Me\u0111u zanimljivim zada\u0107ama \u0161umske radionice jesu prepoznavanje [&hellip;]<\/p>\n","protected":false},"author":2,"featured_media":10047,"parent":116,"menu_order":7,"comment_status":"closed","ping_status":"closed","template":"","meta":{"footnotes":""},"class_list":["post-10046","page","type-page","status-publish","has-post-thumbnail","hentry"],"_links":{"self":[{"href":"https:\/\/npkrka.hr\/hr\/wp-json\/wp\/v2\/pages\/10046","targetHints":{"allow":["GET"]}}],"collection":[{"href":"https:\/\/npkrka.hr\/hr\/wp-json\/wp\/v2\/pages"}],"about":[{"href":"https:\/\/npkrka.hr\/hr\/wp-json\/wp\/v2\/types\/page"}],"author":[{"embeddable":true,"href":"https:\/\/npkrka.hr\/hr\/wp-json\/wp\/v2\/users\/2"}],"replies":[{"embeddable":true,"href":"https:\/\/npkrka.hr\/hr\/wp-json\/wp\/v2\/comments?post=10046"}],"version-history":[{"count":0,"href":"https:\/\/npkrka.hr\/hr\/wp-json\/wp\/v2\/pages\/10046\/revisions"}],"up":[{"embeddable":true,"href":"https:\/\/npkrka.hr\/hr\/wp-json\/wp\/v2\/pages\/116"}],"wp:featuredmedia":[{"embeddable":true,"href":"https:\/\/npkrka.hr\/hr\/wp-json\/wp\/v2\/media\/10047"}],"wp:attachment":[{"href":"https:\/\/npkrka.hr\/hr\/wp-json\/wp\/v2\/media?parent=10046"}],"curies":[{"name":"wp","href":"https:\/\/api.w.org\/{rel}","templated":true}]}}