{"id":961,"date":"2022-07-02T12:37:06","date_gmt":"2022-07-02T10:37:06","guid":{"rendered":"https:\/\/www.npkrka.hr\/?page_id=961"},"modified":"2022-09-27T12:34:58","modified_gmt":"2022-09-27T10:34:58","slug":"ozidana-pecina","status":"publish","type":"page","link":"https:\/\/npkrka.hr\/en_us\/kulturna-bastina\/arheologija\/ozidana-pecina\/","title":{"rendered":"Ozi\u0111ana pe\u0107ina cave"},"content":{"rendered":"<p><strong>Ozi\u0111ana pe\u0107ina is a cave site of extraordinary natural and cultural value. Located at the very top of the canyon above the Ro\u0161ki slap waterfall, it contained valuable traces of the religious rituals of people in the Stone Age.<\/strong><\/p>\n<p class=\"translation-block\">The prehistoric site of Ozi\u0111ana pe\u0107ina cave is located on the left bank of the Krka River in the area of Bogati\u0107i Miljeva\u010dki. It is located at the top of the canyon above the Ro\u0161ki slap waterfall at a height above sea level of 220 m. The cave with its archaeological collection presented in situ is the last stop on the educational path Stinice \u2013 Ro\u0161ki slap waterfall \u2013 Ozi\u0111ana pe\u0107ina cave. The opening to the cave faces southwest, offering a view of the deep canyon of the river, where the beauty is emphasized of the numerous small cascades creating the so-called Necklaces.<\/p>\n<p>Ozi\u0111ana pe\u0107ina cave is a geological structure of medium size and simple morphology. It is tunnel-like in shape, with two \u201cchimneys\u201d in the rear section. It was formed from conglomerate deposits. The entrance to the cave is visible from the opposite side of the river, and its name (Walled Cave) came from the dry-stone wall at its entrance above the steep cliff.<\/p>\n<div class=\"fotorama rounded-lg  shadow lblue-bg mt-5\" data-width=\"100%\" data-ratio=\"16\/10\"  data-nav=\"thumbs\" data-autoplay=\"true\" data-arrows=\"true\" data-transition=\"crossfade\"><img decoding=\"async\" src=\"https:\/\/npkrka.hr\/wp-content\/uploads\/Ozidana-pecina-lutka-6.jpg\" width=\"100%\" \/><img decoding=\"async\" src=\"https:\/\/npkrka.hr\/wp-content\/uploads\/Ozidana-pecina-unutrasnjost-vatra-2-scaled.jpg\" width=\"100%\" \/><img decoding=\"async\" src=\"https:\/\/npkrka.hr\/wp-content\/uploads\/Ozidana-pecina-unutrasnjost-paneli-4.jpg\" width=\"100%\" \/><img decoding=\"async\" src=\"https:\/\/npkrka.hr\/wp-content\/uploads\/Ozidana-pecina-unutrasnjost-3.jpg\" width=\"100%\" \/><img decoding=\"async\" src=\"https:\/\/npkrka.hr\/wp-content\/uploads\/Ozidana-pecina-unutrasnjost-1-scaled.jpg\" width=\"100%\" \/><img decoding=\"async\" src=\"https:\/\/npkrka.hr\/wp-content\/uploads\/Ozidana-pecina-iskopavanje-8.jpg\" width=\"100%\" \/><img decoding=\"async\" src=\"https:\/\/npkrka.hr\/wp-content\/uploads\/Ozidana-pecina-9-arheolosko-iskopavanje-9.jpg\" width=\"100%\" \/><img decoding=\"async\" src=\"https:\/\/npkrka.hr\/wp-content\/uploads\/Ozidana-pecina-unutrasnjost-stijena-7.jpg\" width=\"100%\" \/><img decoding=\"async\" src=\"https:\/\/npkrka.hr\/wp-content\/uploads\/Ozidana-pecina-unutrasnjost-dimnjak-5.jpg\" width=\"100%\" \/><img decoding=\"async\" src=\"https:\/\/npkrka.hr\/wp-content\/uploads\/Ozidana-Pecina-6-scaled.jpg\" width=\"100%\" \/><\/div><p>&nbsp;<\/p>\n<p>The archaeological finds discovered in the cave testify to human presence in Ozi\u0111ana pe\u0107ina cave from the period of the earlier Neolithic, ca. 6000 BC, continuing to sometime around 1500 BC. A hearth was discovered in the central part of the cave \u2013 the symbol of home from times immemorial and certainly the place where the most important daily activities of the prehistoric inhabitants of Ozi\u0111ana pe\u0107ina cave would have taken place. Particularly valuable finds were the two child skeletons placed in a grave pit on their right flank, in a contracted (fetal) position, like a child in its mother\u2019s womb. According to their position in the vertical stratigraphy, they would belong to the Neolithic period. Traces of spiritual life in the Stone Age appear very rarely in the eastern Adriatic region, and the above burials represent rare testimony to the existence of a complex religious system among the people of that time. As these were individual burials, and not a cemetery, clearly these were burials with a special symbolism. Child burials within settlements have been noted throughout the Mediterranean and the Near East, and they are considered part of a religious ritual that was meant to protect the settlement or lead to its prosperity. Hence such burials are associated with a \u201ccult of the dead\u201d, as well as a fertility cult, which was closely connected to agriculture and animal husbandry, those branches of the economy that were essential for human existence in prehistory.<\/p>\n<p class=\"translation-block\">A large number of fragments of pottery vessels have been found in the cave, which clearly show the presence of all the Neolithic cultures of the Adriatic region, the Impresso (ca. 6000 \u2013 4500 BC), the Danilo Culture (ca. 4500 \u2013 3900 BC), and the Hvar Culture (ca. 3900 \u2013 3300 BC), followed by the Eneolithic (ca. 3500 \u2013 2200 BC), and the Early (ca. 2200 \u2013 1600 BC) and Middle Bronze Age (ca. 1600 \u2013 1550 BC). Excavations also produced important finds of flint artifacts (knives), stone tools (hand quern), the bones of various animals (sheep, deer, wildcats, etc.), and also fragments of mussel shells (Mytilus galloprovincialis).<\/p>","protected":false},"excerpt":{"rendered":"<p>Ozi\u0111ana pe\u0107ina is a cave site of extraordinary natural and cultural value. Located at the very top of the canyon above the Ro\u0161ki slap waterfall, it contained valuable traces of the religious rituals of people in the Stone Age.<\/p>","protected":false},"author":1,"featured_media":963,"parent":180,"menu_order":0,"comment_status":"closed","ping_status":"closed","template":"page-location.php","meta":{"footnotes":""},"class_list":["post-961","page","type-page","status-publish","has-post-thumbnail","hentry"],"_links":{"self":[{"href":"https:\/\/npkrka.hr\/en_us\/wp-json\/wp\/v2\/pages\/961","targetHints":{"allow":["GET"]}}],"collection":[{"href":"https:\/\/npkrka.hr\/en_us\/wp-json\/wp\/v2\/pages"}],"about":[{"href":"https:\/\/npkrka.hr\/en_us\/wp-json\/wp\/v2\/types\/page"}],"author":[{"embeddable":true,"href":"https:\/\/npkrka.hr\/en_us\/wp-json\/wp\/v2\/users\/1"}],"replies":[{"embeddable":true,"href":"https:\/\/npkrka.hr\/en_us\/wp-json\/wp\/v2\/comments?post=961"}],"version-history":[{"count":0,"href":"https:\/\/npkrka.hr\/en_us\/wp-json\/wp\/v2\/pages\/961\/revisions"}],"up":[{"embeddable":true,"href":"https:\/\/npkrka.hr\/en_us\/wp-json\/wp\/v2\/pages\/180"}],"wp:featuredmedia":[{"embeddable":true,"href":"https:\/\/npkrka.hr\/en_us\/wp-json\/wp\/v2\/media\/963"}],"wp:attachment":[{"href":"https:\/\/npkrka.hr\/en_us\/wp-json\/wp\/v2\/media?parent=961"}],"curies":[{"name":"wp","href":"https:\/\/api.w.org\/{rel}","templated":true}]}}