{"id":891,"date":"2022-07-01T09:56:57","date_gmt":"2022-07-01T07:56:57","guid":{"rendered":"https:\/\/www.npkrka.hr\/?page_id=891"},"modified":"2023-01-19T12:45:21","modified_gmt":"2023-01-19T11:45:21","slug":"kako-je-sve-pocelo-izvor","status":"publish","type":"page","link":"https:\/\/npkrka.hr\/en_us\/prirodna-bastina\/geologija\/kako-je-sve-pocelo-reljef\/kako-je-sve-pocelo-izvor\/","title":{"rendered":"Source"},"content":{"rendered":"<p><b>The hydrography of karst regions is full of surprises. The routes taken by underground water and the many ways in which they are connected, or the reasons why they are not, represent a challenge for researchers into the karst sponge-like underground. The Krka River, in so many ways a karst phenomenon, is no exception, even when discussing its source.<\/b><\/p>\n<p>The source of the Krka River is a spring in a cave at the foot of the Kr\u0161evac hill, 3.5 km northeast of the city of Knin. It is characterized by its inexhaustable water, but with strong fluctuations noted throughout the year. The source of the Krka River consists of three permanent springs: the Main Spring, the Small Spring, and the Third Spring. The main source is in a cave (siphon) below the 22 m high Topoljski buk waterfall at an altitude of 224 m above sea level. The Third Spring and the Small Spring are located on the left bank of the Krka River, the first 50 m, and the second 150 m downstream from the waterfall. The Third Spring gives about 3 \u2013 5% of the total waters from the Krka springs, the Small Spring about 10 \u2013 15%, while the most abundant is the Main Spring, with about 80 \u2013 95%. The flow from the Main Spring ranges from 1.5 to 10 m\u00b3 \/ s.<\/p>\n<p>But what makes the source of the Krka River interesting and unique is the Kr\u010di\u0107 waterfall, Topoljski buk, or the Great waterfall, which falls from 22 meters in height and flows into the Krka River spring. The course of the Kr\u010di\u0107 River ends with the Topoljski buk waterfall, and the waterfall itself is the mouth from which it flows into the source of the Krka River at its base. The main, inexhaustible Krka spring is visible only in summer, when the riverbed of the Kr\u010di\u0107 dries up and the Topoljski buk waterfall lacks water. If you visit in winter, the Krka spring is completely covered by the waterfall from the Kr\u010di\u0107 \u2013 and there is no trace of the source of the Krka.<\/p>\n<p>In the morphogenetic sense, the Kr\u010di\u0107 is the source of the Krka River, and today represents its first tributary. It originates at the base of the Dinara Mountain, to the west of the village of Kijevo, at an altitude of 375 m asl. It is 10.5 km long. During heavy rainfall or snowmelt in the mountains in the hinterland, the Kr\u010di\u0107 is an unbridled torrential river, while it dries up completely in summer. If it did not dry up in summer, then the Kr\u010di\u0107 would not even exist as a separate entity, and the source of the Krka would be considered to be where the spring of the Kr\u010di\u0107 is today, at the foot of the Dinara Mountain, which oral folk tradition claims is where the Krka River is born. Nonetheless, people recognized the seasonal water levels of the Kr\u010di\u0107 and called it by its current name (\u201cSmall Krka\u201d). In the recent geological past, due to a colder climate and more precipitation, it did not dry out, so the Krka and Kr\u010di\u0107 formed a single course. This is shown by the remains of abundant travertine deposits in the Kr\u010di\u0107 valley high above the present day current.<\/p>\n<p>The complex geological conditions of this area are the cause of complicated hydrological relationships. Strong karst springs are related to the influx of groundwater from the mountainous Dinara area and its hinterland in the territory of the neighboring state of Bosnia and Herzegovina* , while tracing underwater courses has shown that the Dinara Mountain does not represent an obstacle to groundwater movement.<\/p>\n<p>*Biondi\u0107, Bo\u017eidar; Biondi\u0107, Ranko: Hydrogeology of the Dinaric Karst in Croatia, Geotehni\u010dki fakultet, Vara\u017edin, 2014.<\/p>","protected":false},"excerpt":{"rendered":"<p>Hidrografija kr\u0161a puna je iznena\u0111enja. Putovi kojima teku podzemne vode i brojni na\u010dini na koje su povezane ili razlozi za\u0161to to nisu izazov su istra\u017eiva\u010dima spu\u017evastog podzemlja kr\u0161a.<\/p>","protected":false},"author":1,"featured_media":892,"parent":169,"menu_order":5,"comment_status":"closed","ping_status":"closed","template":"page-6.php","meta":{"footnotes":""},"class_list":["post-891","page","type-page","status-publish","has-post-thumbnail","hentry"],"_links":{"self":[{"href":"https:\/\/npkrka.hr\/en_us\/wp-json\/wp\/v2\/pages\/891","targetHints":{"allow":["GET"]}}],"collection":[{"href":"https:\/\/npkrka.hr\/en_us\/wp-json\/wp\/v2\/pages"}],"about":[{"href":"https:\/\/npkrka.hr\/en_us\/wp-json\/wp\/v2\/types\/page"}],"author":[{"embeddable":true,"href":"https:\/\/npkrka.hr\/en_us\/wp-json\/wp\/v2\/users\/1"}],"replies":[{"embeddable":true,"href":"https:\/\/npkrka.hr\/en_us\/wp-json\/wp\/v2\/comments?post=891"}],"version-history":[{"count":0,"href":"https:\/\/npkrka.hr\/en_us\/wp-json\/wp\/v2\/pages\/891\/revisions"}],"up":[{"embeddable":true,"href":"https:\/\/npkrka.hr\/en_us\/wp-json\/wp\/v2\/pages\/169"}],"wp:featuredmedia":[{"embeddable":true,"href":"https:\/\/npkrka.hr\/en_us\/wp-json\/wp\/v2\/media\/892"}],"wp:attachment":[{"href":"https:\/\/npkrka.hr\/en_us\/wp-json\/wp\/v2\/media?parent=891"}],"curies":[{"name":"wp","href":"https:\/\/api.w.org\/{rel}","templated":true}]}}