{"id":8827,"date":"2023-10-12T09:27:03","date_gmt":"2023-10-12T07:27:03","guid":{"rendered":"https:\/\/www.npkrka.hr\/?page_id=8827"},"modified":"2023-10-12T12:18:10","modified_gmt":"2023-10-12T10:18:10","slug":"rules-of-conduct-for-cyclists","status":"publish","type":"page","link":"https:\/\/npkrka.hr\/en_us\/posjeti\/krka-bike\/rules-of-conduct-for-cyclists\/","title":{"rendered":"Rules of conduct for cyclists"},"content":{"rendered":"<p>Cycling is a pleasant activity beneficial for the body. It brings joy to all cyclists as they move through space. In order for your ride to be even more pleasant and safe, you need to abide by the safety rules enforced in the Republic of Croatia.<\/p>\n<p><strong>Avoid fines and listen to the advice:\u00a0<\/strong><\/p>\n<ul>\n<li>Cyclists must use bike paths or bike lanes, and if there are no paths or bike lanes, the should keep to the right-hand side of the road.<\/li>\n<li>If two or more cyclists are riding together as a group, they are obliged to move one behind another.<\/li>\n<li>A cyclist must not do anything to affect the stability of the bicycle or to disturb other traffic participants. They especially must not take both hands off the handlebars, hold on to another vehicle, pull or push objects that could endanger the ride or other traffic participants.<\/li>\n<li>Cyclists younger than 16 must wear a helmet while riding on the road.<\/li>\n<\/ul>\n<p>By adhering to these rules, you are taking care of yourself, as well as other traffic participants.<\/p>\n<p><strong>Riding on open trails only<\/strong><\/p>\n<p>Respect trail and road closure (ask if uncertain). Avoid trespassing on private land.<\/p>\n<p><strong>Leave no trace<\/strong><\/p>\n<p>Be sensitive to the dirt beneath you. Try to alter the path as little as possible. Stay on the existing trail and do not seek new ones. Do not cut switchbacks.<\/p>\n<p><strong>Control your bycycle<\/strong><\/p>\n<p>A moment of distraction is all it takes to cause problems. Comply with all speed regulations and recommendations for cyclists.<\/p>\n<p><strong>Always give way<\/strong><\/p>\n<p>Let fellow trailers know you are coming. It is polite to say a friendly \u201chello\u201d or to ring the bell. Do not startle others.<\/p>\n<p><strong>Do not scare animals<\/strong><\/p>\n<p>An unannounced approach, sudden movements or noise will disturb animals. This can be dangerous! Scaring livestock into running and disturbing wildlife is a serious offense.<\/p>\n<p><strong>Plan ahead<\/strong><\/p>\n<p>Know your equipment, abilities and area in which you are cycling \u2013 and prepare accordingly. Never count on others.<\/p>\n<p>These are some basic, but not the only rules. In other words, be nice to yourself and others and you\u2019ll have a wonderful time.<\/p>\n<p>Each visitor to the Krka National Park must have a valid ticket for each day they spend in the Park.<\/p>\n<p><strong>We wish you a pleasant ride!\u00a0<\/strong><\/p>","protected":false},"excerpt":{"rendered":"<p>Biciklizam je ugodna i tjelesno korisna aktivnost koja svojim sudionicima pru\u017ea maksimalni u\u017eitak dok se kre\u0107u prostorom. Da bi va\u0161a vo\u017enja bila \u0161to ugodnija i sigurnija, potrebno je pridr\u017eavati se sigurnosnih pravila koja su na snazi u Republici &#8230;<\/p>","protected":false},"author":2,"featured_media":8842,"parent":99,"menu_order":6,"comment_status":"closed","ping_status":"closed","template":"","meta":{"footnotes":""},"class_list":["post-8827","page","type-page","status-publish","has-post-thumbnail","hentry"],"_links":{"self":[{"href":"https:\/\/npkrka.hr\/en_us\/wp-json\/wp\/v2\/pages\/8827","targetHints":{"allow":["GET"]}}],"collection":[{"href":"https:\/\/npkrka.hr\/en_us\/wp-json\/wp\/v2\/pages"}],"about":[{"href":"https:\/\/npkrka.hr\/en_us\/wp-json\/wp\/v2\/types\/page"}],"author":[{"embeddable":true,"href":"https:\/\/npkrka.hr\/en_us\/wp-json\/wp\/v2\/users\/2"}],"replies":[{"embeddable":true,"href":"https:\/\/npkrka.hr\/en_us\/wp-json\/wp\/v2\/comments?post=8827"}],"version-history":[{"count":0,"href":"https:\/\/npkrka.hr\/en_us\/wp-json\/wp\/v2\/pages\/8827\/revisions"}],"up":[{"embeddable":true,"href":"https:\/\/npkrka.hr\/en_us\/wp-json\/wp\/v2\/pages\/99"}],"wp:featuredmedia":[{"embeddable":true,"href":"https:\/\/npkrka.hr\/en_us\/wp-json\/wp\/v2\/media\/8842"}],"wp:attachment":[{"href":"https:\/\/npkrka.hr\/en_us\/wp-json\/wp\/v2\/media?parent=8827"}],"curies":[{"name":"wp","href":"https:\/\/api.w.org\/{rel}","templated":true}]}}