{"id":660,"date":"2022-06-29T11:05:35","date_gmt":"2022-06-29T09:05:35","guid":{"rendered":"https:\/\/www.npkrka.hr\/?page_id=660"},"modified":"2024-08-29T07:54:09","modified_gmt":"2024-08-29T05:54:09","slug":"sibenski-botun","status":"publish","type":"page","link":"https:\/\/npkrka.hr\/en_us\/posjeti\/suveniri\/sibenski-botun\/","title":{"rendered":"\u0160ibenik botun"},"content":{"rendered":"<p><b><a href=\"https:\/\/www.sibenik-tourism.hr\/stranice\/sibenski-botun\/31\/hr.html\">\u0160ibenik botun (button)<\/a>Throughout history has adorned the male folk costume, while in the modern age, is has become one of the most recognisable souvenirs of the \u0160ibenik region. <\/b><\/p>\n<p>In 2007, the Croatian National Tourist Board proclaimed it the most original Croatian souvenir. Today, the \u0160ibenik botun can be purchased in the form of earrings, rings, pendants, tie pins, broches, necklaces, etc. The botun is made using the filigree technique. It has the form of two semi-circles, joined in the middle. It is hollow and airy inside. The outer side is ornamented with fine silver threads and balls. The original botun was made of silver, though today they are also made of gold and aluminium, in different sizes.<\/p>\n<p>The earliest examples of metal buttons, like the toke, were found even in the Illyrian graves from the early 1st century BC. However, medieval depictions of the Dalmatian people show no pronounced decoration with the botun. The widespread adoption of the toke in the folk costume was most prominent during the military organisation of the frontier region, in defence against the Ottoman Empire in the 17th century. The most beautiful and largest botuns today can be seen on the je\u010dermam, vests typical to the folk costumes of the Drni\u0161 and Cetina regions.<\/p>\n<p>At that time, only the men wore botuns \u2013 they indicated the social position and power of the person wearing them, and could be compared to military medals, as they were part of the gifts that the military leaders in Zadar gave to heroes and commanders. They had both an aesthetic and a protective function. During those unsafe times, they were the most valuable part of the family\u2019s assets. Demand for them increased, and they were soon created by many master silversmiths, resulting in a large number of craftsmen becoming highly skilled in the filigree technique, from the Skadar region in the south to northern Dalmatia.<\/p>\n<div class=\"fotorama rounded-lg  shadow lblue-bg mt-5\" data-width=\"100%\" data-ratio=\"16\/10\"  data-nav=\"thumbs\" data-autoplay=\"true\" data-arrows=\"true\" data-transition=\"crossfade\"><img decoding=\"async\" src=\"https:\/\/npkrka.hr\/wp-content\/uploads\/p1160377.jpg\" width=\"100%\" \/><img decoding=\"async\" src=\"https:\/\/npkrka.hr\/wp-content\/uploads\/p1160401.jpg\" width=\"100%\" \/><img decoding=\"async\" src=\"https:\/\/npkrka.hr\/wp-content\/uploads\/p1160395.jpg\" width=\"100%\" \/><img decoding=\"async\" src=\"https:\/\/npkrka.hr\/wp-content\/uploads\/p1160374.jpg\" width=\"100%\" \/><img decoding=\"async\" src=\"https:\/\/npkrka.hr\/wp-content\/uploads\/p1160376.jpg\" width=\"100%\" \/><\/div><p>&nbsp;<\/p>","protected":false},"excerpt":{"rendered":"<p>\u0160ibenski botun (dugme, puce, toka) kroz povijest je krasio mu\u0161ku narodnu no\u0161nju a u moderno se doba etablirao kao jedan od najprepoznatljivijih suvenira \u0161ibenskoga kraja.<\/p>","protected":false},"author":1,"featured_media":662,"parent":118,"menu_order":3,"comment_status":"closed","ping_status":"closed","template":"","meta":{"footnotes":""},"class_list":["post-660","page","type-page","status-publish","has-post-thumbnail","hentry"],"_links":{"self":[{"href":"https:\/\/npkrka.hr\/en_us\/wp-json\/wp\/v2\/pages\/660","targetHints":{"allow":["GET"]}}],"collection":[{"href":"https:\/\/npkrka.hr\/en_us\/wp-json\/wp\/v2\/pages"}],"about":[{"href":"https:\/\/npkrka.hr\/en_us\/wp-json\/wp\/v2\/types\/page"}],"author":[{"embeddable":true,"href":"https:\/\/npkrka.hr\/en_us\/wp-json\/wp\/v2\/users\/1"}],"replies":[{"embeddable":true,"href":"https:\/\/npkrka.hr\/en_us\/wp-json\/wp\/v2\/comments?post=660"}],"version-history":[{"count":0,"href":"https:\/\/npkrka.hr\/en_us\/wp-json\/wp\/v2\/pages\/660\/revisions"}],"up":[{"embeddable":true,"href":"https:\/\/npkrka.hr\/en_us\/wp-json\/wp\/v2\/pages\/118"}],"wp:featuredmedia":[{"embeddable":true,"href":"https:\/\/npkrka.hr\/en_us\/wp-json\/wp\/v2\/media\/662"}],"wp:attachment":[{"href":"https:\/\/npkrka.hr\/en_us\/wp-json\/wp\/v2\/media?parent=660"}],"curies":[{"name":"wp","href":"https:\/\/api.w.org\/{rel}","templated":true}]}}