{"id":630,"date":"2022-06-24T14:10:49","date_gmt":"2022-06-24T12:10:49","guid":{"rendered":"https:\/\/www.npkrka.hr\/?page_id=630"},"modified":"2024-05-17T07:50:49","modified_gmt":"2024-05-17T05:50:49","slug":"630-2","status":"publish","type":"page","link":"https:\/\/npkrka.hr\/en_us\/posjeti\/edukativne-radionice\/630-2\/","title":{"rendered":"The wonderous world of dragonflies"},"content":{"rendered":"<p><strong>The workshop is intended for preschool age children and students in the lower grades of elementary school<\/strong><\/p>\n<p>The workshop is designed so that children can become acquainted with the wonderful world of dragonflies through a PowerPoint presentation and games. Children learn about the body structure of dragonflies, their life cycle, and the way they mate, how they fly, and why it is important to preserve aquatic habitats. The lecture is followed by a creative workshop making dragonfly masks and answering quiz questions.<\/p>\n<p>Approximate duration of the workshop: 45 \u2013 60 minutes<\/p>\n<p>Recommended number of students in the group: 25<\/p>","protected":false},"excerpt":{"rendered":"<p>Radionica je namijenjena pred\u0161kolcima i ni\u017eim razredima osnovnih \u0161kola.<\/p>","protected":false},"author":1,"featured_media":631,"parent":116,"menu_order":4,"comment_status":"closed","ping_status":"closed","template":"","meta":{"footnotes":""},"class_list":["post-630","page","type-page","status-publish","has-post-thumbnail","hentry"],"_links":{"self":[{"href":"https:\/\/npkrka.hr\/en_us\/wp-json\/wp\/v2\/pages\/630","targetHints":{"allow":["GET"]}}],"collection":[{"href":"https:\/\/npkrka.hr\/en_us\/wp-json\/wp\/v2\/pages"}],"about":[{"href":"https:\/\/npkrka.hr\/en_us\/wp-json\/wp\/v2\/types\/page"}],"author":[{"embeddable":true,"href":"https:\/\/npkrka.hr\/en_us\/wp-json\/wp\/v2\/users\/1"}],"replies":[{"embeddable":true,"href":"https:\/\/npkrka.hr\/en_us\/wp-json\/wp\/v2\/comments?post=630"}],"version-history":[{"count":0,"href":"https:\/\/npkrka.hr\/en_us\/wp-json\/wp\/v2\/pages\/630\/revisions"}],"up":[{"embeddable":true,"href":"https:\/\/npkrka.hr\/en_us\/wp-json\/wp\/v2\/pages\/116"}],"wp:featuredmedia":[{"embeddable":true,"href":"https:\/\/npkrka.hr\/en_us\/wp-json\/wp\/v2\/media\/631"}],"wp:attachment":[{"href":"https:\/\/npkrka.hr\/en_us\/wp-json\/wp\/v2\/media?parent=630"}],"curies":[{"name":"wp","href":"https:\/\/api.w.org\/{rel}","templated":true}]}}