{"id":617,"date":"2022-06-24T14:04:12","date_gmt":"2022-06-24T12:04:12","guid":{"rendered":"https:\/\/www.npkrka.hr\/?page_id=617"},"modified":"2024-12-10T09:30:27","modified_gmt":"2024-12-10T08:30:27","slug":"mali-cuvari-prirode","status":"publish","type":"page","link":"https:\/\/npkrka.hr\/en_us\/posjeti\/edukativne-radionice\/mali-cuvari-prirode\/","title":{"rendered":"Little rangers"},"content":{"rendered":"<p><strong>The workshop is intended for students in the lower grades of elementary school <\/strong><\/p>\n<p>The students are first introduced to the Krka National Park using a PowerPoint presentation. The phenomena of tufa and waterfalls, as well as the plant and animal species that live in the Park area, are discussed in particular. The content of the workshop can be integrated into the curriculum for the subject Nature and Society in the lower grades of primary school. At the end of the workshop, the students solve a quiz and, after taking an oath, become \u201clittle rangers\u201d.<\/p>\n<p>Approximate duration of the workshop: 45 \u2013 60 minutes<\/p>\n<p>Recommended number of students in the group: 25<\/p>","protected":false},"excerpt":{"rendered":"<p>Radionica je namijenjena ni\u017eim razredima osnovne \u0161kole i zami\u0161ljena na na\u010din da na\u0161i edukatori djeci prezentiraju Nacionalni park &#8220;Krka&#8221; kroz pri\u010du i igru na na\u010din prilago\u0111en njihovom uzrastu.<\/p>","protected":false},"author":1,"featured_media":611,"parent":116,"menu_order":1,"comment_status":"closed","ping_status":"closed","template":"","meta":{"footnotes":""},"class_list":["post-617","page","type-page","status-publish","has-post-thumbnail","hentry"],"_links":{"self":[{"href":"https:\/\/npkrka.hr\/en_us\/wp-json\/wp\/v2\/pages\/617","targetHints":{"allow":["GET"]}}],"collection":[{"href":"https:\/\/npkrka.hr\/en_us\/wp-json\/wp\/v2\/pages"}],"about":[{"href":"https:\/\/npkrka.hr\/en_us\/wp-json\/wp\/v2\/types\/page"}],"author":[{"embeddable":true,"href":"https:\/\/npkrka.hr\/en_us\/wp-json\/wp\/v2\/users\/1"}],"replies":[{"embeddable":true,"href":"https:\/\/npkrka.hr\/en_us\/wp-json\/wp\/v2\/comments?post=617"}],"version-history":[{"count":0,"href":"https:\/\/npkrka.hr\/en_us\/wp-json\/wp\/v2\/pages\/617\/revisions"}],"up":[{"embeddable":true,"href":"https:\/\/npkrka.hr\/en_us\/wp-json\/wp\/v2\/pages\/116"}],"wp:featuredmedia":[{"embeddable":true,"href":"https:\/\/npkrka.hr\/en_us\/wp-json\/wp\/v2\/media\/611"}],"wp:attachment":[{"href":"https:\/\/npkrka.hr\/en_us\/wp-json\/wp\/v2\/media?parent=617"}],"curies":[{"name":"wp","href":"https:\/\/api.w.org\/{rel}","templated":true}]}}