{"id":613,"date":"2022-06-24T14:03:03","date_gmt":"2022-06-24T12:03:03","guid":{"rendered":"https:\/\/www.npkrka.hr\/?page_id=613"},"modified":"2024-05-17T07:41:12","modified_gmt":"2024-05-17T05:41:12","slug":"mini-cuvari-prirode","status":"publish","type":"page","link":"https:\/\/npkrka.hr\/en_us\/posjeti\/edukativne-radionice\/mini-cuvari-prirode\/","title":{"rendered":"Mini Park rangers"},"content":{"rendered":"<p><strong>The workshop is intended for preschool age children <\/strong><\/p>\n<p>The children participating in the workshop first get to know the Krka National Park, its fundamental phenomenon \u2013 tufa formation, and its natural and cultural features. Then, by vividly telling the story of the young bat Jopa, who tries to celebrate her 6th birthday but is prevented from doing so due to water pollution, the message is conveyed in an interesting way about how much they as individuals can influence the lives of animals and nature in general through their behaviour, positively or negatively. The workshop ends with a YES\/NO question, after which the children become \u201cmini Park rangers\u201d.<\/p>\n<p>Approximate duration of the workshop: 30 minutes<\/p>\n<p>Recommended number of students in the group: 25<\/p>","protected":false},"excerpt":{"rendered":"<p>Radionica je namijenjena pred\u0161kolskom uzrastu i zami\u0161ljena na na\u010din da na\u0161i edukatori djeci prezentiraju Nacionalni park &#8220;Krka&#8221; kroz pri\u010du i igru na na\u010din prilago\u0111en njihovom uzrastu.<\/p>","protected":false},"author":1,"featured_media":614,"parent":116,"menu_order":0,"comment_status":"closed","ping_status":"closed","template":"","meta":{"footnotes":""},"class_list":["post-613","page","type-page","status-publish","has-post-thumbnail","hentry"],"_links":{"self":[{"href":"https:\/\/npkrka.hr\/en_us\/wp-json\/wp\/v2\/pages\/613","targetHints":{"allow":["GET"]}}],"collection":[{"href":"https:\/\/npkrka.hr\/en_us\/wp-json\/wp\/v2\/pages"}],"about":[{"href":"https:\/\/npkrka.hr\/en_us\/wp-json\/wp\/v2\/types\/page"}],"author":[{"embeddable":true,"href":"https:\/\/npkrka.hr\/en_us\/wp-json\/wp\/v2\/users\/1"}],"replies":[{"embeddable":true,"href":"https:\/\/npkrka.hr\/en_us\/wp-json\/wp\/v2\/comments?post=613"}],"version-history":[{"count":0,"href":"https:\/\/npkrka.hr\/en_us\/wp-json\/wp\/v2\/pages\/613\/revisions"}],"up":[{"embeddable":true,"href":"https:\/\/npkrka.hr\/en_us\/wp-json\/wp\/v2\/pages\/116"}],"wp:featuredmedia":[{"embeddable":true,"href":"https:\/\/npkrka.hr\/en_us\/wp-json\/wp\/v2\/media\/614"}],"wp:attachment":[{"href":"https:\/\/npkrka.hr\/en_us\/wp-json\/wp\/v2\/media?parent=613"}],"curies":[{"name":"wp","href":"https:\/\/api.w.org\/{rel}","templated":true}]}}