{"id":606,"date":"2022-06-24T13:54:53","date_gmt":"2022-06-24T11:54:53","guid":{"rendered":"https:\/\/www.npkrka.hr\/?page_id=606"},"modified":"2024-08-21T09:10:47","modified_gmt":"2024-08-21T07:10:47","slug":"manastir-krka-i-srednjovjekovne-utvrde-trosenj-i-necven","status":"publish","type":"page","link":"https:\/\/npkrka.hr\/en_us\/posjeti\/izleti-brodom\/manastir-krka-i-srednjovjekovne-utvrde-trosenj-i-necven\/","title":{"rendered":"Medieval fortresses of Tro\u0161enj and Ne\u010dven"},"content":{"rendered":"<p>Organized boat excursion from Ro\u0161ki slap waterfall from April to October.<\/p>\n<p><strong>DEPARTURE POINT Ro\u0161ki slap waterfall:<\/strong><\/p>\n<p><strong>Ro\u0161ki slap waterfall \u2013 medieval fortresses Tro\u0161enj and Ne\u010dven,<\/strong>2 hours<\/p>\n<ul>\n<li>the view to medieval fortresses Tro\u0161enj and Ne\u010dven from the boat<\/li>\n<\/ul>\n<p><strong>Boat excursion departure times:\u00a0<\/strong><\/p>\n<ul>\n<li><strong>by appointment from Ro\u0161ki slap waterfall<\/strong><\/li>\n<li>boat departures from Ro\u0161ki slap available until 15:00<\/li>\n<li>organised groups by appointment<\/li>\n<\/ul>\n<hr \/>\n<p><strong>PRICE:<\/strong>please see the <a href=\"https:\/\/npkrka.hr\/en_us\/en_US\/posjeti\/cjenik\/\">pricelist.<\/a><\/p>","protected":false},"excerpt":{"rendered":"<p>Duhovno sredi\u0161te pravoslavnih vjernika \u2013 manastir Krka (sv. Arhan\u0111el) nalazi se na pitomom pro\u0161irenju rijeke Krke zvanom Carigradska draga, tri i pol kilometra isto\u010dno od Kistanja.<\/p>","protected":false},"author":1,"featured_media":2235,"parent":110,"menu_order":4,"comment_status":"closed","ping_status":"closed","template":"","meta":{"footnotes":""},"class_list":["post-606","page","type-page","status-publish","has-post-thumbnail","hentry"],"_links":{"self":[{"href":"https:\/\/npkrka.hr\/en_us\/wp-json\/wp\/v2\/pages\/606","targetHints":{"allow":["GET"]}}],"collection":[{"href":"https:\/\/npkrka.hr\/en_us\/wp-json\/wp\/v2\/pages"}],"about":[{"href":"https:\/\/npkrka.hr\/en_us\/wp-json\/wp\/v2\/types\/page"}],"author":[{"embeddable":true,"href":"https:\/\/npkrka.hr\/en_us\/wp-json\/wp\/v2\/users\/1"}],"replies":[{"embeddable":true,"href":"https:\/\/npkrka.hr\/en_us\/wp-json\/wp\/v2\/comments?post=606"}],"version-history":[{"count":0,"href":"https:\/\/npkrka.hr\/en_us\/wp-json\/wp\/v2\/pages\/606\/revisions"}],"up":[{"embeddable":true,"href":"https:\/\/npkrka.hr\/en_us\/wp-json\/wp\/v2\/pages\/110"}],"wp:featuredmedia":[{"embeddable":true,"href":"https:\/\/npkrka.hr\/en_us\/wp-json\/wp\/v2\/media\/2235"}],"wp:attachment":[{"href":"https:\/\/npkrka.hr\/en_us\/wp-json\/wp\/v2\/media?parent=606"}],"curies":[{"name":"wp","href":"https:\/\/api.w.org\/{rel}","templated":true}]}}