{"id":603,"date":"2022-06-24T13:53:13","date_gmt":"2022-06-24T11:53:13","guid":{"rendered":"https:\/\/www.npkrka.hr\/?page_id=603"},"modified":"2024-08-20T14:09:58","modified_gmt":"2024-08-20T12:09:58","slug":"roski-slap-izlet","status":"publish","type":"page","link":"https:\/\/npkrka.hr\/en_us\/posjeti\/izleti-brodom\/roski-slap-izlet\/","title":{"rendered":"Ro\u0161ki slap waterfall"},"content":{"rendered":"<p><b>In addition to reaching Ro\u0161ki slap waterfall by road, it is also possible to arrive there by organised boat excursion from Skradinski buk waterfall.<\/b><\/p>\n<p class=\"translation-block\">The boat ride lasts 4 hours and includes a stop on Visovac Island, a ride through the Me\u0111u gredama canyon, and 1.5 hour of sightseeing of Ro\u0161ki slap waterfall (hiking trail accross the Necklaces, viewing the watermills and washing columns). From Ro\u0161ki slap waterfall, it is also possible to take an organised boat excursion towards medieval fortresses of Tro\u0161enj and Ne\u010dven. The boat excursion is 2 hours long.<\/p>\n<p>Entrance tickets for Krka National Park and boat excursion tickets are available at Ro\u0161ki slap entrance (reception desk).<\/p>\n<p><strong>DEPARTURE POINT SKRADINSKI BUK WATERFALL:<\/strong>:<\/p>\n<p><strong>Skradinski buk \u2013 Visovac Island \u2013 Ro\u0161ki slap waterfall,<\/strong>4 hours<\/p>\n<ul>\n<li>sightseeing of Visovac Island for half an hour, accompanied by informants<\/li>\n<li>boat ride through the Me\u0111u gredama canyon toward Ro\u0161ki slap waterfall<\/li>\n<li>sightseeing of Ro\u0161ki slap for 1.5 hour<\/li>\n<\/ul>\n<p><strong>DEPARTURE POINT RO\u0160KI SLAP WATERFALL:<\/strong>:<\/p>\n<p><strong>Ro\u0161ki slap waterfall \u2013 Visovac Island \u2013 Ro\u0161ki slap waterfall,<\/strong>2 hours<\/p>\n<ul>\n<li>sightseeing of Visovac Island for half an hour, accompanied by informants<\/li>\n<li>boat ride through the Me\u0111u gredama canyon<\/li>\n<li>boat excursion from Ro\u0161ki slap to Visovac is available until 15:00<\/li>\n<\/ul>\n<p><strong>Boat excursion departure times:<\/strong><\/p>\n<ul>\n<li><strong>by appointment from Skradinski buk and Ro\u0161ki slap<\/strong><\/li>\n<li>organised groups by appointment<\/li>\n<\/ul>\n<p><strong>PRICE:<\/strong>please see the <a href=\"https:\/\/npkrka.hr\/en_us\/en_US\/posjeti\/cjenik\/\">pricelist.<\/a><\/p>","protected":false},"excerpt":{"rendered":"<p>In addition to reaching Ro\u0161ki slap waterfall by road, it is also possible to arrive there by organised boat excursion from Skradinski buk waterfall.<\/p>","protected":false},"author":1,"featured_media":226,"parent":110,"menu_order":2,"comment_status":"closed","ping_status":"closed","template":"","meta":{"footnotes":""},"class_list":["post-603","page","type-page","status-publish","has-post-thumbnail","hentry"],"_links":{"self":[{"href":"https:\/\/npkrka.hr\/en_us\/wp-json\/wp\/v2\/pages\/603","targetHints":{"allow":["GET"]}}],"collection":[{"href":"https:\/\/npkrka.hr\/en_us\/wp-json\/wp\/v2\/pages"}],"about":[{"href":"https:\/\/npkrka.hr\/en_us\/wp-json\/wp\/v2\/types\/page"}],"author":[{"embeddable":true,"href":"https:\/\/npkrka.hr\/en_us\/wp-json\/wp\/v2\/users\/1"}],"replies":[{"embeddable":true,"href":"https:\/\/npkrka.hr\/en_us\/wp-json\/wp\/v2\/comments?post=603"}],"version-history":[{"count":0,"href":"https:\/\/npkrka.hr\/en_us\/wp-json\/wp\/v2\/pages\/603\/revisions"}],"up":[{"embeddable":true,"href":"https:\/\/npkrka.hr\/en_us\/wp-json\/wp\/v2\/pages\/110"}],"wp:featuredmedia":[{"embeddable":true,"href":"https:\/\/npkrka.hr\/en_us\/wp-json\/wp\/v2\/media\/226"}],"wp:attachment":[{"href":"https:\/\/npkrka.hr\/en_us\/wp-json\/wp\/v2\/media?parent=603"}],"curies":[{"name":"wp","href":"https:\/\/api.w.org\/{rel}","templated":true}]}}