{"id":590,"date":"2022-06-24T13:35:46","date_gmt":"2022-06-24T11:35:46","guid":{"rendered":"https:\/\/www.npkrka.hr\/?page_id=590"},"modified":"2025-07-18T14:04:21","modified_gmt":"2025-07-18T12:04:21","slug":"cikola","status":"publish","type":"page","link":"https:\/\/npkrka.hr\/en_us\/posjeti\/izleti-brodom\/cikola\/","title":{"rendered":"\u010cikola"},"content":{"rendered":"<p><strong>The excursion lasts 45 minutes and starts at the dock for the Krka middle course at Skradinski buk.<\/strong><\/p>\n<p>The excursion route leads to the Torak Lake spring, and includes sightseeing of Klju\u010dica, the best preserved medieval fortress in the park, and \u010cekinac Cove often called Krni\u0107a Lake by the locals, before returning to Skradinski buk.<\/p>\n<p><strong>DEPARTURE POINT SKRADINSKI BUK WATERFALL:<\/strong>:<\/p>\n<ul>\n<li>Skradinski buk \u2013 \u010cikola \u2013 Skradinski buk , 45 minutes<\/li>\n<\/ul>\n<p><strong>Boat excursion departure times:<\/strong><\/p>\n<ul>\n<li>by appointment from Skradinski buk<\/li>\n<\/ul>\n<p><strong>PRICE:<\/strong>please see the <a href=\"https:\/\/npkrka.hr\/en_us\/en_US\/posjeti\/cjenik\/\">pricelist.<\/a><\/p>\n<div class=\"fotorama rounded-lg  shadow lblue-bg mt-5\" data-width=\"100%\" data-ratio=\"16\/10\"  data-nav=\"thumbs\" data-autoplay=\"true\" data-arrows=\"true\" data-transition=\"crossfade\"><img decoding=\"async\" src=\"https:\/\/npkrka.hr\/wp-content\/uploads\/5d3a8120.jpg\" width=\"100%\" \/><img decoding=\"async\" src=\"https:\/\/npkrka.hr\/wp-content\/uploads\/5d3a8160.jpg\" width=\"100%\" \/><img decoding=\"async\" src=\"https:\/\/npkrka.hr\/wp-content\/uploads\/npkrkaweb0020.jpg\" width=\"100%\" \/><img decoding=\"async\" src=\"https:\/\/npkrka.hr\/wp-content\/uploads\/npkrkaweb0986.jpg\" width=\"100%\" \/><img decoding=\"async\" src=\"https:\/\/npkrka.hr\/wp-content\/uploads\/npkrkaweb0996.jpg\" width=\"100%\" \/><\/div><p>&nbsp;<\/p>","protected":false},"excerpt":{"rendered":"<p>Izlet traje jedan sat, a brod polazi s pristani\u0161ta za srednji tok Krke na Skradinskom buku.<\/p>","protected":false},"author":1,"featured_media":593,"parent":110,"menu_order":0,"comment_status":"closed","ping_status":"closed","template":"","meta":{"footnotes":""},"class_list":["post-590","page","type-page","status-publish","has-post-thumbnail","hentry"],"_links":{"self":[{"href":"https:\/\/npkrka.hr\/en_us\/wp-json\/wp\/v2\/pages\/590","targetHints":{"allow":["GET"]}}],"collection":[{"href":"https:\/\/npkrka.hr\/en_us\/wp-json\/wp\/v2\/pages"}],"about":[{"href":"https:\/\/npkrka.hr\/en_us\/wp-json\/wp\/v2\/types\/page"}],"author":[{"embeddable":true,"href":"https:\/\/npkrka.hr\/en_us\/wp-json\/wp\/v2\/users\/1"}],"replies":[{"embeddable":true,"href":"https:\/\/npkrka.hr\/en_us\/wp-json\/wp\/v2\/comments?post=590"}],"version-history":[{"count":0,"href":"https:\/\/npkrka.hr\/en_us\/wp-json\/wp\/v2\/pages\/590\/revisions"}],"up":[{"embeddable":true,"href":"https:\/\/npkrka.hr\/en_us\/wp-json\/wp\/v2\/pages\/110"}],"wp:featuredmedia":[{"embeddable":true,"href":"https:\/\/npkrka.hr\/en_us\/wp-json\/wp\/v2\/media\/593"}],"wp:attachment":[{"href":"https:\/\/npkrka.hr\/en_us\/wp-json\/wp\/v2\/media?parent=590"}],"curies":[{"name":"wp","href":"https:\/\/api.w.org\/{rel}","templated":true}]}}