{"id":57,"date":"2022-06-14T10:21:30","date_gmt":"2022-06-14T08:21:30","guid":{"rendered":"https:\/\/www.npkrka.hr\/?page_id=57"},"modified":"2025-10-21T14:51:19","modified_gmt":"2025-10-21T12:51:19","slug":"kontakt","status":"publish","type":"page","link":"https:\/\/npkrka.hr\/en_us\/informacije\/kontakt\/","title":{"rendered":"Contact"},"content":{"rendered":"<p><strong>Public Institute of Krka National Park<\/strong><\/p>\r\n<p>Trg Ivana Pavla II. br. 5<br \/>22000 \u0160ibenik<br \/>Hrvatska<br \/>tel: +385 (0)22 201-777<br \/>fax: +385 (0)22 336-836<br \/>E-mail:\u00a0<a href=\"mailto:info@npk.hr\">info@npk.hr<\/a><\/p>\r\n<p>OIB: 67969498372<\/p>\r\n<p>IBAN: HR3024020061100791766<\/p>\r\n<p>Office working hours: Monday \u2013 Friday, 7:00 \u2013 15:00<\/br>Info: +385 (0)22 201-741; +385 (0)91\/225-4187<br \/><br \/><strong>Info: <\/strong>+385 (0)22 201-741; +385 (0)<span data-olk-copy-source=\"MessageBody\">91\/225-4187<\/span>\u00a0 \u00a0 \u00a0 \u00a0 \u00a0 \u00a0<\/p>\r\n<hr \/>\r\n<p><strong>Director\u2019s Office:<\/strong><\/p>\r\n<p>Director: Nella Slavica<\/p>\r\n<p>tel: +385 (0)22 201-740<br \/>E-mail:\u00a0<a href=\"mailto:nella.slavica@npk.hr\">nella.slavica@npk.hr<\/a><\/p>\r\n<p>Administrative Assistant to the Director: +385 (0)22 201-744<\/p>\r\n<hr \/>\r\n<p>Secretary of the Institute: Anita Mata\u010di\u0107<\/p>\r\n<p>tel: +385 (0)22 201-751<br \/>E-mail: <a href=\"mailto:anita.matacic@npk.hr\">anita.matacic@npk.hr<\/a><\/p>\r\n<p>Mailroom<br \/>tel: +385 (0)22 493-515<br \/>E-mail: <a href=\"mailto:anita.matacic@npk.hr\">pisarnica@npk.hr<\/a><\/p>\r\n<hr \/>\r\n<p><strong>Organisational unit 3 (Public Relations)<\/strong><\/p>\r\n<p>Head of Unit: Katia \u017dupan, M.BI<\/p>\r\n<p>tel: +385 (0)22 201-756<br \/>E-mail: <a href=\"mailto:katia.zupan@npk.hr\">katia.zupan@npk.hr<\/a>\u00a0<a href=\"mailto:glasnogovornica@npk.hr\">glasnogovornica@npk.hr<\/a><\/p>\r\n<hr \/>\r\n<p><strong>Organisational unit 2 (Protection Expert Affairs)<\/strong><\/p>\r\n<p>Head of Unit: Gordana Goreta, MSc<\/p>\r\n<p>tel:\u00a0+385 (0)22 201-757<br \/>E-mail: <a href=\"mailto:gordana.goreta@npk.hr\">gordana.goreta@npk.hr<\/a><\/p>\r\n<hr \/>\r\n<p><strong>Organisational unit 3 (Archeology)<\/strong><\/p>\r\n<p>Head of Unit: Nata\u0161a Zaninovi\u0107<\/p>\r\n<p>tel: +385 (0)22 201-757<br \/>E-mail: <a href=\"mailto:natasa.zaninovic@npk.hr\">natasa.zaninovic@npk.hr<\/a><\/p>\r\n<hr \/>\r\n<p><strong>Organisational unit 3 (Agricultural Areas)<\/strong><\/p>\r\n<p>Head of Unit: Mate Ba\u010di\u0107<\/p>\r\n<p>tel: +385 (0)22 201-754<br \/>E-mail:\u00a0<a href=\"mailto:mate.bacic@npk.hr\">mate.bacic@npk.hr<\/a><\/p>\r\n<hr \/>\r\n<p><strong>Organisational unit 3 (Supervisory)<\/strong><\/p>\r\n<p>Head of Unit: Josip Klari\u0107<\/p>\r\n<p>tel: +385 (0)22 201-777<br \/>E-mail: <a href=\"mailto:josip.klaric@npk.hr\">josip.klaric@npk.hr<\/a><\/p>\r\n<hr \/>\r\n<p><strong>Organisational unit 2 (Tourism)<\/strong><\/p>\r\n<p>Head of Unit: Ivona Cvitan<\/p>\r\n<p>tel: +385 (0)22 201-750<br \/>E-mail: <a href=\"mailto:ivona.cvitan@npk.hr\">ivona.cvitan@npk.hr<\/a><\/p>\r\n<hr \/>\r\n<p><strong>Organisational unit 3 (Tourism)<\/strong><\/p>\r\n<p>Head of Unit: Danijela Kre\u010dak<\/p>\r\n<p>tel: +385 (0)22 201-768<br \/>E-mail: <a href=\"mailto:danijela.krecak@npk.hr\">danijela.krecak@npk.hr<\/a><\/p>\r\n<hr \/>\r\n<p><strong>Organisational unit 3 (Promotions)<\/strong><\/p>\r\n<p>Head of Unit: Silvija \u010caleta<\/p>\r\n<p>tel: +385 (0)22 201-759<br \/>E-mail: <a href=\"mailto:silvija.caleta@npk.hr\">silvija.caleta@npk.hr<\/a><\/p>\r\n<hr \/>\r\n<p><strong>Organisational unit 3 (Hospitality)<\/strong><\/p>\r\n<p>Head of Unit: Doris Bani\u0107<\/p>\r\n<p>tel: +385 (0)22 201-774<br \/>E-mail: <a href=\"mailto:doris.banic@npk.hr\">doris.banic@npk.hr<\/a><\/p>\r\n<hr \/>\r\n<p><strong>Organisational unit 2 (Finance and Accounting)<\/strong><\/p>\r\n<p>Head of Unit: Vesna \u0160karica<\/p>\r\n<p>tel: +385 (0)22 201-773<br \/>E-mail: <a href=\"mailto:vesna.skarica@npk.hr\">vesna.skarica@npk.hr<\/a><\/p>\r\n<hr \/>\r\n<p><strong>Organisational unit 3 (IT)<\/strong><\/p>\r\n<p>Head of Unit: Kristijan Pralija<\/p>\r\n<p>tel: +385 (0)22 201-741<br \/>E-mail: <a href=\"mailto:matilda.vestic@npk.hr\">kristijan.pralija@npk.hr<\/a><\/p>\r\n<hr \/>\r\n<p><strong>Organisational unit 2 (Legal Affairs)<\/strong><\/p>\r\n<p>Head of Unit: Oliver Nokaj<\/p>\r\n<p>tel: +385 (0)22 201-747<br \/>E-mail:\u00a0<a href=\"mailto:oliver.nokaj@npk.hr\">oliver.nokaj@npk.hr<\/a><\/p>\r\n<hr \/>\r\n<p><strong>Organisational unit 3 (Legal Affairs)<\/strong><\/p>\r\n<p>Head of Unit: Ante Dobrovi\u0107<\/p>\r\n<p>tel: +385 (0)22 201-747<br \/>E-mail: <a href=\"mailto:ante.dobrovic@npk.hr\">ante.dobrovic@npk.hr<\/a><\/p>\r\n<hr \/>\r\n<p><strong>Organisational unit 3 (Public Procurement)<\/strong><\/p>\r\n<p>Head of Unit: Kristiana Jerkov<\/p>\r\n<p>tel: +385 (0)22 201-772<br \/>E-mail: <a href=\"mailto:kristiana.jerkov@npk.hr\">kristiana.jerkov@npk.hr<\/a><\/p>\r\n<hr \/>\r\n<p><strong>Organisational unit 2 (Technical Affairs)<\/strong><\/p>\r\n<p>Head of Unit: Jo\u0161ko Baljkas<\/p>\r\n<p>tel: +385 (0)22 201-764<br \/>E-mail: <a href=\"mailto:josko.baljkas@npk.hr\">josko.baljkas@npk.hr<\/a><\/p>\r\n<hr \/>\r\n<p><strong>Organisational unit 2 (Internal Revision)<\/strong><\/p>\r\n<p>Head of Unit: Damir Dun\u0111er<\/p>\r\n<p>tel: +385 (0)22 201-766<br \/>E-mail:\u00a0<a href=\"mailto:damir.dunder@npk.hr\">damir.dunder@npk.hr<\/a><\/p>\r\n<hr \/>\r\n<p><strong>Reservations and registration<\/strong><\/p>\r\n<p>Head, Reception and Transport: Martina \u0110akovi\u0107 and Danijela Alin\u010di\u0107<\/p>\r\n<p>tel: +385 (0)22 201-769<br \/>fax: +385 (0)22 336-836<br \/>E-mail: <a href=\"mailto:martina.bulat@npk.hr?subject=martina.bulat%40npk.hr\">martina.bulat@npk.hr<\/a>\u00a0<a href=\"mailto:danijela.zivkovic@npk.hr\">danijela.zivkovic@npk.hr<\/a>\u00a0<a href=\"mailto:info@npk.hr\">info@npk.hr<\/a>\u00a0<a href=\"mailto:booking@npk.hr\">booking@npk.hr<\/a><\/p>\r\n<hr \/>\r\n<p><strong>The Titius Hostel<\/strong><\/p>\r\n<p><a href=\"mailto:hostel.titius@npk.hr\">hostel.titius@npk.hr<\/a><\/p>\r\n<p>tel: +385 (0)91 225-4205<\/p>\r\n<hr \/>\r\n<p><strong>Fire alarm<\/strong><\/p>\r\n<p>112 (hitne slu\u017ebe)<\/p>\r\n<p>+385 (0)22 201-741<\/p>\r\n<hr \/>\r\n<p><strong>Submissions to the Ethics Committee<\/strong><\/p>\r\n<p><a href=\"mailto:eticki.kodeks@npk.hr\">eticki.kodeks@npk.hr<\/a><\/p>\r\n<p>\u00a0<\/p>","protected":false},"excerpt":{"rendered":"<p>Public Institute of Krka National Park<\/p>","protected":false},"author":1,"featured_media":2258,"parent":142,"menu_order":9,"comment_status":"closed","ping_status":"closed","template":"","meta":{"footnotes":""},"class_list":["post-57","page","type-page","status-publish","has-post-thumbnail","hentry"],"_links":{"self":[{"href":"https:\/\/npkrka.hr\/en_us\/wp-json\/wp\/v2\/pages\/57","targetHints":{"allow":["GET"]}}],"collection":[{"href":"https:\/\/npkrka.hr\/en_us\/wp-json\/wp\/v2\/pages"}],"about":[{"href":"https:\/\/npkrka.hr\/en_us\/wp-json\/wp\/v2\/types\/page"}],"author":[{"embeddable":true,"href":"https:\/\/npkrka.hr\/en_us\/wp-json\/wp\/v2\/users\/1"}],"replies":[{"embeddable":true,"href":"https:\/\/npkrka.hr\/en_us\/wp-json\/wp\/v2\/comments?post=57"}],"version-history":[{"count":0,"href":"https:\/\/npkrka.hr\/en_us\/wp-json\/wp\/v2\/pages\/57\/revisions"}],"up":[{"embeddable":true,"href":"https:\/\/npkrka.hr\/en_us\/wp-json\/wp\/v2\/pages\/142"}],"wp:featuredmedia":[{"embeddable":true,"href":"https:\/\/npkrka.hr\/en_us\/wp-json\/wp\/v2\/media\/2258"}],"wp:attachment":[{"href":"https:\/\/npkrka.hr\/en_us\/wp-json\/wp\/v2\/media?parent=57"}],"curies":[{"name":"wp","href":"https:\/\/api.w.org\/{rel}","templated":true}]}}