{"id":5678,"date":"2022-11-03T09:13:21","date_gmt":"2022-11-03T08:13:21","guid":{"rendered":"https:\/\/www.npkrka.hr\/?page_id=5678"},"modified":"2022-11-09T07:09:17","modified_gmt":"2022-11-09T06:09:17","slug":"laboratorij-prirode","status":"publish","type":"page","link":"https:\/\/npkrka.hr\/en_us\/posjeti\/sadrzaji\/eko-kampus-krka-u-puljanima\/laboratorij-prirode\/","title":{"rendered":"Laboratory of Nature"},"content":{"rendered":"<p>The Laboratory of Nature is an education and interpretation centre where different educational, creative and popular science programmes can be held for the general public, particularly for preschool and primary school groups.<\/p>\n<p>The permanent interactive exhibit has an interpretation and educational purpose, in a modernly equipped multifunctional space that can be used for lectures and workshops. In the hallways, children\u2019s artwork can be displayed, and on the thematic playground, various games can be played. At the Amphitheatre, the multimedia system enables screening video content for an outdoor cinema experience.<\/p>\n<p>The exhibition space consists of six special segments, each housing a thematic exhibit. The scenography is inspired by the hollow and wavy tufa rock, as the fundamental phenomenon of Krka National Park.<\/p>\n<p>The main message given by the permanent collection is the need to keep exploring the world we live in, by getting to know and trying out methods of different scientific disciplines and professions that study nature and the relationship humans have with nature.<\/p>\n<p>The six topics covered in the six exhibits are: geology, history, flora, fauna, nature conservation, and the scientific profession. The permanent museum exhibit consists of complex interactive displays, made up of graphical, multimedia and mechanical elements. Every exhibit follows a unique and playful illustrative guide and interpretive wall graphics in the form of mental maps that lead into each thematic topic.<\/p>\n<p>The grounds feature a children\u2019s playground that thematically completes the main message of the centre by expanding it into the outdoor space. The theme of the playground are the native animals that can be found in the Park, and these are the motifs intertwined in the play elements.<\/p>\n<p>The Amphitheatre is an external extension of the Laboratory of Nature, just a five-minute walk along the educational trail. It includes an area for video screening, plays, recitals and similar contact in an amphitheatre-shaped outdoor space. There are stands for spectators, covered with a wooden pergola, and a plateau for presentations with outdoor projection screen. It is fully equipped with a projection screen, sound system, projector, lighting and recording devices.<\/p>\n<div class=\"fotorama rounded-lg  shadow lblue-bg mt-5\" data-width=\"100%\" data-ratio=\"16\/10\"  data-nav=\"thumbs\" data-autoplay=\"true\" data-arrows=\"true\" data-transition=\"crossfade\"><img decoding=\"async\" src=\"https:\/\/npkrka.hr\/wp-content\/uploads\/Laboratorij-prirode-1.jpg\" width=\"100%\" \/><img decoding=\"async\" src=\"https:\/\/npkrka.hr\/wp-content\/uploads\/Laboratorij-prirode-2.jpg\" width=\"100%\" \/><img decoding=\"async\" src=\"https:\/\/npkrka.hr\/wp-content\/uploads\/Laboratorij-prirode-3.jpg\" width=\"100%\" \/><img decoding=\"async\" src=\"https:\/\/npkrka.hr\/wp-content\/uploads\/Laboratorij-prirode-4.jpg\" width=\"100%\" \/><img decoding=\"async\" src=\"https:\/\/npkrka.hr\/wp-content\/uploads\/Laboratorij-prirode-5.jpg\" width=\"100%\" \/><img decoding=\"async\" src=\"https:\/\/npkrka.hr\/wp-content\/uploads\/Laboratorij-prirode-6.jpg\" width=\"100%\" \/><img decoding=\"async\" src=\"https:\/\/npkrka.hr\/wp-content\/uploads\/Laboratorij-prirode-7.jpg\" width=\"100%\" \/><img decoding=\"async\" src=\"https:\/\/npkrka.hr\/wp-content\/uploads\/Laboratorij-prirode-8.jpg\" width=\"100%\" \/><img decoding=\"async\" src=\"https:\/\/npkrka.hr\/wp-content\/uploads\/Laboratorij-prirode-9.jpg\" width=\"100%\" \/><img decoding=\"async\" src=\"https:\/\/npkrka.hr\/wp-content\/uploads\/Laboratorij-prirode-10.jpg\" width=\"100%\" \/><img decoding=\"async\" src=\"https:\/\/npkrka.hr\/wp-content\/uploads\/Laboratorij-prirode-11.jpg\" width=\"100%\" \/><img decoding=\"async\" src=\"https:\/\/npkrka.hr\/wp-content\/uploads\/Laboratorij-prirode-12.jpg\" width=\"100%\" \/><img decoding=\"async\" src=\"https:\/\/npkrka.hr\/wp-content\/uploads\/Laboratorij-prirode-14.jpg\" width=\"100%\" \/><img decoding=\"async\" src=\"https:\/\/npkrka.hr\/wp-content\/uploads\/Laboratorij-prirode-15.jpg\" width=\"100%\" \/><img decoding=\"async\" src=\"https:\/\/npkrka.hr\/wp-content\/uploads\/Laboratorij-prirode-10-1.jpg\" width=\"100%\" \/><\/div><p>&nbsp;<\/p>","protected":false},"excerpt":{"rendered":"<p>Edukacijsko-interpretacijsko sredi\u0161te Laboratorij prirode omogu\u0107ava odr\u017eavanje razli\u010ditih edukativnih, kreativnih i popularno-znanstvenih programa za \u0161iroku publiku, a posebno za skupine pred\u0161kolske i osnovno\u0161kolske djece. Stalna interaktivna izlo&#8230;<\/p>","protected":false},"author":2,"featured_media":5689,"parent":3365,"menu_order":2,"comment_status":"closed","ping_status":"closed","template":"","meta":{"footnotes":""},"class_list":["post-5678","page","type-page","status-publish","has-post-thumbnail","hentry"],"_links":{"self":[{"href":"https:\/\/npkrka.hr\/en_us\/wp-json\/wp\/v2\/pages\/5678","targetHints":{"allow":["GET"]}}],"collection":[{"href":"https:\/\/npkrka.hr\/en_us\/wp-json\/wp\/v2\/pages"}],"about":[{"href":"https:\/\/npkrka.hr\/en_us\/wp-json\/wp\/v2\/types\/page"}],"author":[{"embeddable":true,"href":"https:\/\/npkrka.hr\/en_us\/wp-json\/wp\/v2\/users\/2"}],"replies":[{"embeddable":true,"href":"https:\/\/npkrka.hr\/en_us\/wp-json\/wp\/v2\/comments?post=5678"}],"version-history":[{"count":0,"href":"https:\/\/npkrka.hr\/en_us\/wp-json\/wp\/v2\/pages\/5678\/revisions"}],"up":[{"embeddable":true,"href":"https:\/\/npkrka.hr\/en_us\/wp-json\/wp\/v2\/pages\/3365"}],"wp:featuredmedia":[{"embeddable":true,"href":"https:\/\/npkrka.hr\/en_us\/wp-json\/wp\/v2\/media\/5689"}],"wp:attachment":[{"href":"https:\/\/npkrka.hr\/en_us\/wp-json\/wp\/v2\/media?parent=5678"}],"curies":[{"name":"wp","href":"https:\/\/api.w.org\/{rel}","templated":true}]}}