{"id":5642,"date":"2022-11-03T08:50:03","date_gmt":"2022-11-03T07:50:03","guid":{"rendered":"https:\/\/www.npkrka.hr\/?page_id=5642"},"modified":"2022-11-07T11:12:31","modified_gmt":"2022-11-07T10:12:31","slug":"arheoloska-zbirka","status":"publish","type":"page","link":"https:\/\/npkrka.hr\/en_us\/posjeti\/sadrzaji\/eko-kampus-krka-u-puljanima\/arheoloska-zbirka\/","title":{"rendered":"Archaeological Collection"},"content":{"rendered":"<p>Nearly 20 years of systematic archaeological research in the area of the <a href=\"https:\/\/npkrka.hr\/en_us\/en_US\/kulturna-bastina\/arheologija\/rimski-vojni-logor-burnum\/\">Burnum military camp<\/a> has unearthed <a href=\"https:\/\/npkrka.hr\/en_us\/en_US\/kulturna-bastina\/arheologija\/arheoloska-zbirka-burnum\/\">numerous artefacts<\/a>that are now on display in seven rooms on two floors, thematically exhibited by the type and context of the artefacts.<\/p>\n<p>On the first floor, visitors can view items of Roman architecture, everyday use items, stone and epigraphic monuments, artefacts associated with the amphitheatre, cavalry, legions and the daily life and customs of the soldiers stationed here.<\/p>\n<p>The second floor space features interactive multimedia content, set up with an educational and didactic purposes, intended above all for children and youth.<\/p>\n<div class=\"fotorama rounded-lg  shadow lblue-bg mt-5\" data-width=\"100%\" data-ratio=\"16\/10\"  data-nav=\"thumbs\" data-autoplay=\"true\" data-arrows=\"true\" data-transition=\"crossfade\"><img decoding=\"async\" src=\"https:\/\/npkrka.hr\/wp-content\/uploads\/Arheoloska-zbirka-7.jpg\" width=\"100%\" \/><img decoding=\"async\" src=\"https:\/\/npkrka.hr\/wp-content\/uploads\/Arheoloska-zbirka-1.jpg\" width=\"100%\" \/><img decoding=\"async\" src=\"https:\/\/npkrka.hr\/wp-content\/uploads\/Arheoloska-zbirka-2.jpg\" width=\"100%\" \/><img decoding=\"async\" src=\"https:\/\/npkrka.hr\/wp-content\/uploads\/Arheoloska-zbirka-5.jpg\" width=\"100%\" \/><img decoding=\"async\" src=\"https:\/\/npkrka.hr\/wp-content\/uploads\/Arheoloska-zbirka-6.jpg\" width=\"100%\" \/><img decoding=\"async\" src=\"https:\/\/npkrka.hr\/wp-content\/uploads\/Arheoloska-zbirka-8.jpg\" width=\"100%\" \/><img decoding=\"async\" src=\"https:\/\/npkrka.hr\/wp-content\/uploads\/Arheoloska-zbirka-9.jpg\" width=\"100%\" \/><img decoding=\"async\" src=\"https:\/\/npkrka.hr\/wp-content\/uploads\/Arheoloska-zbirka-10.jpg\" width=\"100%\" \/><img decoding=\"async\" src=\"https:\/\/npkrka.hr\/wp-content\/uploads\/Arheoloska-zbirka-11.jpg\" width=\"100%\" \/><img decoding=\"async\" src=\"https:\/\/npkrka.hr\/wp-content\/uploads\/Arheoloska-zbirka-12.jpg\" width=\"100%\" \/><img decoding=\"async\" src=\"https:\/\/npkrka.hr\/wp-content\/uploads\/Arheoloska-zbirka-14.jpg\" width=\"100%\" \/><img decoding=\"async\" src=\"https:\/\/npkrka.hr\/wp-content\/uploads\/Arheoloska-zbirka-13.jpg\" width=\"100%\" \/><img decoding=\"async\" src=\"https:\/\/npkrka.hr\/wp-content\/uploads\/Arheoloska-zbirka-3.jpg\" width=\"100%\" \/><img decoding=\"async\" src=\"https:\/\/npkrka.hr\/wp-content\/uploads\/Arheoloska-zbirka-4.jpg\" width=\"100%\" \/><\/div><p>&nbsp;<\/p>","protected":false},"excerpt":{"rendered":"<p>Gotovo dvadeset godina sustavnih arheolo\u0161kih istra\u017eivanja na podru\u010dju vojnog logora Burnum rezultiralo je nalazom brojnih predmeta, koji su izlo\u017eeni u sedam prostorija na dvjema eta\u017eama tematski ure\u0111enih prema vrsti i kontekstu izlo\u017eenog materijala. &#8230;<\/p>","protected":false},"author":2,"featured_media":5643,"parent":3365,"menu_order":0,"comment_status":"closed","ping_status":"closed","template":"","meta":{"footnotes":""},"class_list":["post-5642","page","type-page","status-publish","has-post-thumbnail","hentry"],"_links":{"self":[{"href":"https:\/\/npkrka.hr\/en_us\/wp-json\/wp\/v2\/pages\/5642","targetHints":{"allow":["GET"]}}],"collection":[{"href":"https:\/\/npkrka.hr\/en_us\/wp-json\/wp\/v2\/pages"}],"about":[{"href":"https:\/\/npkrka.hr\/en_us\/wp-json\/wp\/v2\/types\/page"}],"author":[{"embeddable":true,"href":"https:\/\/npkrka.hr\/en_us\/wp-json\/wp\/v2\/users\/2"}],"replies":[{"embeddable":true,"href":"https:\/\/npkrka.hr\/en_us\/wp-json\/wp\/v2\/comments?post=5642"}],"version-history":[{"count":0,"href":"https:\/\/npkrka.hr\/en_us\/wp-json\/wp\/v2\/pages\/5642\/revisions"}],"up":[{"embeddable":true,"href":"https:\/\/npkrka.hr\/en_us\/wp-json\/wp\/v2\/pages\/3365"}],"wp:featuredmedia":[{"embeddable":true,"href":"https:\/\/npkrka.hr\/en_us\/wp-json\/wp\/v2\/media\/5643"}],"wp:attachment":[{"href":"https:\/\/npkrka.hr\/en_us\/wp-json\/wp\/v2\/media?parent=5642"}],"curies":[{"name":"wp","href":"https:\/\/api.w.org\/{rel}","templated":true}]}}