{"id":47,"date":"2022-06-14T10:19:43","date_gmt":"2022-06-14T08:19:43","guid":{"rendered":"https:\/\/www.npkrka.hr\/?page_id=47"},"modified":"2026-01-05T13:51:43","modified_gmt":"2026-01-05T12:51:43","slug":"pravo-na-pristup-informacijama","status":"publish","type":"page","link":"https:\/\/npkrka.hr\/en_us\/informacije\/pravo-na-pristup-informacijama\/","title":{"rendered":"The right to access information"},"content":{"rendered":"<p><strong>The right to access information and the right to re-use information are achieved in accordance with the Act on the Right to Access Information (Official Gazette 25\/13).<\/strong><\/p>\r\n<p>The objective of the Act is to enable and ensure the attainment of the right to access information, which is a guaranteed right under the Constitution of the Republic of Croatia, and of the right to the re-use of information by natural and legal persons via openness and public activities of state administration bodies.<\/p>\r\n<p>The Information Officer at the Public Institute of Krka National Park is Katia \u017dupan.<\/p>\r\n<p>The right to access information and the re-use of information may be attained by filing an application to the Information Officer of the Public Institute of Krka National Park:<\/p>\r\n<ul>\r\n<li><strong><u>by post:<\/u><\/strong> Trg Ivana Pavla II. br. 5, 22000 \u0160ibenik, Hrvatska<\/li>\r\n<li><strong><u>by e-mail:<\/u><\/strong>: <a href=\"mailto:zppi@npk.hr\">zppi@npk.hr<\/a>\u00a0<\/li>\r\n<li><strong><u>By telephone\/fax:<\/u><\/strong> tel: +385 (0)22 201-777 \/ fax: +385 (0)22 336-836<\/li>\r\n<\/ul>\r\n<p>The Public Institute of Krka National Park has the right to a fee for the actual material costs arising from the provision of information to the user of the right to access information and to re-use information, and to the compensation of costs for the delivery of the requested information.<\/p>\r\n<p>The level of compensation for access to information and the re-use of information is determined pursuant to the criteria from Article 19, paragraph 3 of the Act on the Right to Access Information.<\/p>\r\n<p><strong>Zakon o pravu na pristup informacijama<\/strong><\/p>\r\n<p><a href=\"http:\/\/narodne-novine.nn.hr\/clanci\/sluzbeni\/2013_02_25_403.html\">http:\/\/narodne-novine.nn.hr\/clanci\/sluzbeni\/2013_02_25_403.html<\/a><\/p>\r\n<p><strong>Kriteriji za odre\u0111ivanje visine naknade stvarnih materijalnih tro\u0161kova i tro\u0161kova dostave informacije<\/strong><\/p>\r\n<p><a href=\"http:\/\/narodne-novine.nn.hr\/clanci\/sluzbeni\/2014_01_12_231.html\">http:\/\/narodne-novine.nn.hr\/clanci\/sluzbeni\/2014_01_12_231.html<\/a><\/p>\r\n<p>&nbsp;<\/p>","protected":false},"excerpt":{"rendered":"<p>The right to access information and the right to re-use information are achieved in accordance with the Act on the Right to Access Information (Official Gazette 25\/13).<\/p>","protected":false},"author":1,"featured_media":1612,"parent":142,"menu_order":5,"comment_status":"closed","ping_status":"closed","template":"","meta":{"footnotes":""},"class_list":["post-47","page","type-page","status-publish","has-post-thumbnail","hentry"],"_links":{"self":[{"href":"https:\/\/npkrka.hr\/en_us\/wp-json\/wp\/v2\/pages\/47","targetHints":{"allow":["GET"]}}],"collection":[{"href":"https:\/\/npkrka.hr\/en_us\/wp-json\/wp\/v2\/pages"}],"about":[{"href":"https:\/\/npkrka.hr\/en_us\/wp-json\/wp\/v2\/types\/page"}],"author":[{"embeddable":true,"href":"https:\/\/npkrka.hr\/en_us\/wp-json\/wp\/v2\/users\/1"}],"replies":[{"embeddable":true,"href":"https:\/\/npkrka.hr\/en_us\/wp-json\/wp\/v2\/comments?post=47"}],"version-history":[{"count":1,"href":"https:\/\/npkrka.hr\/en_us\/wp-json\/wp\/v2\/pages\/47\/revisions"}],"predecessor-version":[{"id":14296,"href":"https:\/\/npkrka.hr\/en_us\/wp-json\/wp\/v2\/pages\/47\/revisions\/14296"}],"up":[{"embeddable":true,"href":"https:\/\/npkrka.hr\/en_us\/wp-json\/wp\/v2\/pages\/142"}],"wp:featuredmedia":[{"embeddable":true,"href":"https:\/\/npkrka.hr\/en_us\/wp-json\/wp\/v2\/media\/1612"}],"wp:attachment":[{"href":"https:\/\/npkrka.hr\/en_us\/wp-json\/wp\/v2\/media?parent=47"}],"curies":[{"name":"wp","href":"https:\/\/api.w.org\/{rel}","templated":true}]}}