{"id":4237,"date":"2022-09-09T11:35:44","date_gmt":"2022-09-09T09:35:44","guid":{"rendered":"https:\/\/www.npkrka.hr\/?page_id=4237"},"modified":"2022-09-09T11:37:02","modified_gmt":"2022-09-09T09:37:02","slug":"suvenirnica-na-roskom-slapu","status":"publish","type":"page","link":"https:\/\/npkrka.hr\/en_us\/posjeti\/sadrzaji\/roski-slap\/suvenirnica-na-roskom-slapu\/","title":{"rendered":"Souvenir shop at Ro\u0161ki slap"},"content":{"rendered":"<p>If you want to keep your pleasant memories of Krka National Park, visit the souvenir shop and pick out the <a href=\"https:\/\/npkrka.hr\/en_us\/en_US\/posjeti\/suveniri\/\"><strong>souvenir<\/strong> <\/a>of your choice.<\/p>\n<p>The souvenir shop at Ro\u0161ki slap offers a wide selection of souvenirs. Payment is possible in cash or credit cards.<\/p>\n<p>The working hours of the souvenir shops are the same as the Park hours.<\/p>\n<p>Visit us to ensure that you do not leave Krka National Park without a souvenir as a memento or gift.<\/p>","protected":false},"excerpt":{"rendered":"<p>\u017delite li sa\u010duvati ugodnu uspomenu na Nacionalni park \u201eKrka\u201c, u\u0111ite u suvenirnicu i kupite suvenir po izboru. Suvenirnica na Ro\u0161kom slapu nudi velik izbor suvenira. Pla\u0107a&#8230;<\/p>","protected":false},"author":1,"featured_media":4238,"parent":3325,"menu_order":4,"comment_status":"closed","ping_status":"closed","template":"","meta":{"footnotes":""},"class_list":["post-4237","page","type-page","status-publish","has-post-thumbnail","hentry"],"_links":{"self":[{"href":"https:\/\/npkrka.hr\/en_us\/wp-json\/wp\/v2\/pages\/4237","targetHints":{"allow":["GET"]}}],"collection":[{"href":"https:\/\/npkrka.hr\/en_us\/wp-json\/wp\/v2\/pages"}],"about":[{"href":"https:\/\/npkrka.hr\/en_us\/wp-json\/wp\/v2\/types\/page"}],"author":[{"embeddable":true,"href":"https:\/\/npkrka.hr\/en_us\/wp-json\/wp\/v2\/users\/1"}],"replies":[{"embeddable":true,"href":"https:\/\/npkrka.hr\/en_us\/wp-json\/wp\/v2\/comments?post=4237"}],"version-history":[{"count":0,"href":"https:\/\/npkrka.hr\/en_us\/wp-json\/wp\/v2\/pages\/4237\/revisions"}],"up":[{"embeddable":true,"href":"https:\/\/npkrka.hr\/en_us\/wp-json\/wp\/v2\/pages\/3325"}],"wp:featuredmedia":[{"embeddable":true,"href":"https:\/\/npkrka.hr\/en_us\/wp-json\/wp\/v2\/media\/4238"}],"wp:attachment":[{"href":"https:\/\/npkrka.hr\/en_us\/wp-json\/wp\/v2\/media?parent=4237"}],"curies":[{"name":"wp","href":"https:\/\/api.w.org\/{rel}","templated":true}]}}