{"id":4214,"date":"2022-09-09T11:25:33","date_gmt":"2022-09-09T09:25:33","guid":{"rendered":"https:\/\/www.npkrka.hr\/?page_id=4214"},"modified":"2022-09-09T11:30:34","modified_gmt":"2022-09-09T09:30:34","slug":"ozidana-pecina","status":"publish","type":"page","link":"https:\/\/npkrka.hr\/en_us\/posjeti\/sadrzaji\/roski-slap\/ozidana-pecina\/","title":{"rendered":"Ozi\u0111ana pe\u0107ina cave"},"content":{"rendered":"<p><a href=\"https:\/\/npkrka.hr\/en_us\/kulturna-bastina\/arheologija\/ozidana-pecina\/\"><strong>Ozi\u0111ana pe\u0107ina cave<\/strong> <\/a>, a locality within the framework of the educational walking trail Stinice \u2013 Ro\u0161ki slap waterfall \u2013 Ozi\u0111ana pe\u0107ina cave, is a site of exceptional natural, cultural and historical significance.<\/p>\n<p class=\"translation-block\">Archaeological research has confirmed the presence in the cave of all the Neolithic cultures of the Adriatic region (Impresso, Danilo and Hvar cultures) and Eneolithic cultures, from the early to the middle Bronze Age. There is a record of continuous human presence in the cave from 6000 to 1500 B.C. An in situ archaeological collection has been put on display in the cave.<\/p>\n<ul>\n<li class=\"translation-block\">Dolazak iz Bogati\u0107a Miljeva\u010dkih (parking NP \u201eKrka\u201d), 500 m pje\u0161a\u010dke staze i 99 stepenica<br>\r\ndo Ozi\u0111ane pe\u0107ine<\/li>\n<li>Arrival from Ro\u0161ki slap; 517 wooden steps installed along the rock lead up to Ozi\u0111ana pe\u0107ina<\/li>\n<li>The cave is open to visitors from April to October, and during winter by appointment only<\/li>\n<\/ul>\n<div class=\"fotorama rounded-lg  shadow lblue-bg mt-5\" data-width=\"100%\" data-ratio=\"16\/10\"  data-nav=\"thumbs\" data-autoplay=\"true\" data-arrows=\"true\" data-transition=\"crossfade\"><img decoding=\"async\" src=\"https:\/\/npkrka.hr\/wp-content\/uploads\/Ozidana-pecina-unutrasnjost-vatra-2-scaled.jpg\" width=\"100%\" \/><img decoding=\"async\" src=\"https:\/\/npkrka.hr\/wp-content\/uploads\/Ozidana-pecina-3.jpg\" width=\"100%\" \/><img decoding=\"async\" src=\"https:\/\/npkrka.hr\/wp-content\/uploads\/Ozidana-pecina-unutrasnjost-1-scaled.jpg\" width=\"100%\" \/><img decoding=\"async\" src=\"https:\/\/npkrka.hr\/wp-content\/uploads\/Ozidana-pecina-2.jpg\" width=\"100%\" \/><\/div><p>&nbsp;<\/p>\n<p>\u00a0<\/p>","protected":false},"excerpt":{"rendered":"<p>Ozi\u0111ana pe\u0107ina , lokalitet u sklopu pou\u010dno-pje\u0161a\u010dke staze Stinice \u2013 Ro\u0161ki slap \u2013 Ozi\u0111ana pe\u0107ina, mjesto je od izuzetne prirodne, kulturolo\u0161ke i povijesne vrijednosti.<\/p>","protected":false},"author":1,"featured_media":3345,"parent":3325,"menu_order":1,"comment_status":"closed","ping_status":"closed","template":"","meta":{"footnotes":""},"class_list":["post-4214","page","type-page","status-publish","has-post-thumbnail","hentry"],"_links":{"self":[{"href":"https:\/\/npkrka.hr\/en_us\/wp-json\/wp\/v2\/pages\/4214","targetHints":{"allow":["GET"]}}],"collection":[{"href":"https:\/\/npkrka.hr\/en_us\/wp-json\/wp\/v2\/pages"}],"about":[{"href":"https:\/\/npkrka.hr\/en_us\/wp-json\/wp\/v2\/types\/page"}],"author":[{"embeddable":true,"href":"https:\/\/npkrka.hr\/en_us\/wp-json\/wp\/v2\/users\/1"}],"replies":[{"embeddable":true,"href":"https:\/\/npkrka.hr\/en_us\/wp-json\/wp\/v2\/comments?post=4214"}],"version-history":[{"count":0,"href":"https:\/\/npkrka.hr\/en_us\/wp-json\/wp\/v2\/pages\/4214\/revisions"}],"up":[{"embeddable":true,"href":"https:\/\/npkrka.hr\/en_us\/wp-json\/wp\/v2\/pages\/3325"}],"wp:featuredmedia":[{"embeddable":true,"href":"https:\/\/npkrka.hr\/en_us\/wp-json\/wp\/v2\/media\/3345"}],"wp:attachment":[{"href":"https:\/\/npkrka.hr\/en_us\/wp-json\/wp\/v2\/media?parent=4214"}],"curies":[{"name":"wp","href":"https:\/\/api.w.org\/{rel}","templated":true}]}}