{"id":4209,"date":"2022-09-09T11:09:41","date_gmt":"2022-09-09T09:09:41","guid":{"rendered":"https:\/\/www.npkrka.hr\/?page_id=4209"},"modified":"2022-10-04T10:59:03","modified_gmt":"2022-10-04T08:59:03","slug":"poucno-pjesacka-staza-stinice-roski-slap-ozidana-pecina","status":"publish","type":"page","link":"https:\/\/npkrka.hr\/en_us\/posjeti\/sadrzaji\/roski-slap\/poucno-pjesacka-staza-stinice-roski-slap-ozidana-pecina\/","title":{"rendered":"Stinice \u2013 Ro\u0161ki slap waterfall \u2013 Ozi\u0111ana pe\u0107ina cave educational hiking trail"},"content":{"rendered":"<p>One of Croatia\u2019s loveliest hiking trials fitted with educational panels providing detailed information about the plant and animal species specific to Krka National Park, geological phenomena and cultural and historical localities situated along the trail.<u><a href=\"https:\/\/npkrka.hr\/en_us\/en_US\/posjeti\/krka-hike\/pjesacka-staza-stinice-roski-slap-ozidana-pecina\/\"><strong>(FIND OUT MORE)<\/strong><\/a>)<\/u><\/p>\n<p>The total length of the trail is 8.5 km, with an altitude difference of 176 m (from Visovac Lake to the parking lot), and the average walking time is 2.5 to 3 hours.<\/p>\n<p>Stinice \u2013 Ro\u0161ki slap waterfall \u2013 Ozi\u0111ana pe\u0107ina cave educational hiking trail is open to visitors throughout the year and will be a true experience for all nature lovers, regardless of whether they decide to take a walk for a few hours, or a full-day excursion enriched with educational content.<\/p>\n<ul>\n<li>517 steps to the Ozi\u0111ana pe\u0107ina cave over Ro\u0161ki slap waterfall, and 99 steps to the parking lot at Bogati\u0107i Miljeva\u010dki<\/li>\n<li class=\"translation-block\">Four possible entrances\/exits to the trail: Stinice, Bri\u0161tane Gornje, Ro\u0161ki slap, Ozi\u0111ana pe\u0107ina (Bogati\u0107i Miljeva\u010dki)<\/li>\n<li>Plan your return to the starting point, as this is not a circular trail<\/li>\n<li>From June to September <a href=\"https:\/\/npkrka.hr\/en_us\/en_US\/posjeti\/ulazi-u-park\/ulaz-roski-slap-laskovica\/\">bus transportation<\/a> La\u0161kovica \u2013 Ro\u0161ki slap \u2013 Bogati\u0107i Miljeva\u010dki \u2013 Stinice is available<\/li>\n<\/ul>\n<div class=\"fotorama rounded-lg  shadow lblue-bg mt-5\" data-width=\"100%\" data-ratio=\"16\/10\"  data-nav=\"thumbs\" data-autoplay=\"true\" data-arrows=\"true\" data-transition=\"crossfade\"><img decoding=\"async\" src=\"https:\/\/npkrka.hr\/wp-content\/uploads\/Staza-Stinice20.jpg\" width=\"100%\" \/><img decoding=\"async\" src=\"https:\/\/npkrka.hr\/wp-content\/uploads\/Staza-Stinice-7.jpg\" width=\"100%\" \/><img decoding=\"async\" src=\"https:\/\/npkrka.hr\/wp-content\/uploads\/Staza-Stinice-2-1.jpg\" width=\"100%\" \/><img decoding=\"async\" src=\"https:\/\/npkrka.hr\/wp-content\/uploads\/Staza-Stinice-6.jpg\" width=\"100%\" \/><img decoding=\"async\" src=\"https:\/\/npkrka.hr\/wp-content\/uploads\/Staza-Stinice-1-1.jpg\" width=\"100%\" \/><\/div><p>&nbsp;<\/p>","protected":false},"excerpt":{"rendered":"<p>Jedna od najljep\u0161ih pje\u0161a\u010dkih staza u Hrvatskoj opremljena je edukativnim panelima s detaljnim informacijama o biljnim i \u017eivotinjskim svojtama specifi\u010dnima za podru\u010dje NP \u201eKrka\u201c, geolo\u0161kim fenomenima kao i o kulturnopovijesnim lokalitetima koji se nalaze uz stazu.<\/p>","protected":false},"author":1,"featured_media":3864,"parent":3325,"menu_order":0,"comment_status":"closed","ping_status":"closed","template":"","meta":{"footnotes":""},"class_list":["post-4209","page","type-page","status-publish","has-post-thumbnail","hentry"],"_links":{"self":[{"href":"https:\/\/npkrka.hr\/en_us\/wp-json\/wp\/v2\/pages\/4209","targetHints":{"allow":["GET"]}}],"collection":[{"href":"https:\/\/npkrka.hr\/en_us\/wp-json\/wp\/v2\/pages"}],"about":[{"href":"https:\/\/npkrka.hr\/en_us\/wp-json\/wp\/v2\/types\/page"}],"author":[{"embeddable":true,"href":"https:\/\/npkrka.hr\/en_us\/wp-json\/wp\/v2\/users\/1"}],"replies":[{"embeddable":true,"href":"https:\/\/npkrka.hr\/en_us\/wp-json\/wp\/v2\/comments?post=4209"}],"version-history":[{"count":0,"href":"https:\/\/npkrka.hr\/en_us\/wp-json\/wp\/v2\/pages\/4209\/revisions"}],"up":[{"embeddable":true,"href":"https:\/\/npkrka.hr\/en_us\/wp-json\/wp\/v2\/pages\/3325"}],"wp:featuredmedia":[{"embeddable":true,"href":"https:\/\/npkrka.hr\/en_us\/wp-json\/wp\/v2\/media\/3864"}],"wp:attachment":[{"href":"https:\/\/npkrka.hr\/en_us\/wp-json\/wp\/v2\/media?parent=4209"}],"curies":[{"name":"wp","href":"https:\/\/api.w.org\/{rel}","templated":true}]}}