{"id":4192,"date":"2022-09-09T10:35:23","date_gmt":"2022-09-09T08:35:23","guid":{"rendered":"https:\/\/www.npkrka.hr\/?page_id=4192"},"modified":"2022-09-26T14:46:18","modified_gmt":"2022-09-26T12:46:18","slug":"ulaz-skradin","status":"publish","type":"page","link":"https:\/\/npkrka.hr\/en_us\/posjeti\/sadrzaji\/skradinski-buk\/ulaz-skradin\/","title":{"rendered":"Skradin entrance"},"content":{"rendered":"<ul>\n<li>This road can be reached from the direction of \u0160ibenik, Drni\u0161 and Knin. On the motorway, take the Skradin exit and follow the signs for Krka National Park<\/li>\n<li>Skradinski buk can be visited by boa tor by hiking trail\/bycicle route from Skradin<\/li>\n<li>From April to November, Park boats transport visitors from this entrance to Skradinski buk\nbased on the set schedule. The boat ride is 20 minutes long <u>(<a href=\"https:\/\/npkrka.hr\/en_us\/en_US\/posjeti\/ulazi-u-park\/ulaz-skradin\/\"><strong>(FIND OUT MORE)<\/strong><\/a>)<\/u><\/li>\n<li>Skradinski buk can also be reached on foot along the walking trail \/ bicycle route that\nstarts at the Skradin bridge, length 3400 m<\/li>\n<li>City and private parking in Skradin \u2013 charged<\/li>\n<li>Toilets in Skradin are charged<\/li>\n<li>Tactile map<\/li>\n<\/ul>","protected":false},"excerpt":{"rendered":"<p>Kolnim putom mo\u017ee se do\u0107i iz smjera \u0160ibenika, Drni\u0161a i Knina. S autoputa na izlazu Skradin treba krenuti u smjeru NP \u201eKrka\u201d Skradinski buk mogu\u0107e je posjetiti brodom ili pje\u0161a\u010dko-biciklisti\u010dkom stazom iz Skradina P&#8230;<\/p>","protected":false},"author":1,"featured_media":4836,"parent":3260,"menu_order":1,"comment_status":"closed","ping_status":"closed","template":"","meta":{"footnotes":""},"class_list":["post-4192","page","type-page","status-publish","has-post-thumbnail","hentry"],"_links":{"self":[{"href":"https:\/\/npkrka.hr\/en_us\/wp-json\/wp\/v2\/pages\/4192","targetHints":{"allow":["GET"]}}],"collection":[{"href":"https:\/\/npkrka.hr\/en_us\/wp-json\/wp\/v2\/pages"}],"about":[{"href":"https:\/\/npkrka.hr\/en_us\/wp-json\/wp\/v2\/types\/page"}],"author":[{"embeddable":true,"href":"https:\/\/npkrka.hr\/en_us\/wp-json\/wp\/v2\/users\/1"}],"replies":[{"embeddable":true,"href":"https:\/\/npkrka.hr\/en_us\/wp-json\/wp\/v2\/comments?post=4192"}],"version-history":[{"count":0,"href":"https:\/\/npkrka.hr\/en_us\/wp-json\/wp\/v2\/pages\/4192\/revisions"}],"up":[{"embeddable":true,"href":"https:\/\/npkrka.hr\/en_us\/wp-json\/wp\/v2\/pages\/3260"}],"wp:featuredmedia":[{"embeddable":true,"href":"https:\/\/npkrka.hr\/en_us\/wp-json\/wp\/v2\/media\/4836"}],"wp:attachment":[{"href":"https:\/\/npkrka.hr\/en_us\/wp-json\/wp\/v2\/media?parent=4192"}],"curies":[{"name":"wp","href":"https:\/\/api.w.org\/{rel}","templated":true}]}}