{"id":319,"date":"2022-06-22T13:08:00","date_gmt":"2022-06-22T11:08:00","guid":{"rendered":"https:\/\/www.npkrka.hr\/?page_id=319"},"modified":"2025-08-01T11:49:39","modified_gmt":"2025-08-01T09:49:39","slug":"anketiranje-posjetitelja-nacionalnog-parka-krka","status":"publish","type":"page","link":"https:\/\/npkrka.hr\/en_us\/o-nama\/upravljanje\/anketiranje-posjetitelja-nacionalnog-parka-krka\/","title":{"rendered":"Survey of our NP Krka visitors"},"content":{"rendered":"<p><b>Javna ustanova \u201eNacionalni park Krka\u201c provodi anketna ispitivanja me\u0111u posjetiteljima NP \u201eKrka\u201c na raznim lokalitetima Parka.<\/b><\/p>\n<p>Anketno istra\u017eivanje dio je upravlja\u010dke strategije JU \u201eNP Krka\u201c u vidu dugoro\u010dnog uspostavljanja smjernica razvoja, s posebnim naglaskom na potrebe i pona\u0161anje posjetitelja u za\u0161ti\u0107enom podru\u010dju.<\/p>","protected":false},"excerpt":{"rendered":"<p>Javna ustanova \u201eNacionalni park Krka\u201c provodi anketna ispitivanja me\u0111u posjetiteljima NP \u201eKrka\u201c na raznim lokalitetima Parka. Anketno istra\u017eivanje dio je upravlja\u010dke strategije JU \u201eNP Krka\u201c u vidu dugoro\u010dnog uspostavljanja smjernica razvoja&#8230;<\/p>","protected":false},"author":1,"featured_media":321,"parent":2748,"menu_order":9,"comment_status":"closed","ping_status":"closed","template":"","meta":{"footnotes":""},"class_list":["post-319","page","type-page","status-publish","has-post-thumbnail","hentry"],"_links":{"self":[{"href":"https:\/\/npkrka.hr\/en_us\/wp-json\/wp\/v2\/pages\/319","targetHints":{"allow":["GET"]}}],"collection":[{"href":"https:\/\/npkrka.hr\/en_us\/wp-json\/wp\/v2\/pages"}],"about":[{"href":"https:\/\/npkrka.hr\/en_us\/wp-json\/wp\/v2\/types\/page"}],"author":[{"embeddable":true,"href":"https:\/\/npkrka.hr\/en_us\/wp-json\/wp\/v2\/users\/1"}],"replies":[{"embeddable":true,"href":"https:\/\/npkrka.hr\/en_us\/wp-json\/wp\/v2\/comments?post=319"}],"version-history":[{"count":0,"href":"https:\/\/npkrka.hr\/en_us\/wp-json\/wp\/v2\/pages\/319\/revisions"}],"up":[{"embeddable":true,"href":"https:\/\/npkrka.hr\/en_us\/wp-json\/wp\/v2\/pages\/2748"}],"wp:featuredmedia":[{"embeddable":true,"href":"https:\/\/npkrka.hr\/en_us\/wp-json\/wp\/v2\/media\/321"}],"wp:attachment":[{"href":"https:\/\/npkrka.hr\/en_us\/wp-json\/wp\/v2\/media?parent=319"}],"curies":[{"name":"wp","href":"https:\/\/api.w.org\/{rel}","templated":true}]}}