{"id":292,"date":"2022-06-22T12:27:24","date_gmt":"2022-06-22T10:27:24","guid":{"rendered":"https:\/\/www.npkrka.hr\/?page_id=292"},"modified":"2026-04-02T14:13:30","modified_gmt":"2026-04-02T12:13:30","slug":"godisnji-financijski-plan-i-izvjestaj","status":"publish","type":"page","link":"https:\/\/npkrka.hr\/en_us\/o-nama\/upravljanje\/godisnji-financijski-plan-i-izvjestaj-2\/godisnji-financijski-plan-i-izvjestaj\/","title":{"rendered":"Godi\u0161nji financijski izvje\u0161taj"},"content":{"rendered":"","protected":false},"excerpt":{"rendered":"<p>Godi\u0161nji financijski izvje\u0161taj za 2023. godinu u tijeku je izrade&#8230;.<\/p>","protected":false},"author":1,"featured_media":18,"parent":6583,"menu_order":2,"comment_status":"closed","ping_status":"closed","template":"","meta":{"footnotes":""},"class_list":["post-292","page","type-page","status-publish","has-post-thumbnail","hentry"],"_links":{"self":[{"href":"https:\/\/npkrka.hr\/en_us\/wp-json\/wp\/v2\/pages\/292","targetHints":{"allow":["GET"]}}],"collection":[{"href":"https:\/\/npkrka.hr\/en_us\/wp-json\/wp\/v2\/pages"}],"about":[{"href":"https:\/\/npkrka.hr\/en_us\/wp-json\/wp\/v2\/types\/page"}],"author":[{"embeddable":true,"href":"https:\/\/npkrka.hr\/en_us\/wp-json\/wp\/v2\/users\/1"}],"replies":[{"embeddable":true,"href":"https:\/\/npkrka.hr\/en_us\/wp-json\/wp\/v2\/comments?post=292"}],"version-history":[{"count":1,"href":"https:\/\/npkrka.hr\/en_us\/wp-json\/wp\/v2\/pages\/292\/revisions"}],"predecessor-version":[{"id":14620,"href":"https:\/\/npkrka.hr\/en_us\/wp-json\/wp\/v2\/pages\/292\/revisions\/14620"}],"up":[{"embeddable":true,"href":"https:\/\/npkrka.hr\/en_us\/wp-json\/wp\/v2\/pages\/6583"}],"wp:featuredmedia":[{"embeddable":true,"href":"https:\/\/npkrka.hr\/en_us\/wp-json\/wp\/v2\/media\/18"}],"wp:attachment":[{"href":"https:\/\/npkrka.hr\/en_us\/wp-json\/wp\/v2\/media?parent=292"}],"curies":[{"name":"wp","href":"https:\/\/api.w.org\/{rel}","templated":true}]}}