{"id":2758,"date":"2022-07-27T14:28:56","date_gmt":"2022-07-27T12:28:56","guid":{"rendered":"https:\/\/www.npkrka.hr\/?page_id=2758"},"modified":"2026-03-02T09:49:09","modified_gmt":"2026-03-02T08:49:09","slug":"life-contra-ailanthus","status":"publish","type":"page","link":"https:\/\/npkrka.hr\/en_us\/prirodna-bastina\/projekti\/projects\/life-contra-ailanthus\/","title":{"rendered":"LIFE CONTRA Ailanthus"},"content":{"rendered":"<p><img decoding=\"async\" class=\"alignnone size-full wp-image-2766\" src=\"https:\/\/www.npkrka.hr\/wp-content\/uploads\/life-abainst-ailanthus-logo.png\" alt=\"\" width=\"100%\" srcset=\"https:\/\/npkrka.hr\/wp-content\/uploads\/life-abainst-ailanthus-logo.png 1762w, https:\/\/npkrka.hr\/wp-content\/uploads\/life-abainst-ailanthus-logo-300x169.png 300w, https:\/\/npkrka.hr\/wp-content\/uploads\/life-abainst-ailanthus-logo-1024x578.png 1024w, https:\/\/npkrka.hr\/wp-content\/uploads\/life-abainst-ailanthus-logo-768x433.png 768w, https:\/\/npkrka.hr\/wp-content\/uploads\/life-abainst-ailanthus-logo-1536x867.png 1536w\" sizes=\"(max-width: 1762px) 100vw, 1762px\" \/><\/p>\n<p><strong>The Public Institute of Krka National Park participates in the LIFE CONTRA Ailanthus project, funded through the LIFE Programme, as a project partner.<\/strong><\/p>\n<p>The Ministry of Economy and Sustainable Development and the European Commission have signed an agreement for the LIFE CONTRA Ailanthus project, aimed at establishing effective measures for the control of the invasive tree species Ailanthus altissima. The total value of the project is HRK 19,4 million and it is co-funded by the European Union at a rate of 60%.<\/p>\n<p>The project is funded through the LIFE Programme, the EU\u2019s financial instrument supporting environmental, nature conservation, and climate action. It is implemented by the Institute for Environmental and Nature protection of the Ministry of Economy and Sustainable Development in cooperation with project partners: Public Institute of Krka National Park, Public Institute for the Management of Protected Natural Areas of the Dubrovnik-Neretva County, and Vrtlar d.o.o. The anticipated time frame for the project activities is four and a half years.<\/p>\n<p>Pajasen (<em>Ailanthus altissima<\/em> (Mill.) Swingle) stablo je porijeklom iz isto\u010dne Azije, koje se od 18. stolje\u0107a sadilo diljem svijeta za potrebe hortikulture, a danas se smatra jednom od najinvazivnijih biljnih vrsta u Europi. Pajasen istiskuje zavi\u010dajnu vegetaciju i smanjuje bioraznolikost, \u0161tetnik je u poljoprivredi, izaziva alergiju kod ljudi te uni\u0161tava spomenike kulturne ba\u0161tine i druge gra\u0111evine izuzetno jakim korijenovim sustavom. Vrsta se zbog negativnih utjecaja na bioraznolikost, gospodarstvo i zdravlje ljudi nalazi i na popisu invazivnih stranih vrsta koje izazivaju zabrinutost u Europskoj uniji. U Hrvatskoj je pajasen \u0161iroko rasprostranjen, a posebno ugro\u017eava za\u0161ti\u0107ena stani\u0161ta i vrste u mediteranskoj regiji.<\/p>\n<p>The project aims to introduce measures for the control of the invasive tree of heaven species in the Mediterranean region in Croatia: in two Croatian ecological network areas (HR2000918 Wider area of the Krka National Park, and HR2001364 SEE part of the Pelje\u0161ac Peninsula) and in cities with a historic urban core (Ston, Mali Ston, and Dubrovnik).<\/p>\n<p>Improvement of the conservation status of Natura 2000 habitat types, preservation of cultural heritage, prevention of the further spread of the invasive alien species, and development of a national protocol are the main expected outcomes of the LIFE CONTRA Ailanthus project. In addition, the project also aims to enhance alien species management capacity and raise public awareness of the negative impact of invasive species at the national level.<\/p>\n<p>&nbsp;<\/p>","protected":false},"excerpt":{"rendered":"<p>The Public Institute of Krka National Park participates in the LIFE CONTRA Ailanthus project, funded through the LIFE Programme, as a project partner.<\/p>","protected":false},"author":1,"featured_media":2762,"parent":9356,"menu_order":4,"comment_status":"closed","ping_status":"closed","template":"page-5.php","meta":{"footnotes":""},"class_list":["post-2758","page","type-page","status-publish","has-post-thumbnail","hentry"],"_links":{"self":[{"href":"https:\/\/npkrka.hr\/en_us\/wp-json\/wp\/v2\/pages\/2758","targetHints":{"allow":["GET"]}}],"collection":[{"href":"https:\/\/npkrka.hr\/en_us\/wp-json\/wp\/v2\/pages"}],"about":[{"href":"https:\/\/npkrka.hr\/en_us\/wp-json\/wp\/v2\/types\/page"}],"author":[{"embeddable":true,"href":"https:\/\/npkrka.hr\/en_us\/wp-json\/wp\/v2\/users\/1"}],"replies":[{"embeddable":true,"href":"https:\/\/npkrka.hr\/en_us\/wp-json\/wp\/v2\/comments?post=2758"}],"version-history":[{"count":1,"href":"https:\/\/npkrka.hr\/en_us\/wp-json\/wp\/v2\/pages\/2758\/revisions"}],"predecessor-version":[{"id":14714,"href":"https:\/\/npkrka.hr\/en_us\/wp-json\/wp\/v2\/pages\/2758\/revisions\/14714"}],"up":[{"embeddable":true,"href":"https:\/\/npkrka.hr\/en_us\/wp-json\/wp\/v2\/pages\/9356"}],"wp:featuredmedia":[{"embeddable":true,"href":"https:\/\/npkrka.hr\/en_us\/wp-json\/wp\/v2\/media\/2762"}],"wp:attachment":[{"href":"https:\/\/npkrka.hr\/en_us\/wp-json\/wp\/v2\/media?parent=2758"}],"curies":[{"name":"wp","href":"https:\/\/api.w.org\/{rel}","templated":true}]}}