{"id":2392,"date":"2022-07-26T14:13:18","date_gmt":"2022-07-26T12:13:18","guid":{"rendered":"https:\/\/www.npkrka.hr\/?page_id=2392"},"modified":"2022-11-08T09:27:16","modified_gmt":"2022-11-08T08:27:16","slug":"restauratorska-radionica","status":"publish","type":"page","link":"https:\/\/npkrka.hr\/en_us\/kulturna-bastina\/restauratorska-radionica\/","title":{"rendered":"The restoration workshop"},"content":{"rendered":"<p><strong>The rich material heritage of the Krka National Park and the valuable archaeological discoveries were the impetus for the establishment of a restoration workshop, whose primary task is to protect and preserve the entire cultural and historical heritage of the National Park. <\/strong><\/p>\n<p>The area of the Krka National Park is rich in numerous archaeological sites. Organized research is being conducted in the area of the Roman camp Burnum, the medieval fortresses of Klju\u010dica and Ne\u010dven, and the prehistoric sites of Ozi\u0111ana pe\u0107ina and Jazinka caves. The large quantity of archaeological material from Burnum and the necessity of dealing systematically with it provided impetus for the foundation of the workshop, but the activities soon expanded to include caring for all the moveable items of the cultural heritage in the National Park. Hence, today the workshop is responsible for objects of the ethnographic heritage, artifacts from archaeological sites, and even to items from the industrial heritage.<\/p>\n<p>The restoration of the Krka National Park was established in October 2008, qualified for the professional performance of conservation and restoration activities. In the beginning, it was located in the facilities of the Municipal Museum of Drni\u0161, while from 2018 it has been homed in the premises of the Burnum Archaeological Collection in Puljane. As part of the project \u201cThe Unknown Krka\u201d and also equipping the visitor centre of the Krka Eco Campus in Puljane, a laboratory was built to permanently house a modern workshop and storage facilities for the movable heritage of the Krka National Park.<\/p>\n<p>The primary activities of the workshop consist of the protection and processing of archaeological material with the aim of preservation, professional and scientific analysis, and presentation in the newly constructed museum facilities of Burnum Archaeological Collection in Krka Eco Campus at Puljane. The approach is interdisciplinary, with the aim of preservation of an object with the minimum of intervention. Objects are restored in the workshop from various materials, such as metal, pottery, glass, and bone, with a common factor of delicacy and sensitivity considering that they had been removed from the soil in which they had lain for centuries. Each individual item is a unique witness to the past, so each is approached with special patience.<\/p>\n<p>The workshop is being systematically equipped, and is one of the top workshops of this type in Croatia. The equipment consists of a micro sandbox with a chamber, an ultrasonic chisel, an alkaline sulphite desalination bath, a vacuum dryer, a microscope, analytical equipment, a potentiometric titrator, laboratory scales, a handheld XRF analyzer, and a 3D printer for the reconstruction of archaeological material from pottery and glass, and it is among the rare workshops that have their own X-ray equipment so that such examinations can be conducted independently.<\/p>\n<div class=\"fotorama rounded-lg  shadow lblue-bg mt-5\" data-width=\"100%\" data-ratio=\"16\/10\"  data-nav=\"thumbs\" data-autoplay=\"true\" data-arrows=\"true\" data-transition=\"crossfade\"><img decoding=\"async\" src=\"https:\/\/npkrka.hr\/wp-content\/uploads\/Restauratorska-radionica-6-scaled.jpg\" width=\"100%\" \/><img decoding=\"async\" src=\"https:\/\/npkrka.hr\/wp-content\/uploads\/Restauratorska-radionica-10-scaled.jpeg\" width=\"100%\" \/><img decoding=\"async\" src=\"https:\/\/npkrka.hr\/wp-content\/uploads\/Restauratorska-radionica-5-scaled.jpg\" width=\"100%\" \/><img decoding=\"async\" src=\"https:\/\/npkrka.hr\/wp-content\/uploads\/Restauratorska-radionica-9-scaled.jpeg\" width=\"100%\" \/><img decoding=\"async\" src=\"https:\/\/npkrka.hr\/wp-content\/uploads\/Restauratorska-radionica-pribor-4.jpg\" width=\"100%\" \/><img decoding=\"async\" src=\"https:\/\/npkrka.hr\/wp-content\/uploads\/Restauratorska-radionica-zgrada-1.jpg\" width=\"100%\" \/><img decoding=\"async\" src=\"https:\/\/npkrka.hr\/wp-content\/uploads\/Restauratorska-radionica-2-scaled.jpg\" width=\"100%\" \/><img decoding=\"async\" src=\"https:\/\/npkrka.hr\/wp-content\/uploads\/Restauratorska-radionica-8-scaled.jpg\" width=\"100%\" \/><img decoding=\"async\" src=\"https:\/\/npkrka.hr\/wp-content\/uploads\/Restauratorska-radionica-7-scaled.jpg\" width=\"100%\" \/><img decoding=\"async\" src=\"https:\/\/npkrka.hr\/wp-content\/uploads\/Restauratorska-radionica-restauriranje-3.jpg\" width=\"100%\" \/><\/div><p>&nbsp;<\/p>","protected":false},"excerpt":{"rendered":"<p>The rich material heritage of the Krka National Park and the valuable archaeological discoveries were the impetus for the establishment of a restoration workshop, whose primary task is to protect and preserve the entire cultural and historical heritage of the National Park.<\/p>","protected":false},"author":1,"featured_media":2401,"parent":150,"menu_order":7,"comment_status":"closed","ping_status":"closed","template":"page-5.php","meta":{"footnotes":""},"class_list":["post-2392","page","type-page","status-publish","has-post-thumbnail","hentry"],"_links":{"self":[{"href":"https:\/\/npkrka.hr\/en_us\/wp-json\/wp\/v2\/pages\/2392","targetHints":{"allow":["GET"]}}],"collection":[{"href":"https:\/\/npkrka.hr\/en_us\/wp-json\/wp\/v2\/pages"}],"about":[{"href":"https:\/\/npkrka.hr\/en_us\/wp-json\/wp\/v2\/types\/page"}],"author":[{"embeddable":true,"href":"https:\/\/npkrka.hr\/en_us\/wp-json\/wp\/v2\/users\/1"}],"replies":[{"embeddable":true,"href":"https:\/\/npkrka.hr\/en_us\/wp-json\/wp\/v2\/comments?post=2392"}],"version-history":[{"count":0,"href":"https:\/\/npkrka.hr\/en_us\/wp-json\/wp\/v2\/pages\/2392\/revisions"}],"up":[{"embeddable":true,"href":"https:\/\/npkrka.hr\/en_us\/wp-json\/wp\/v2\/pages\/150"}],"wp:featuredmedia":[{"embeddable":true,"href":"https:\/\/npkrka.hr\/en_us\/wp-json\/wp\/v2\/media\/2401"}],"wp:attachment":[{"href":"https:\/\/npkrka.hr\/en_us\/wp-json\/wp\/v2\/media?parent=2392"}],"curies":[{"name":"wp","href":"https:\/\/api.w.org\/{rel}","templated":true}]}}