{"id":2330,"date":"2022-07-26T13:57:19","date_gmt":"2022-07-26T11:57:19","guid":{"rendered":"https:\/\/www.npkrka.hr\/?page_id=2330"},"modified":"2022-07-26T13:57:44","modified_gmt":"2022-07-26T11:57:44","slug":"sklopovi-vodenica-na-roskom-slapu","status":"publish","type":"page","link":"https:\/\/npkrka.hr\/en_us\/kulturna-bastina\/etnografija\/sklopovi-vodenica-na-roskom-slapu\/","title":{"rendered":"The complex of watermills at Ro\u0161ki slap waterfall"},"content":{"rendered":"<p><strong>The watermill complex at Ro\u0161ki slap waterfall is one of the most interesting and valuable ethnographic monuments in Dalmatia and Croatia.<\/strong><\/p>\n<p>It is not known exactly when the first mills (watermills) appeared in the area of Ro\u0161ki slap waterfall. We do know that they existed in the area of the Krka and \u010cikola Rivers in the Roman period times, from a Roman inscription on a bronze plate originating from the area of ancient Promona, but actual remains of Roman mills on the Krka River have not yet been ss<\/p>\n<p>Medieval mills preceded the present-day ones. The written sources and information about the mills at Ro\u0161ki slap show almost no differences from those at Skradinski buk, which are often mentioned in historical sources.<\/p>\n<p>The mills at Ro\u0161ki slap were also owned by the Franciscans of Visovac. When the area of Ro\u0161ki slap fell under Ottoman Turkish rule at the beginning of the 16th century, the mills were taken over by the Turks because they were necessary for the supply of flour to their army. All of them, including that of Visovac, changed masters. They remained under Turkish rule until the end of the 17th century, when this area was conquered by the Venetian Republic.<\/p>\n<p>The operation of the watermills and other hydraulic devices at Ro\u0161ki slap was endangered by a hydroelectric power plant built in 1909 by the Coal Exploitation Company from Siveri\u0107. Today, the mills bear the names of both old and new owners (the Kulu\u0161i\u0107\/Marasovi\u0107 mill, the Samodol\/Skelin mill, the Jovi\u0107 mill, the \u0160ostera mill, friar\u2019s mill\u2026).<\/p>\n<div class=\"fotorama rounded-lg  shadow lblue-bg mt-5\" data-width=\"100%\" data-ratio=\"16\/10\"  data-nav=\"thumbs\" data-autoplay=\"true\" data-arrows=\"true\" data-transition=\"crossfade\"><img decoding=\"async\" src=\"https:\/\/npkrka.hr\/wp-content\/uploads\/Vodenice-na-Roskom-slapu-7.jpg\" width=\"100%\" \/><img decoding=\"async\" src=\"https:\/\/npkrka.hr\/wp-content\/uploads\/Vodenica-na-Roskom-slapu-kuhinja-4-scaled.jpg\" width=\"100%\" \/><img decoding=\"async\" src=\"https:\/\/npkrka.hr\/wp-content\/uploads\/Vodenice-na-Roskom-slapu-ispred-5.jpg\" width=\"100%\" \/><img decoding=\"async\" src=\"https:\/\/npkrka.hr\/wp-content\/uploads\/Vodenica-na-Roskom-slapu-kos-6.jpg\" width=\"100%\" \/><img decoding=\"async\" src=\"https:\/\/npkrka.hr\/wp-content\/uploads\/Vodenica-na-Roskom-slapu-pranje-sukna-2-scaled.jpg\" width=\"100%\" \/><img decoding=\"async\" src=\"https:\/\/npkrka.hr\/wp-content\/uploads\/Vodenica-na-Roskom-slapu-mlinsko-kolo-11-scaled.jpg\" width=\"100%\" \/><img decoding=\"async\" src=\"https:\/\/npkrka.hr\/wp-content\/uploads\/Vodenica-na-Roskom-slapu-10-scaled.jpg\" width=\"100%\" \/><img decoding=\"async\" src=\"https:\/\/npkrka.hr\/wp-content\/uploads\/Vodenica-na-Roskom-slapu-unutrasnjost-1-scaled.jpg\" width=\"100%\" \/><img decoding=\"async\" src=\"https:\/\/npkrka.hr\/wp-content\/uploads\/Vodenica-na-Roskom-slapu-mlin-9-scaled.jpg\" width=\"100%\" \/><img decoding=\"async\" src=\"https:\/\/npkrka.hr\/wp-content\/uploads\/Vodenica-na-Roskom-slapu-unutrasnjost-3-scaled.jpg\" width=\"100%\" \/><img decoding=\"async\" src=\"https:\/\/npkrka.hr\/wp-content\/uploads\/Vodenica-na-Roskom-slapu-unutrasnjost-8-scaled.jpg\" width=\"100%\" \/><\/div><p>&nbsp;<\/p>\n<p>\u00a0<\/p>","protected":false},"excerpt":{"rendered":"<p>The watermill complex at Ro\u0161ki slap waterfall is one of the most interesting and valuable ethnographic monuments in Dalmatia and Croatia. <\/p>","protected":false},"author":1,"featured_media":2331,"parent":189,"menu_order":1,"comment_status":"closed","ping_status":"closed","template":"","meta":{"footnotes":""},"class_list":["post-2330","page","type-page","status-publish","has-post-thumbnail","hentry"],"_links":{"self":[{"href":"https:\/\/npkrka.hr\/en_us\/wp-json\/wp\/v2\/pages\/2330","targetHints":{"allow":["GET"]}}],"collection":[{"href":"https:\/\/npkrka.hr\/en_us\/wp-json\/wp\/v2\/pages"}],"about":[{"href":"https:\/\/npkrka.hr\/en_us\/wp-json\/wp\/v2\/types\/page"}],"author":[{"embeddable":true,"href":"https:\/\/npkrka.hr\/en_us\/wp-json\/wp\/v2\/users\/1"}],"replies":[{"embeddable":true,"href":"https:\/\/npkrka.hr\/en_us\/wp-json\/wp\/v2\/comments?post=2330"}],"version-history":[{"count":0,"href":"https:\/\/npkrka.hr\/en_us\/wp-json\/wp\/v2\/pages\/2330\/revisions"}],"up":[{"embeddable":true,"href":"https:\/\/npkrka.hr\/en_us\/wp-json\/wp\/v2\/pages\/189"}],"wp:featuredmedia":[{"embeddable":true,"href":"https:\/\/npkrka.hr\/en_us\/wp-json\/wp\/v2\/media\/2331"}],"wp:attachment":[{"href":"https:\/\/npkrka.hr\/en_us\/wp-json\/wp\/v2\/media?parent=2330"}],"curies":[{"name":"wp","href":"https:\/\/api.w.org\/{rel}","templated":true}]}}