{"id":2253,"date":"2022-07-26T13:25:24","date_gmt":"2022-07-26T11:25:24","guid":{"rendered":"https:\/\/www.npkrka.hr\/?page_id=2253"},"modified":"2022-07-26T13:25:55","modified_gmt":"2022-07-26T11:25:55","slug":"rogovo","status":"publish","type":"page","link":"https:\/\/npkrka.hr\/en_us\/kulturna-bastina\/srednjovjekovne-utvrde\/rogovo\/","title":{"rendered":"Rogovo"},"content":{"rendered":"<p><strong>Above the picturesque Me\u0111u gredama canyon or \u201cBetween the cliffs\u201d, at the top of the horn from where a view sweeps over the blue water of the straits, the fortress of Rogovo stood guard, owned by the \u0160ubi\u0107 family (the Princes of Bribir).<\/strong><\/p>\n<p>The Rogovo (Rog = \u201cHorn\u201d) fortress was erected above the Me\u0111u gredama canyon, on the right bank of the Krka River, at the point where the river enters into Visovac Lake. Its remains are not visible today, but confirmation of its existence can be found in written sources, and on the map by Mate Pagan from the 16th century, where it was drawn, with the name Martinu\u0161i\u0107, opposite the fortress of Kami\u010dak. At the site of the former fortress, today there is a lookout point that marks the end of the Rogovo pedestrian path.<\/p>\n<p>In historical sources from the middle of the 14th century, it is mentioned as the possession of Prince Budislav Ugrini\u0107. His ownership of Rogovo and Visovac Island was confirmed twice by the Croatian Hungarian King Louis I, in 1345 and 1356. The nearby feature with waterfalls received the name Ro\u0161ki slap waterfall from this fortress.<\/p>\n<p>The fortress was in the possession of the Ugrini\u0107 family to 1522, when the entire area was conquered by the Ottomans. After it had lost its former strategic importance, it was never reconstructed.<\/p>\n<div class=\"fotorama rounded-lg  shadow lblue-bg mt-5\" data-width=\"100%\" data-ratio=\"16\/10\"  data-nav=\"thumbs\" data-autoplay=\"true\" data-arrows=\"true\" data-transition=\"crossfade\"><img decoding=\"async\" src=\"https:\/\/npkrka.hr\/wp-content\/uploads\/Rogovo-Visovac-jesen-6-scaled.jpg\" width=\"100%\" \/><img decoding=\"async\" src=\"https:\/\/npkrka.hr\/wp-content\/uploads\/Rogovo-vidikovac-4-scaled.jpg\" width=\"100%\" \/><img decoding=\"async\" src=\"https:\/\/npkrka.hr\/wp-content\/uploads\/Rogovo-Visovac-3-scaled.jpg\" width=\"100%\" \/><img decoding=\"async\" src=\"https:\/\/npkrka.hr\/wp-content\/uploads\/Rogovo-Roski-slap-kanjon-iz-zraka-7-scaled.jpg\" width=\"100%\" \/><img decoding=\"async\" src=\"https:\/\/npkrka.hr\/wp-content\/uploads\/Rogovo-kanjon-2-scaled.jpg\" width=\"100%\" \/><img decoding=\"async\" src=\"https:\/\/npkrka.hr\/wp-content\/uploads\/Rogovo-vidikovac-5-scaled.jpg\" width=\"100%\" \/><img decoding=\"async\" src=\"https:\/\/npkrka.hr\/wp-content\/uploads\/Rogovo-utvrda-1-scaled.jpg\" width=\"100%\" \/><\/div><p>&nbsp;<\/p>","protected":false},"excerpt":{"rendered":"<p>Above the picturesque Me\u0111u gredama canyon or \u201cBetween the cliffs\u201d, at the top of the horn from where a view sweeps over the blue water of the straits, the fortress of Rogovo stood guard, owned by the \u0160ubi\u0107 family (the Princes of Bribir).<\/p>","protected":false},"author":1,"featured_media":2259,"parent":182,"menu_order":6,"comment_status":"closed","ping_status":"closed","template":"","meta":{"footnotes":""},"class_list":["post-2253","page","type-page","status-publish","has-post-thumbnail","hentry"],"_links":{"self":[{"href":"https:\/\/npkrka.hr\/en_us\/wp-json\/wp\/v2\/pages\/2253","targetHints":{"allow":["GET"]}}],"collection":[{"href":"https:\/\/npkrka.hr\/en_us\/wp-json\/wp\/v2\/pages"}],"about":[{"href":"https:\/\/npkrka.hr\/en_us\/wp-json\/wp\/v2\/types\/page"}],"author":[{"embeddable":true,"href":"https:\/\/npkrka.hr\/en_us\/wp-json\/wp\/v2\/users\/1"}],"replies":[{"embeddable":true,"href":"https:\/\/npkrka.hr\/en_us\/wp-json\/wp\/v2\/comments?post=2253"}],"version-history":[{"count":0,"href":"https:\/\/npkrka.hr\/en_us\/wp-json\/wp\/v2\/pages\/2253\/revisions"}],"up":[{"embeddable":true,"href":"https:\/\/npkrka.hr\/en_us\/wp-json\/wp\/v2\/pages\/182"}],"wp:featuredmedia":[{"embeddable":true,"href":"https:\/\/npkrka.hr\/en_us\/wp-json\/wp\/v2\/media\/2259"}],"wp:attachment":[{"href":"https:\/\/npkrka.hr\/en_us\/wp-json\/wp\/v2\/media?parent=2253"}],"curies":[{"name":"wp","href":"https:\/\/api.w.org\/{rel}","templated":true}]}}