{"id":182,"date":"2022-06-15T10:14:42","date_gmt":"2022-06-15T08:14:42","guid":{"rendered":"https:\/\/www.npkrka.hr\/?page_id=182"},"modified":"2022-09-27T12:48:26","modified_gmt":"2022-09-27T10:48:26","slug":"srednjovjekovne-utvrde","status":"publish","type":"page","link":"https:\/\/npkrka.hr\/en_us\/kulturna-bastina\/srednjovjekovne-utvrde\/","title":{"rendered":"Medieval fortresses"},"content":{"rendered":"<p class=\"translation-block\">None of the four rivers in Dalmatia has such a number of castles or fortifications on its banks as does the Krka River along its entire course. Built on the tops of canyons, they blend in with the ambience, and represent an eternal memory of the battles of Croatian princes.<\/p>\n<p>From the source of the Krka River all the way to its mouth, medieval fortifications are located on the left and right sides of the canyon. Some of the fortresses were the nuclei for settlements. Together, the castles form a unique fortification system.<\/p>\n<p>The fortresses were constructed at the sites of settlements from earlier historical periods, at prehistoric hillforts, for instance, and from these carefully selected positions they have views of fertile fields or river crossings, while they served primarily for defence. They were owned by Croatian noble families, and the striking fortresses on the Krka and \u010cikola Rivers were erected to defend Oprominje, the former district of the once famous Knin County. The lords of the right bank of the Krka were the \u0160ubi\u0107 princes, while the lords of the left bank were the Nelipi\u0107 branch of the Sva\u010di\u0107 family.<\/p>\n<p>Although they long ago lost their primary meaning, they remain in the centre of attention, as new identities and purposes are sought for them.<\/p>","protected":false},"excerpt":{"rendered":"<p class=\"translation-block\">None of the four rivers in Dalmatia has such a number of castles or fortifications on its banks as does the Krka River along its entire course. Built on the tops of canyons, they blend in with the ambience, and represent an eternal memory of the battles of Croatian princes.<\/p>","protected":false},"author":1,"featured_media":2182,"parent":150,"menu_order":2,"comment_status":"closed","ping_status":"closed","template":"page-subpages.php","meta":{"footnotes":""},"class_list":["post-182","page","type-page","status-publish","has-post-thumbnail","hentry"],"_links":{"self":[{"href":"https:\/\/npkrka.hr\/en_us\/wp-json\/wp\/v2\/pages\/182","targetHints":{"allow":["GET"]}}],"collection":[{"href":"https:\/\/npkrka.hr\/en_us\/wp-json\/wp\/v2\/pages"}],"about":[{"href":"https:\/\/npkrka.hr\/en_us\/wp-json\/wp\/v2\/types\/page"}],"author":[{"embeddable":true,"href":"https:\/\/npkrka.hr\/en_us\/wp-json\/wp\/v2\/users\/1"}],"replies":[{"embeddable":true,"href":"https:\/\/npkrka.hr\/en_us\/wp-json\/wp\/v2\/comments?post=182"}],"version-history":[{"count":0,"href":"https:\/\/npkrka.hr\/en_us\/wp-json\/wp\/v2\/pages\/182\/revisions"}],"up":[{"embeddable":true,"href":"https:\/\/npkrka.hr\/en_us\/wp-json\/wp\/v2\/pages\/150"}],"wp:featuredmedia":[{"embeddable":true,"href":"https:\/\/npkrka.hr\/en_us\/wp-json\/wp\/v2\/media\/2182"}],"wp:attachment":[{"href":"https:\/\/npkrka.hr\/en_us\/wp-json\/wp\/v2\/media?parent=182"}],"curies":[{"name":"wp","href":"https:\/\/api.w.org\/{rel}","templated":true}]}}