{"id":1570,"date":"2022-07-15T11:08:14","date_gmt":"2022-07-15T09:08:14","guid":{"rendered":"https:\/\/www.npkrka.hr\/?page_id=1570"},"modified":"2022-09-27T08:23:10","modified_gmt":"2022-09-27T06:23:10","slug":"pjesacka-staza-lozovac-skradinski-buk","status":"publish","type":"page","link":"https:\/\/npkrka.hr\/en_us\/posjeti\/krka-hike\/pjesacka-staza-lozovac-skradinski-buk\/","title":{"rendered":"Lozovac \u2013 Skradinski buk trail"},"content":{"rendered":"<div class=\"elementor-element elementor-element-7d46fbc3 elementor-widget elementor-widget-text-editor\" data-id=\"7d46fbc3\" data-element_type=\"widget\" data-widget_type=\"text-editor.default\">\n<div class=\"elementor-widget-container\">\n<ul>\n<li>Lozovac parking area (free all day), entrance to the trail next to the main reception area<\/li>\n<li>Gravel trail from Lozovac descends at a steep slope towards the Krka River<\/li>\n<li>Return via the same route or by bus towards Lozovac<\/li>\n<\/ul>\n<\/div>\n<\/div>\n<div class=\"fotorama rounded-lg  shadow lblue-bg mt-5\" data-width=\"100%\" data-ratio=\"16\/10\"  data-nav=\"thumbs\" data-autoplay=\"true\" data-arrows=\"true\" data-transition=\"crossfade\"><img decoding=\"async\" src=\"https:\/\/npkrka.hr\/wp-content\/uploads\/2-staza-Lozovac-\u2013-Skradinski-buk-1.jpg\" width=\"100%\" \/><img decoding=\"async\" src=\"https:\/\/npkrka.hr\/wp-content\/uploads\/2-staza-Lozovac-\u2013-Skradinski-buk-3.jpg\" width=\"100%\" \/><\/div><p>&nbsp;<\/p>\n<div class=\"elementor-element elementor-element-4de4c90a elementor-widget elementor-widget-text-editor\" data-id=\"4de4c90a\" data-element_type=\"widget\" data-widget_type=\"text-editor.default\">\n<div class=\"elementor-widget-container\"><strong>A look at the moment when the \u010cikola falls into the Krka\u2019s embrace<\/strong><\/div>\n<\/div>\n<div class=\"elementor-element elementor-element-734d98ea elementor-widget elementor-widget-text-editor\" data-id=\"734d98ea\" data-element_type=\"widget\" data-widget_type=\"text-editor.default\">\n<div class=\"elementor-widget-container\">\n<p>From Lozovac, the main land entrance to Krka National Park, a forest trail runs all the way to Skradinski buk waterfall, the park\u2019s most famous waterfall. This is a short path for true nature lovers who prefer to walk in the fresh air, taking in the scent of pine trees and the nearby river, instead of taking the bus.<\/p>\n<p>The combined waters of the Krka River and its largest tributary, the \u010cikola River, falls over the 17 cascades of Skradinski buk waterfall. When the might travertine barriers of Skradinski buk waterfall were formed, the Krka formed a lake all the way to Visovac, and the mouth of the \u010cikola River was submerged. This created the picturesque and most unusual confluence in Croatia, recognisable for the open vistas and island formations covered in aquatic plants. The travertine barrier called Kali\u010dki busen, about 700 metres long and just 10 metres wide, separates the Krka from the mouth of the \u010cikola River, allowing us to see the exact moment when the \u010cikola, after winding through its narrow canyon, rushes into the wide embrace of the Krka, and has for thousands of years. This is a sight best seen from the Lozovac trail. The excursion boats transporting visitors to the lake-like sections of the river to Visovac Island sail around Kali\u010dki busen.\u00a0<a href=\"https:\/\/npkrka.hr\/en_us\/stranice\/visovac\/16\/hr.html\/\">Visovac.<\/a>.<\/p>\n<p>In viewing this tranquil site, the mute river banks and slow flowing water, it would be easy to think that this is the end of the river, and that all it needs to do is calmly run towards the \u0160ibenik Bay and its sea. But at this site, the Krka has created its most magnificent waterfall, collected all its power and force and sprayed the water into millions of droplets, dressed itself in the white foam, sung deep from the depths. Those who have walked down the Lozovac trail to see the beauty of its final waterfall can hear this, if they listen carefully.<\/p>\n<\/div>\n<\/div>","protected":false},"excerpt":{"rendered":"<p>A look at the moment when the \u010cikola falls into the Krka\u2019s embrace<\/p>","protected":false},"author":1,"featured_media":1573,"parent":1355,"menu_order":2,"comment_status":"closed","ping_status":"closed","template":"page-bike.php","meta":{"footnotes":""},"class_list":["post-1570","page","type-page","status-publish","has-post-thumbnail","hentry"],"_links":{"self":[{"href":"https:\/\/npkrka.hr\/en_us\/wp-json\/wp\/v2\/pages\/1570","targetHints":{"allow":["GET"]}}],"collection":[{"href":"https:\/\/npkrka.hr\/en_us\/wp-json\/wp\/v2\/pages"}],"about":[{"href":"https:\/\/npkrka.hr\/en_us\/wp-json\/wp\/v2\/types\/page"}],"author":[{"embeddable":true,"href":"https:\/\/npkrka.hr\/en_us\/wp-json\/wp\/v2\/users\/1"}],"replies":[{"embeddable":true,"href":"https:\/\/npkrka.hr\/en_us\/wp-json\/wp\/v2\/comments?post=1570"}],"version-history":[{"count":0,"href":"https:\/\/npkrka.hr\/en_us\/wp-json\/wp\/v2\/pages\/1570\/revisions"}],"up":[{"embeddable":true,"href":"https:\/\/npkrka.hr\/en_us\/wp-json\/wp\/v2\/pages\/1355"}],"wp:featuredmedia":[{"embeddable":true,"href":"https:\/\/npkrka.hr\/en_us\/wp-json\/wp\/v2\/media\/1573"}],"wp:attachment":[{"href":"https:\/\/npkrka.hr\/en_us\/wp-json\/wp\/v2\/media?parent=1570"}],"curies":[{"name":"wp","href":"https:\/\/api.w.org\/{rel}","templated":true}]}}