{"id":154,"date":"2022-06-15T10:06:49","date_gmt":"2022-06-15T08:06:49","guid":{"rendered":"https:\/\/www.npkrka.hr\/?page_id=154"},"modified":"2022-08-29T11:05:56","modified_gmt":"2022-08-29T09:05:56","slug":"slapovi","status":"publish","type":"page","link":"https:\/\/npkrka.hr\/en_us\/prirodna-bastina\/slapovi\/","title":{"rendered":"Tufa waterfalls"},"content":{"rendered":"<p>\u00a0<\/p>\r\n\r\n<p>\u00a0<\/p>","protected":false},"excerpt":{"rendered":"<p>Sa svojih sedam sedrenih slapi\u0161ta: Bilu\u0161i\u0107a bukom, Brljanom, Manojlova\u010dkim slapom, Ro\u0161njakom, Miljacka slapom, Ro\u0161kim slapom i Skradinskim bukom, rijeka Krka je prirodni i kr\u0161ki fenomen.<\/p>","protected":false},"author":1,"featured_media":1206,"parent":148,"menu_order":1,"comment_status":"closed","ping_status":"closed","template":"page-subpages.php","meta":{"footnotes":""},"class_list":["post-154","page","type-page","status-publish","has-post-thumbnail","hentry"],"_links":{"self":[{"href":"https:\/\/npkrka.hr\/en_us\/wp-json\/wp\/v2\/pages\/154","targetHints":{"allow":["GET"]}}],"collection":[{"href":"https:\/\/npkrka.hr\/en_us\/wp-json\/wp\/v2\/pages"}],"about":[{"href":"https:\/\/npkrka.hr\/en_us\/wp-json\/wp\/v2\/types\/page"}],"author":[{"embeddable":true,"href":"https:\/\/npkrka.hr\/en_us\/wp-json\/wp\/v2\/users\/1"}],"replies":[{"embeddable":true,"href":"https:\/\/npkrka.hr\/en_us\/wp-json\/wp\/v2\/comments?post=154"}],"version-history":[{"count":0,"href":"https:\/\/npkrka.hr\/en_us\/wp-json\/wp\/v2\/pages\/154\/revisions"}],"up":[{"embeddable":true,"href":"https:\/\/npkrka.hr\/en_us\/wp-json\/wp\/v2\/pages\/148"}],"wp:featuredmedia":[{"embeddable":true,"href":"https:\/\/npkrka.hr\/en_us\/wp-json\/wp\/v2\/media\/1206"}],"wp:attachment":[{"href":"https:\/\/npkrka.hr\/en_us\/wp-json\/wp\/v2\/media?parent=154"}],"curies":[{"name":"wp","href":"https:\/\/api.w.org\/{rel}","templated":true}]}}