{"id":15075,"date":"2026-04-07T14:29:28","date_gmt":"2026-04-07T12:29:28","guid":{"rendered":"https:\/\/npkrka.hr\/?page_id=15075"},"modified":"2026-04-08T09:39:57","modified_gmt":"2026-04-08T07:39:57","slug":"povjerljiva-osoba-za-zaprimanje-prijava-nepravilnosti","status":"publish","type":"page","link":"https:\/\/npkrka.hr\/en_us\/informacije\/povjerljiva-osoba-za-zaprimanje-prijava-nepravilnosti\/","title":{"rendered":"Irregularities officer"},"content":{"rendered":"<p>Irregularities officer: Anita Mata\u010di\u0107<\/p>\n<ul>\n<li class=\"translation-block\">by post: Trg Ivana Pavla II. br.5, 22000 \u0160ibenik, Croatia<\/li>\n<li class=\"translation-block\">by e-mail: anita.matacic@npk.hr<\/li>\n<li class=\"translation-block\">By telephone: +385 (0)22 201-777<\/li>\n<\/ul>","protected":false},"excerpt":{"rendered":"<p>Povjerljiva osoba za zaprimanje prijava nepravilnosti je Anita Mata\u010di\u0107. pisano:\u00a0Trg Ivana Pavla II. br.5, 22000 \u0160ibenik, Hrvatska elektroni\u010dkom po\u0161tom: anita.matacic@npk.hr usmeno: tel: +385 (0)22 201-777<\/p>","protected":false},"author":2,"featured_media":3835,"parent":142,"menu_order":0,"comment_status":"closed","ping_status":"closed","template":"","meta":{"footnotes":""},"class_list":["post-15075","page","type-page","status-publish","has-post-thumbnail","hentry"],"_links":{"self":[{"href":"https:\/\/npkrka.hr\/en_us\/wp-json\/wp\/v2\/pages\/15075","targetHints":{"allow":["GET"]}}],"collection":[{"href":"https:\/\/npkrka.hr\/en_us\/wp-json\/wp\/v2\/pages"}],"about":[{"href":"https:\/\/npkrka.hr\/en_us\/wp-json\/wp\/v2\/types\/page"}],"author":[{"embeddable":true,"href":"https:\/\/npkrka.hr\/en_us\/wp-json\/wp\/v2\/users\/2"}],"replies":[{"embeddable":true,"href":"https:\/\/npkrka.hr\/en_us\/wp-json\/wp\/v2\/comments?post=15075"}],"version-history":[{"count":3,"href":"https:\/\/npkrka.hr\/en_us\/wp-json\/wp\/v2\/pages\/15075\/revisions"}],"predecessor-version":[{"id":15082,"href":"https:\/\/npkrka.hr\/en_us\/wp-json\/wp\/v2\/pages\/15075\/revisions\/15082"}],"up":[{"embeddable":true,"href":"https:\/\/npkrka.hr\/en_us\/wp-json\/wp\/v2\/pages\/142"}],"wp:featuredmedia":[{"embeddable":true,"href":"https:\/\/npkrka.hr\/en_us\/wp-json\/wp\/v2\/media\/3835"}],"wp:attachment":[{"href":"https:\/\/npkrka.hr\/en_us\/wp-json\/wp\/v2\/media?parent=15075"}],"curies":[{"name":"wp","href":"https:\/\/api.w.org\/{rel}","templated":true}]}}